{"id":90,"date":"2013-08-11T19:06:15","date_gmt":"2013-08-11T19:06:15","guid":{"rendered":"http:\/\/localhost:8888\/test\/?page_id=520"},"modified":"2025-02-19T23:04:13","modified_gmt":"2025-02-19T22:04:13","slug":"about","status":"publish","type":"page","link":"https:\/\/mariellabgreen.com\/it\/about\/","title":{"rendered":"About"},"content":{"rendered":"\n  <div class=\"banner has-hover hide-for-medium has-parallax\" id=\"banner-238314082\">\n          <div class=\"banner-inner fill\">\n        <div class=\"banner-bg fill\" data-parallax=\"-3\" data-parallax-container=\".banner\" data-parallax-background>\n            <img decoding=\"async\" width=\"1920\" height=\"920\" src=\"https:\/\/mariellabgreen.com\/wp-content\/uploads\/2024\/12\/MariellaBGreen-Homepage-Images-About-min.jpg\" class=\"bg attachment-original size-original\" alt=\"\" \/>                                    \n                    <\/div>\n\t\t\n        <div class=\"banner-layers container\">\n            <div class=\"fill banner-link\"><\/div>            \n        <\/div>\n      <\/div>\n\n              <div class=\"height-fix is-invisible\"><img decoding=\"async\" width=\"1920\" height=\"920\" src=\"https:\/\/mariellabgreen.com\/wp-content\/uploads\/2024\/12\/MariellaBGreen-Homepage-Images-About-min.jpg\" class=\"attachment-original size-original\" alt=\"\" srcset=\"https:\/\/mariellabgreen.com\/wp-content\/uploads\/2024\/12\/MariellaBGreen-Homepage-Images-About-min.jpg 1920w, https:\/\/mariellabgreen.com\/wp-content\/uploads\/2024\/12\/MariellaBGreen-Homepage-Images-About-min-800x383.jpg 800w, https:\/\/mariellabgreen.com\/wp-content\/uploads\/2024\/12\/MariellaBGreen-Homepage-Images-About-min-1400x671.jpg 1400w, https:\/\/mariellabgreen.com\/wp-content\/uploads\/2024\/12\/MariellaBGreen-Homepage-Images-About-min-768x368.jpg 768w, https:\/\/mariellabgreen.com\/wp-content\/uploads\/2024\/12\/MariellaBGreen-Homepage-Images-About-min-1536x736.jpg 1536w, https:\/\/mariellabgreen.com\/wp-content\/uploads\/2024\/12\/MariellaBGreen-Homepage-Images-About-min-300x144.jpg 300w, https:\/\/mariellabgreen.com\/wp-content\/uploads\/2024\/12\/MariellaBGreen-Homepage-Images-About-min-600x288.jpg 600w\" sizes=\"(max-width: 1920px) 100vw, 1920px\" \/><\/div>\n              <\/div>\n\n\n\n  <div class=\"banner has-hover show-for-medium\" id=\"banner-585658865\">\n          <div class=\"banner-inner fill\">\n        <div class=\"banner-bg fill\" >\n            <img decoding=\"async\" width=\"1920\" height=\"920\" src=\"https:\/\/mariellabgreen.com\/wp-content\/uploads\/2024\/12\/MariellaBGreen-Homepage-Images-About-min.jpg\" class=\"bg attachment-original size-original\" alt=\"\" \/>                                    \n                    <\/div>\n\t\t\n        <div class=\"banner-layers container\">\n            <div class=\"fill banner-link\"><\/div>            \n        <\/div>\n      <\/div>\n\n              <div class=\"height-fix is-invisible\"><img decoding=\"async\" width=\"1920\" height=\"920\" src=\"https:\/\/mariellabgreen.com\/wp-content\/uploads\/2024\/12\/MariellaBGreen-Homepage-Images-About-min.jpg\" class=\"attachment-original size-original\" alt=\"\" srcset=\"https:\/\/mariellabgreen.com\/wp-content\/uploads\/2024\/12\/MariellaBGreen-Homepage-Images-About-min.jpg 1920w, https:\/\/mariellabgreen.com\/wp-content\/uploads\/2024\/12\/MariellaBGreen-Homepage-Images-About-min-800x383.jpg 800w, https:\/\/mariellabgreen.com\/wp-content\/uploads\/2024\/12\/MariellaBGreen-Homepage-Images-About-min-1400x671.jpg 1400w, https:\/\/mariellabgreen.com\/wp-content\/uploads\/2024\/12\/MariellaBGreen-Homepage-Images-About-min-768x368.jpg 768w, https:\/\/mariellabgreen.com\/wp-content\/uploads\/2024\/12\/MariellaBGreen-Homepage-Images-About-min-1536x736.jpg 1536w, https:\/\/mariellabgreen.com\/wp-content\/uploads\/2024\/12\/MariellaBGreen-Homepage-Images-About-min-300x144.jpg 300w, https:\/\/mariellabgreen.com\/wp-content\/uploads\/2024\/12\/MariellaBGreen-Homepage-Images-About-min-600x288.jpg 600w\" sizes=\"(max-width: 1920px) 100vw, 1920px\" \/><\/div>\n              <\/div>\n\n\n\n\t<section class=\"section mb\" id=\"section_874813401\">\n\t\t<div class=\"section-bg fill\" >\n\t\t\t\t\t\t\t\t\t\n\t\t\t\n\n\t\t<\/div>\n\n\t\t\n\n\t\t<div class=\"section-content relative\">\n\t\t\t\n<div class=\"row align-middle align-center\"  id=\"row-747774313\">\n\n\t<div id=\"col-1648845235\" class=\"col small-12 large-12\"  >\n\t\t\t\t<div class=\"col-inner text-center\"  >\n\t\t\t\n\t\t\t\n\t<div id=\"text-1810682170\" class=\"text\">\n\t\t\n<h5><span class=\"txt-160\">LA NOSTRA STORIA<\/span><\/h5>\n<p>Fondato nel 2022, Mariella B. Green \u00e8 un giovane marchio nato da un momento trasformativo nella vita della sua fondatrice. Celebra l&#8217;autenticit\u00e0 e d\u00e0 potere alle donne di abbracciare i propri corpi, ridefinendo la bellezza secondo i propri termini. Mariella progetta i suoi capi per accompagnare le trasformazioni naturali del corpo, offrendo stili che esaltano ogni forma e fase della vita. Con un impegno verso la sostenibilit\u00e0, il marchio utilizza materiali riciclati, come le reti da pesca recuperate, riflettendo la sua dedizione all&#8217;ambiente e alla qualit\u00e0 artigianale.<\/p>\n<p>Mariella B. Green \u00e8 pi\u00f9 di una semplice moda; \u00e8 un movimento. Il marchio investe nelle comunit\u00e0 locali, supporta le donne e celebra il cambiamento. Ogni punto racconta una storia di bellezza inclusiva, dove la qualit\u00e0 trionfa sulla quantit\u00e0. Mariella crede che anche pochi centimetri di tessuto possano fare una differenza significativa, modellando un futuro in cui la bellezza \u00e8 celebrata in tutte le sue forme diverse.<\/p>\n<p>Nonostante i suoi inizi recenti, Mariella B. Green ha raggiunto una rapida crescita ed \u00e8 ora venduto in paesi come Italia, Grecia, Spagna, Dubai e Regno Unito. \u00c8 stato anche presentato in riviste prestigiose come Vogue, Elle e Harper\u2019s Bazaar, continuando la sua missione di creare costumi da bagno e accessori versatili e sostenibili per ogni stagione.<\/p>\n\t\t\n<style>\n#text-1810682170 {\n  text-align: center;\n}\n<\/style>\n\t<\/div>\n\t\n\t\t<\/div>\n\t\t\t\t\n<style>\n#col-1648845235 > .col-inner {\n  padding: 45px 0px 0px 0px;\n}\n<\/style>\n\t<\/div>\n\n\t\n<\/div>\n\t\t<\/div>\n\n\t\t\n<style>\n#section_874813401 {\n  padding-top: 0px;\n  padding-bottom: 0px;\n}\n<\/style>\n\t<\/section>\n\t\n","protected":false},"excerpt":{"rendered":"","protected":false},"author":1,"featured_media":1465,"parent":0,"menu_order":0,"comment_status":"closed","ping_status":"closed","template":"page-blank.php","meta":{"footnotes":""},"class_list":["post-90","page","type-page","status-publish","has-post-thumbnail","hentry"],"yoast_head":"<!-- This site is optimized with the Yoast SEO plugin v27.3 - https:\/\/yoast.com\/product\/yoast-seo-wordpress\/ -->\n<title>About | Mariella B.Green<\/title>\n<meta name=\"description\" content=\"Questa \u00e8 la storia di una sfida professionale fatta di amore per il mare ed impegno sociale.Il brand Mariella B. Green nasce da un momento di svolta nella vita della sua founder in risposta a un bisogno di cambiamento, di trasformazione e di valorizzazione.\" \/>\n<meta name=\"robots\" content=\"index, follow, max-snippet:-1, max-image-preview:large, max-video-preview:-1\" \/>\n<link rel=\"canonical\" href=\"https:\/\/mariellabgreen.com\/it\/about\/\" \/>\n<meta property=\"og:locale\" content=\"it_IT\" \/>\n<meta property=\"og:type\" content=\"article\" \/>\n<meta property=\"og:title\" content=\"About | Mariella B.Green\" \/>\n<meta property=\"og:description\" content=\"Questa \u00e8 la storia di una sfida professionale fatta di amore per il mare ed impegno sociale.Il brand Mariella B. Green nasce da un momento di svolta nella vita della sua founder in risposta a un bisogno di cambiamento, di trasformazione e di valorizzazione.\" \/>\n<meta property=\"og:url\" content=\"https:\/\/mariellabgreen.com\/it\/about\/\" \/>\n<meta property=\"og:site_name\" content=\"Mariella B.Green\" \/>\n<meta property=\"article:modified_time\" content=\"2025-02-19T22:04:13+00:00\" \/>\n<meta property=\"og:image\" content=\"https:\/\/mariellabgreen.com\/wp-content\/uploads\/2023\/03\/img-mariella.jpg\" \/>\n\t<meta property=\"og:image:width\" content=\"1600\" \/>\n\t<meta property=\"og:image:height\" content=\"700\" \/>\n\t<meta property=\"og:image:type\" content=\"image\/jpeg\" \/>\n<meta name=\"twitter:card\" content=\"summary_large_image\" \/>\n<meta name=\"twitter:label1\" content=\"Tempo di lettura stimato\" \/>\n\t<meta name=\"twitter:data1\" content=\"7 minuti\" \/>\n<script type=\"application\/ld+json\" class=\"yoast-schema-graph\">{\"@context\":\"https:\\\/\\\/schema.org\",\"@graph\":[{\"@type\":\"WebPage\",\"@id\":\"https:\\\/\\\/mariellabgreen.com\\\/it\\\/about\\\/\",\"url\":\"https:\\\/\\\/mariellabgreen.com\\\/it\\\/about\\\/\",\"name\":\"About | Mariella B.Green\",\"isPartOf\":{\"@id\":\"https:\\\/\\\/mariellabgreen.com\\\/it\\\/#website\"},\"primaryImageOfPage\":{\"@id\":\"https:\\\/\\\/mariellabgreen.com\\\/it\\\/about\\\/#primaryimage\"},\"image\":{\"@id\":\"https:\\\/\\\/mariellabgreen.com\\\/it\\\/about\\\/#primaryimage\"},\"thumbnailUrl\":\"https:\\\/\\\/mariellabgreen.com\\\/wp-content\\\/uploads\\\/2023\\\/03\\\/img-mariella.jpg\",\"datePublished\":\"2013-08-11T19:06:15+00:00\",\"dateModified\":\"2025-02-19T22:04:13+00:00\",\"description\":\"Questa \u00e8 la storia di una sfida professionale fatta di amore per il mare ed impegno sociale.Il brand Mariella B. Green nasce da un momento di svolta nella vita della sua founder in risposta a un bisogno di cambiamento, di trasformazione e di valorizzazione.\",\"breadcrumb\":{\"@id\":\"https:\\\/\\\/mariellabgreen.com\\\/it\\\/about\\\/#breadcrumb\"},\"inLanguage\":\"it-IT\",\"potentialAction\":[{\"@type\":\"ReadAction\",\"target\":[\"https:\\\/\\\/mariellabgreen.com\\\/it\\\/about\\\/\"]}]},{\"@type\":\"ImageObject\",\"inLanguage\":\"it-IT\",\"@id\":\"https:\\\/\\\/mariellabgreen.com\\\/it\\\/about\\\/#primaryimage\",\"url\":\"https:\\\/\\\/mariellabgreen.com\\\/wp-content\\\/uploads\\\/2023\\\/03\\\/img-mariella.jpg\",\"contentUrl\":\"https:\\\/\\\/mariellabgreen.com\\\/wp-content\\\/uploads\\\/2023\\\/03\\\/img-mariella.jpg\",\"width\":1600,\"height\":700,\"caption\":\"Mariella B.GREEN\"},{\"@type\":\"BreadcrumbList\",\"@id\":\"https:\\\/\\\/mariellabgreen.com\\\/it\\\/about\\\/#breadcrumb\",\"itemListElement\":[{\"@type\":\"ListItem\",\"position\":1,\"name\":\"Home\",\"item\":\"https:\\\/\\\/mariellabgreen.com\\\/it\\\/\"},{\"@type\":\"ListItem\",\"position\":2,\"name\":\"About\"}]},{\"@type\":\"WebSite\",\"@id\":\"https:\\\/\\\/mariellabgreen.com\\\/it\\\/#website\",\"url\":\"https:\\\/\\\/mariellabgreen.com\\\/it\\\/\",\"name\":\"Mariella B.Green\",\"description\":\"Swimwear\",\"publisher\":{\"@id\":\"https:\\\/\\\/mariellabgreen.com\\\/it\\\/#organization\"},\"potentialAction\":[{\"@type\":\"SearchAction\",\"target\":{\"@type\":\"EntryPoint\",\"urlTemplate\":\"https:\\\/\\\/mariellabgreen.com\\\/it\\\/?s={search_term_string}\"},\"query-input\":{\"@type\":\"PropertyValueSpecification\",\"valueRequired\":true,\"valueName\":\"search_term_string\"}}],\"inLanguage\":\"it-IT\"},{\"@type\":\"Organization\",\"@id\":\"https:\\\/\\\/mariellabgreen.com\\\/it\\\/#organization\",\"name\":\"Mariella B.Green\",\"url\":\"https:\\\/\\\/mariellabgreen.com\\\/it\\\/\",\"logo\":{\"@type\":\"ImageObject\",\"inLanguage\":\"it-IT\",\"@id\":\"https:\\\/\\\/mariellabgreen.com\\\/it\\\/#\\\/schema\\\/logo\\\/image\\\/\",\"url\":\"https:\\\/\\\/mariellabgreen.com\\\/wp-content\\\/uploads\\\/2023\\\/04\\\/logo-mariella-bgreen-square.jpg\",\"contentUrl\":\"https:\\\/\\\/mariellabgreen.com\\\/wp-content\\\/uploads\\\/2023\\\/04\\\/logo-mariella-bgreen-square.jpg\",\"width\":441,\"height\":441,\"caption\":\"Mariella B.Green\"},\"image\":{\"@id\":\"https:\\\/\\\/mariellabgreen.com\\\/it\\\/#\\\/schema\\\/logo\\\/image\\\/\"}}]}<\/script>\n<!-- \/ Yoast SEO plugin. -->","yoast_head_json":{"title":"About | Mariella B.Green","description":"Questa \u00e8 la storia di una sfida professionale fatta di amore per il mare ed impegno sociale.Il brand Mariella B. Green nasce da un momento di svolta nella vita della sua founder in risposta a un bisogno di cambiamento, di trasformazione e di valorizzazione.","robots":{"index":"index","follow":"follow","max-snippet":"max-snippet:-1","max-image-preview":"max-image-preview:large","max-video-preview":"max-video-preview:-1"},"canonical":"https:\/\/mariellabgreen.com\/it\/about\/","og_locale":"it_IT","og_type":"article","og_title":"About | Mariella B.Green","og_description":"Questa \u00e8 la storia di una sfida professionale fatta di amore per il mare ed impegno sociale.Il brand Mariella B. Green nasce da un momento di svolta nella vita della sua founder in risposta a un bisogno di cambiamento, di trasformazione e di valorizzazione.","og_url":"https:\/\/mariellabgreen.com\/it\/about\/","og_site_name":"Mariella B.Green","article_modified_time":"2025-02-19T22:04:13+00:00","og_image":[{"width":1600,"height":700,"url":"https:\/\/mariellabgreen.com\/wp-content\/uploads\/2023\/03\/img-mariella.jpg","type":"image\/jpeg"}],"twitter_card":"summary_large_image","twitter_misc":{"Tempo di lettura stimato":"7 minuti"},"schema":{"@context":"https:\/\/schema.org","@graph":[{"@type":"WebPage","@id":"https:\/\/mariellabgreen.com\/it\/about\/","url":"https:\/\/mariellabgreen.com\/it\/about\/","name":"About | Mariella B.Green","isPartOf":{"@id":"https:\/\/mariellabgreen.com\/it\/#website"},"primaryImageOfPage":{"@id":"https:\/\/mariellabgreen.com\/it\/about\/#primaryimage"},"image":{"@id":"https:\/\/mariellabgreen.com\/it\/about\/#primaryimage"},"thumbnailUrl":"https:\/\/mariellabgreen.com\/wp-content\/uploads\/2023\/03\/img-mariella.jpg","datePublished":"2013-08-11T19:06:15+00:00","dateModified":"2025-02-19T22:04:13+00:00","description":"Questa \u00e8 la storia di una sfida professionale fatta di amore per il mare ed impegno sociale.Il brand Mariella B. Green nasce da un momento di svolta nella vita della sua founder in risposta a un bisogno di cambiamento, di trasformazione e di valorizzazione.","breadcrumb":{"@id":"https:\/\/mariellabgreen.com\/it\/about\/#breadcrumb"},"inLanguage":"it-IT","potentialAction":[{"@type":"ReadAction","target":["https:\/\/mariellabgreen.com\/it\/about\/"]}]},{"@type":"ImageObject","inLanguage":"it-IT","@id":"https:\/\/mariellabgreen.com\/it\/about\/#primaryimage","url":"https:\/\/mariellabgreen.com\/wp-content\/uploads\/2023\/03\/img-mariella.jpg","contentUrl":"https:\/\/mariellabgreen.com\/wp-content\/uploads\/2023\/03\/img-mariella.jpg","width":1600,"height":700,"caption":"Mariella B.GREEN"},{"@type":"BreadcrumbList","@id":"https:\/\/mariellabgreen.com\/it\/about\/#breadcrumb","itemListElement":[{"@type":"ListItem","position":1,"name":"Home","item":"https:\/\/mariellabgreen.com\/it\/"},{"@type":"ListItem","position":2,"name":"About"}]},{"@type":"WebSite","@id":"https:\/\/mariellabgreen.com\/it\/#website","url":"https:\/\/mariellabgreen.com\/it\/","name":"Mariella B.Green","description":"Swimwear","publisher":{"@id":"https:\/\/mariellabgreen.com\/it\/#organization"},"potentialAction":[{"@type":"SearchAction","target":{"@type":"EntryPoint","urlTemplate":"https:\/\/mariellabgreen.com\/it\/?s={search_term_string}"},"query-input":{"@type":"PropertyValueSpecification","valueRequired":true,"valueName":"search_term_string"}}],"inLanguage":"it-IT"},{"@type":"Organization","@id":"https:\/\/mariellabgreen.com\/it\/#organization","name":"Mariella B.Green","url":"https:\/\/mariellabgreen.com\/it\/","logo":{"@type":"ImageObject","inLanguage":"it-IT","@id":"https:\/\/mariellabgreen.com\/it\/#\/schema\/logo\/image\/","url":"https:\/\/mariellabgreen.com\/wp-content\/uploads\/2023\/04\/logo-mariella-bgreen-square.jpg","contentUrl":"https:\/\/mariellabgreen.com\/wp-content\/uploads\/2023\/04\/logo-mariella-bgreen-square.jpg","width":441,"height":441,"caption":"Mariella B.Green"},"image":{"@id":"https:\/\/mariellabgreen.com\/it\/#\/schema\/logo\/image\/"}}]}},"_links":{"self":[{"href":"https:\/\/mariellabgreen.com\/it\/wp-json\/wp\/v2\/pages\/90","targetHints":{"allow":["GET"]}}],"collection":[{"href":"https:\/\/mariellabgreen.com\/it\/wp-json\/wp\/v2\/pages"}],"about":[{"href":"https:\/\/mariellabgreen.com\/it\/wp-json\/wp\/v2\/types\/page"}],"author":[{"embeddable":true,"href":"https:\/\/mariellabgreen.com\/it\/wp-json\/wp\/v2\/users\/1"}],"replies":[{"embeddable":true,"href":"https:\/\/mariellabgreen.com\/it\/wp-json\/wp\/v2\/comments?post=90"}],"version-history":[{"count":89,"href":"https:\/\/mariellabgreen.com\/it\/wp-json\/wp\/v2\/pages\/90\/revisions"}],"predecessor-version":[{"id":4131,"href":"https:\/\/mariellabgreen.com\/it\/wp-json\/wp\/v2\/pages\/90\/revisions\/4131"}],"wp:featuredmedia":[{"embeddable":true,"href":"https:\/\/mariellabgreen.com\/it\/wp-json\/wp\/v2\/media\/1465"}],"wp:attachment":[{"href":"https:\/\/mariellabgreen.com\/it\/wp-json\/wp\/v2\/media?parent=90"}],"curies":[{"name":"wp","href":"https:\/\/api.w.org\/{rel}","templated":true}]}}