{"id":4150,"date":"2025-02-19T00:32:31","date_gmt":"2025-02-18T23:32:31","guid":{"rendered":"https:\/\/mariellabgreen.com\/sustainability\/"},"modified":"2025-02-20T00:37:57","modified_gmt":"2025-02-19T23:37:57","slug":"sostenibilita","status":"publish","type":"page","link":"https:\/\/mariellabgreen.com\/it\/sostenibilita\/","title":{"rendered":"Sostenibilit\u00e0"},"content":{"rendered":"\n\t<section class=\"section\" id=\"section_1175007318\">\n\t\t<div class=\"section-bg fill\" >\n\t\t\t\t\t\t\t\t\t<div class=\"section-bg-overlay absolute fill\"><\/div>\n\t\t\t\n\n\t\t<\/div>\n\n\t\t\n\n\t\t<div class=\"section-content relative\">\n\t\t\t\n<div class=\"row row-collapse row-full-width align-middle mb\"  id=\"row-340954813\">\n\n\t<div id=\"col-1884774171\" class=\"col bg-sus medium-6 small-12 large-6\"  >\n\t\t\t\t<div class=\"col-inner\"  >\n\t\t\t\n\t\t\t\n\t\t<\/div>\n\t\t\t\t\t<\/div>\n\n\t\n\n\t<div id=\"col-1684376254\" class=\"col colpad medium-6 small-12 large-6\"  >\n\t\t\t\t<div class=\"col-inner text-center\"  >\n\t\t\t\n\t\t\t\n\t<div id=\"text-4205130135\" class=\"text\">\n\t\t\n<p style=\"text-align: left;\">Da Mariella B. Green, creiamo costumi da bagno che uniscono eleganza e rispetto per il pianeta. Tutti i nostri modelli sono realizzati con ECONYL<sup>\u00ae<\/sup>, un nylon rigenerato ottenuto da materiali riciclati, inclusa la plastica recuperata dagli oceani.<\/p>\n<p style=\"text-align: left;\"><strong>ECONYL<sup>\u00ae<\/sup> \u2013 Trasformare i rifiuti in eleganza<\/strong><\/p>\n<p>ECONYL<sup>\u00ae<\/sup> non \u00e8 solo un tessuto, ma un simbolo di sostenibilit\u00e0. Realizzato con reti da pesca dismesse, detriti oceanici e scarti industriali, trasforma inquinanti in filati di alta qualit\u00e0 per i nostri costumi da bagno. Scegliendo ECONYL<sup>\u00ae<\/sup>, contribuiamo a mari pi\u00f9 puliti e ad un ambiente pi\u00f9 sano.<\/p>\n<p style=\"text-align: left;\"><strong>Perch\u00e9 scegliamo ECONYL<sup>\u00ae<\/sup><\/strong><\/p>\n<p><strong>Ripristino degli oceani<\/strong> \u2013 Ogni capo ECONYL<sup>\u00ae<\/sup> aiuta a ripulire i mari, trasformando i rifiuti in costumi da bagno di qualit\u00e0.<br \/><strong>Innovazione sostenibile<\/strong> \u2013 ECONYL<sup>\u00ae<\/sup> riutilizza materiali esistenti, riducendo l\u2019impronta di carbonio e risparmiando energia.<br \/><strong>Qualit\u00e0 senza compromessi<\/strong> \u2013 ECONYL<sup>\u00ae<\/sup> supera il nylon tradizionale, offrendo capi resistenti ed elastici, perfetti per durare stagione dopo stagione.<\/p>\n<p style=\"text-align: left;\"><strong>Dai rifiuti a costumi da bagno senza tempo<\/strong><\/p>\n<p style=\"text-align: left;\">Da Mariella B. Green, crediamo in una moda che coniuga stile e responsabilit\u00e0. Incorporare ECONYL<sup>\u00ae<\/sup> significa abbracciare un futuro circolare, dove eleganza e sostenibilit\u00e0 vanno di pari passo. Insieme, possiamo fare la differenza\u2014proteggendo gli oceani, il pianeta e le generazioni future.<\/p>\n\t\t\n<style>\n#text-4205130135 {\n  text-align: left;\n}\n<\/style>\n\t<\/div>\n\t\n\t\t<\/div>\n\t\t\t\t\t<\/div>\n\n\t\n<\/div>\n\t\t<\/div>\n\n\t\t\n<style>\n#section_1175007318 {\n  padding-top: 0px;\n  padding-bottom: 0px;\n  background-color: rgb(247, 247, 247);\n}\n#section_1175007318 .section-bg-overlay {\n  background-color: rgba(255, 255, 255, 0.85);\n}\n<\/style>\n\t<\/section>\n\t\n\t<div id=\"gap-1565198167\" class=\"gap-element clearfix\" style=\"display:block; height:auto;\">\n\t\t\n<style>\n#gap-1565198167 {\n  padding-top: 30px;\n}\n<\/style>\n\t<\/div>\n\t\n\n\t<section class=\"section\" id=\"section_783702847\">\n\t\t<div class=\"section-bg fill\" >\n\t\t\t\t\t\t\t\t\t\n\t\t\t\n\n\t\t<\/div>\n\n\t\t\n\n\t\t<div class=\"section-content relative\">\n\t\t\t\n<div class=\"row\"  id=\"row-1448953851\">\n\n\t<div id=\"col-411027486\" class=\"col small-12 large-12\"  >\n\t\t\t\t<div class=\"col-inner\"  >\n\t\t\t\n\t\t\t\n\t<div id=\"text-200156237\" class=\"text txt-bianco\">\n\t\t\n<h5><span class=\"txt-160\">MAGGIORE DURATA, MINORE IMPATTO AMBIENTALE<\/span><\/h5>\n<p>Niente fast fashion: i nostri costumi sono progettati per accompagnarti negli anni, con un design senza tempo e un tessuto resistente. La fibra tessile ECONYL<sup>\u00ae<\/sup> resiste a cloro, creme e oli solari, garantendo una durata superiore rispetto ai tessuti tradizionali.<\/p>\n\t\t\n<style>\n#text-200156237 {\n  text-align: center;\n  color: rgb(255, 255, 255);\n}\n#text-200156237 > * {\n  color: rgb(255, 255, 255);\n}\n<\/style>\n\t<\/div>\n\t\n\t\t<\/div>\n\t\t\t\t\n<style>\n#col-411027486 > .col-inner {\n  padding: 0px 30px 0px 30px;\n}\n<\/style>\n\t<\/div>\n\n\t\n\n<style>\n#row-1448953851 > .col > .col-inner {\n  padding: 45px 0px 0px 0px;\n}\n<\/style>\n<\/div>\n\t\t<\/div>\n\n\t\t\n<style>\n#section_783702847 {\n  padding-top: 0px;\n  padding-bottom: 0px;\n  background-color: rgb(10, 140, 100);\n}\n<\/style>\n\t<\/section>\n\t\n\t<div id=\"gap-1496531741\" class=\"gap-element clearfix\" style=\"display:block; height:auto;\">\n\t\t\n<style>\n#gap-1496531741 {\n  padding-top: 30px;\n}\n<\/style>\n\t<\/div>\n\t\n\n\t<section class=\"section\" id=\"section_1406945745\">\n\t\t<div class=\"section-bg fill\" >\n\t\t\t\t\t\t\t\t\t<div class=\"section-bg-overlay absolute fill\"><\/div>\n\t\t\t\n\n\t\t<\/div>\n\n\t\t\n\n\t\t<div class=\"section-content relative\">\n\t\t\t\n<div class=\"row row-collapse row-full-width align-middle mb\"  id=\"row-400382292\">\n\n\t<div id=\"col-833347459\" class=\"col bg-pack medium-6 small-12 large-6\"  >\n\t\t\t\t<div class=\"col-inner\"  >\n\t\t\t\n\t\t\t\n\t\t<\/div>\n\t\t\t\t\t<\/div>\n\n\t\n\n\t<div id=\"col-520900697\" class=\"col colpad medium-6 small-12 large-6\"  >\n\t\t\t\t<div class=\"col-inner text-center\"  >\n\t\t\t\n\t\t\t\n\t<div id=\"text-1756602195\" class=\"text\">\n\t\t\n<h2 style=\"text-align: left;\"><strong>IMBALLAGGIO E SPEDIZIONE SOSTENIBILI<\/strong><\/h2>\n<p style=\"text-align: left;\">Il nostro impegno per la sostenibilit\u00e0 va oltre la produzione: curiamo ogni fase, dall\u2019imballaggio alla spedizione.<\/p>\n<p style=\"text-align: left;\">Il nostro packaging elegante \u00e8 realizzato nello stesso tessuto dei costumi, offrendo una pouch igienica e riutilizzabile per portare un cambio o riporre il costume bagnato. Il leaflet informativo, stampato su carta 100% riciclata, illustra le caratteristiche del prodotto e le istruzioni di cura.<\/p>\n<p style=\"text-align: left;\">Per la spedizione utilizziamo un packaging in cartone resistente e completamente riciclabile, proteggendo sia il prodotto che l\u2019ambiente. Inoltre, ottimizziamo il trasporto e compensiamo le emissioni delle consegne per ridurre ulteriormente l\u2019impatto ambientale.<\/p>\n<p style=\"text-align: left;\">La sostenibilit\u00e0 \u00e8 al centro di ogni dettaglio.<\/p>\n\t\t\n<style>\n#text-1756602195 {\n  text-align: left;\n}\n<\/style>\n\t<\/div>\n\t\n\t\t<\/div>\n\t\t\t\t\t<\/div>\n\n\t\n<\/div>\n\t\t<\/div>\n\n\t\t\n<style>\n#section_1406945745 {\n  padding-top: 0px;\n  padding-bottom: 0px;\n  background-color: rgb(247, 247, 247);\n}\n#section_1406945745 .section-bg-overlay {\n  background-color: rgba(255, 255, 255, 0.85);\n}\n<\/style>\n\t<\/section>\n\t\n\t<div id=\"gap-1116704753\" class=\"gap-element clearfix\" style=\"display:block; height:auto;\">\n\t\t\n<style>\n#gap-1116704753 {\n  padding-top: 30px;\n}\n<\/style>\n\t<\/div>\n\t\n\n\t<section class=\"section\" id=\"section_1106438521\">\n\t\t<div class=\"section-bg fill\" >\n\t\t\t\t\t\t\t\t\t\n\t\t\t\n\n\t\t<\/div>\n\n\t\t\n\n\t\t<div class=\"section-content relative\">\n\t\t\t\n<div class=\"row\"  id=\"row-737286428\">\n\n\t<div id=\"col-539014921\" class=\"col small-12 large-12\"  >\n\t\t\t\t<div class=\"col-inner\"  >\n\t\t\t\n\t\t\t\n\t<div id=\"text-3192514240\" class=\"text txt-bianco\">\n\t\t\n<h5><span class=\"txt-160\">PRODUZIONE RESPONSABILE PER L\u2019AMBIENTE<\/span><\/h5>\n<p>Lontano dalla logica della produzione di massa, il nostro stabilimento a conduzione femminile d\u00e0 priorit\u00e0 sia alla qualit\u00e0 che alla sostenibilit\u00e0. In ogni fase riduciamo al minimo gli sprechi, non utilizziamo acqua e ricicliamo i rifiuti di plastica e carta.<\/p>\n\t\t\n<style>\n#text-3192514240 {\n  text-align: center;\n  color: rgb(255, 255, 255);\n}\n#text-3192514240 > * {\n  color: rgb(255, 255, 255);\n}\n<\/style>\n\t<\/div>\n\t\n\t\t<\/div>\n\t\t\t\t\n<style>\n#col-539014921 > .col-inner {\n  padding: 0px 30px 0px 30px;\n}\n<\/style>\n\t<\/div>\n\n\t\n\n<style>\n#row-737286428 > .col > .col-inner {\n  padding: 45px 0px 0px 0px;\n}\n<\/style>\n<\/div>\n\t\t<\/div>\n\n\t\t\n<style>\n#section_1106438521 {\n  padding-top: 0px;\n  padding-bottom: 0px;\n  background-color: rgb(10, 140, 100);\n}\n<\/style>\n\t<\/section>\n\t\n\t<div id=\"gap-149312649\" class=\"gap-element clearfix\" style=\"display:block; height:auto;\">\n\t\t\n<style>\n#gap-149312649 {\n  padding-top: 30px;\n}\n<\/style>\n\t<\/div>\n\t\n\n\t<section class=\"section clean\" id=\"section_379567600\">\n\t\t<div class=\"section-bg fill\" >\n\t\t\t\t\t\t\t\t\t\n\t\t\t\n\n\t\t<\/div>\n\n\t\t\n\n\t\t<div class=\"section-content relative\">\n\t\t\t\n<div class=\"row row-collapse row-full-width align-middle\"  id=\"row-446614972\">\n\n\t<div id=\"col-1454136618\" class=\"col colpad cent medium-6 small-12 large-6\"  >\n\t\t\t\t<div class=\"col-inner text-center\"  >\n\t\t\t\n\t\t\t\n\t<div id=\"text-1655412990\" class=\"text txt-bianco\">\n\t\t\n<h4><span class=\"txt-130\">UN IMPEGNO CONCRETO PER LA PULIZIA DEGLI OCEANI<\/span><\/h4>\n<p>Con ogni acquisto, sostieni The Ocean Cleanup, un\u2019organizzazione no-profit che sviluppa tecnologie innovative per rimuovere la plastica dagli oceani. Mariella B. Green dona con orgoglio l\u20191% delle vendite per sostenere questa missione essenziale.<\/p>\n\t\t\n<style>\n#text-1655412990 {\n  text-align: left;\n}\n<\/style>\n\t<\/div>\n\t\n\t\t<\/div>\n\t\t\t\t\t<\/div>\n\n\t\n\n\t<div id=\"col-2010742738\" class=\"col bg-aiuto medium-6 small-12 large-6\"  >\n\t\t\t\t<div class=\"col-inner\"  >\n\t\t\t\n\t\t\t\n\t\t<\/div>\n\t\t\t\t\t<\/div>\n\n\t\n<\/div>\n\t\t<\/div>\n\n\t\t\n<style>\n#section_379567600 {\n  padding-top: 0px;\n  padding-bottom: 0px;\n  background-color: rgb(51, 189, 236);\n}\n<\/style>\n\t<\/section>\n\t\n\t<div id=\"gap-2128515031\" class=\"gap-element clearfix\" style=\"display:block; height:auto;\">\n\t\t\n<style>\n#gap-2128515031 {\n  padding-top: 30px;\n}\n<\/style>\n\t<\/div>\n\t\n","protected":false},"excerpt":{"rendered":"","protected":false},"author":1,"featured_media":1415,"parent":0,"menu_order":0,"comment_status":"closed","ping_status":"closed","template":"page-blank.php","meta":{"footnotes":""},"class_list":["post-4150","page","type-page","status-publish","has-post-thumbnail","hentry"],"yoast_head":"<!-- This site is optimized with the Yoast SEO plugin v27.3 - https:\/\/yoast.com\/product\/yoast-seo-wordpress\/ -->\n<title>Sostenibilit\u00e0 | Mariella B.Green<\/title>\n<meta name=\"description\" content=\"Plastic recovered from the oceans is reborn and dives back thanks to Mariella B Green swimwear. The fabric of all our garments is made from Econyl\u00ae thread, a high quality nylon produced in Italy.\" \/>\n<meta name=\"robots\" content=\"index, follow, max-snippet:-1, max-image-preview:large, max-video-preview:-1\" \/>\n<link rel=\"canonical\" href=\"https:\/\/mariellabgreen.com\/it\/sostenibilita\/\" \/>\n<meta property=\"og:locale\" content=\"it_IT\" \/>\n<meta property=\"og:type\" content=\"article\" \/>\n<meta property=\"og:title\" content=\"Sostenibilit\u00e0 | Mariella B.Green\" \/>\n<meta property=\"og:description\" content=\"Plastic recovered from the oceans is reborn and dives back thanks to Mariella B Green swimwear. The fabric of all our garments is made from Econyl\u00ae thread, a high quality nylon produced in Italy.\" \/>\n<meta property=\"og:url\" content=\"https:\/\/mariellabgreen.com\/it\/sostenibilita\/\" \/>\n<meta property=\"og:site_name\" content=\"Mariella B.Green\" \/>\n<meta property=\"article:modified_time\" content=\"2025-02-19T23:37:57+00:00\" \/>\n<meta property=\"og:image\" content=\"https:\/\/mariellabgreen.com\/wp-content\/uploads\/2022\/10\/slider_sostenibilita.jpg\" \/>\n\t<meta property=\"og:image:width\" content=\"1600\" \/>\n\t<meta property=\"og:image:height\" content=\"700\" \/>\n\t<meta property=\"og:image:type\" content=\"image\/jpeg\" \/>\n<meta name=\"twitter:card\" content=\"summary_large_image\" \/>\n<meta name=\"twitter:label1\" content=\"Tempo di lettura stimato\" \/>\n\t<meta name=\"twitter:data1\" content=\"3 minuti\" \/>\n<script type=\"application\/ld+json\" class=\"yoast-schema-graph\">{\"@context\":\"https:\\\/\\\/schema.org\",\"@graph\":[{\"@type\":\"WebPage\",\"@id\":\"https:\\\/\\\/mariellabgreen.com\\\/it\\\/sostenibilita\\\/\",\"url\":\"https:\\\/\\\/mariellabgreen.com\\\/it\\\/sostenibilita\\\/\",\"name\":\"Sostenibilit\u00e0 | Mariella B.Green\",\"isPartOf\":{\"@id\":\"https:\\\/\\\/mariellabgreen.com\\\/it\\\/#website\"},\"primaryImageOfPage\":{\"@id\":\"https:\\\/\\\/mariellabgreen.com\\\/it\\\/sostenibilita\\\/#primaryimage\"},\"image\":{\"@id\":\"https:\\\/\\\/mariellabgreen.com\\\/it\\\/sostenibilita\\\/#primaryimage\"},\"thumbnailUrl\":\"https:\\\/\\\/mariellabgreen.com\\\/wp-content\\\/uploads\\\/2022\\\/10\\\/slider_sostenibilita.jpg\",\"datePublished\":\"2025-02-18T23:32:31+00:00\",\"dateModified\":\"2025-02-19T23:37:57+00:00\",\"description\":\"Plastic recovered from the oceans is reborn and dives back thanks to Mariella B Green swimwear. The fabric of all our garments is made from Econyl\u00ae thread, a high quality nylon produced in Italy.\",\"breadcrumb\":{\"@id\":\"https:\\\/\\\/mariellabgreen.com\\\/it\\\/sostenibilita\\\/#breadcrumb\"},\"inLanguage\":\"it-IT\",\"potentialAction\":[{\"@type\":\"ReadAction\",\"target\":[\"https:\\\/\\\/mariellabgreen.com\\\/it\\\/sostenibilita\\\/\"]}]},{\"@type\":\"ImageObject\",\"inLanguage\":\"it-IT\",\"@id\":\"https:\\\/\\\/mariellabgreen.com\\\/it\\\/sostenibilita\\\/#primaryimage\",\"url\":\"https:\\\/\\\/mariellabgreen.com\\\/wp-content\\\/uploads\\\/2022\\\/10\\\/slider_sostenibilita.jpg\",\"contentUrl\":\"https:\\\/\\\/mariellabgreen.com\\\/wp-content\\\/uploads\\\/2022\\\/10\\\/slider_sostenibilita.jpg\",\"width\":1600,\"height\":700,\"caption\":\"Sostenibilit\u00e0\"},{\"@type\":\"BreadcrumbList\",\"@id\":\"https:\\\/\\\/mariellabgreen.com\\\/it\\\/sostenibilita\\\/#breadcrumb\",\"itemListElement\":[{\"@type\":\"ListItem\",\"position\":1,\"name\":\"Home\",\"item\":\"https:\\\/\\\/mariellabgreen.com\\\/it\\\/\"},{\"@type\":\"ListItem\",\"position\":2,\"name\":\"Sostenibilit\u00e0\"}]},{\"@type\":\"WebSite\",\"@id\":\"https:\\\/\\\/mariellabgreen.com\\\/it\\\/#website\",\"url\":\"https:\\\/\\\/mariellabgreen.com\\\/it\\\/\",\"name\":\"Mariella B.Green\",\"description\":\"Swimwear\",\"publisher\":{\"@id\":\"https:\\\/\\\/mariellabgreen.com\\\/it\\\/#organization\"},\"potentialAction\":[{\"@type\":\"SearchAction\",\"target\":{\"@type\":\"EntryPoint\",\"urlTemplate\":\"https:\\\/\\\/mariellabgreen.com\\\/it\\\/?s={search_term_string}\"},\"query-input\":{\"@type\":\"PropertyValueSpecification\",\"valueRequired\":true,\"valueName\":\"search_term_string\"}}],\"inLanguage\":\"it-IT\"},{\"@type\":\"Organization\",\"@id\":\"https:\\\/\\\/mariellabgreen.com\\\/it\\\/#organization\",\"name\":\"Mariella B.Green\",\"url\":\"https:\\\/\\\/mariellabgreen.com\\\/it\\\/\",\"logo\":{\"@type\":\"ImageObject\",\"inLanguage\":\"it-IT\",\"@id\":\"https:\\\/\\\/mariellabgreen.com\\\/it\\\/#\\\/schema\\\/logo\\\/image\\\/\",\"url\":\"https:\\\/\\\/mariellabgreen.com\\\/wp-content\\\/uploads\\\/2023\\\/04\\\/logo-mariella-bgreen-square.jpg\",\"contentUrl\":\"https:\\\/\\\/mariellabgreen.com\\\/wp-content\\\/uploads\\\/2023\\\/04\\\/logo-mariella-bgreen-square.jpg\",\"width\":441,\"height\":441,\"caption\":\"Mariella B.Green\"},\"image\":{\"@id\":\"https:\\\/\\\/mariellabgreen.com\\\/it\\\/#\\\/schema\\\/logo\\\/image\\\/\"}}]}<\/script>\n<!-- \/ Yoast SEO plugin. -->","yoast_head_json":{"title":"Sostenibilit\u00e0 | Mariella B.Green","description":"Plastic recovered from the oceans is reborn and dives back thanks to Mariella B Green swimwear. The fabric of all our garments is made from Econyl\u00ae thread, a high quality nylon produced in Italy.","robots":{"index":"index","follow":"follow","max-snippet":"max-snippet:-1","max-image-preview":"max-image-preview:large","max-video-preview":"max-video-preview:-1"},"canonical":"https:\/\/mariellabgreen.com\/it\/sostenibilita\/","og_locale":"it_IT","og_type":"article","og_title":"Sostenibilit\u00e0 | Mariella B.Green","og_description":"Plastic recovered from the oceans is reborn and dives back thanks to Mariella B Green swimwear. The fabric of all our garments is made from Econyl\u00ae thread, a high quality nylon produced in Italy.","og_url":"https:\/\/mariellabgreen.com\/it\/sostenibilita\/","og_site_name":"Mariella B.Green","article_modified_time":"2025-02-19T23:37:57+00:00","og_image":[{"width":1600,"height":700,"url":"https:\/\/mariellabgreen.com\/wp-content\/uploads\/2022\/10\/slider_sostenibilita.jpg","type":"image\/jpeg"}],"twitter_card":"summary_large_image","twitter_misc":{"Tempo di lettura stimato":"3 minuti"},"schema":{"@context":"https:\/\/schema.org","@graph":[{"@type":"WebPage","@id":"https:\/\/mariellabgreen.com\/it\/sostenibilita\/","url":"https:\/\/mariellabgreen.com\/it\/sostenibilita\/","name":"Sostenibilit\u00e0 | Mariella B.Green","isPartOf":{"@id":"https:\/\/mariellabgreen.com\/it\/#website"},"primaryImageOfPage":{"@id":"https:\/\/mariellabgreen.com\/it\/sostenibilita\/#primaryimage"},"image":{"@id":"https:\/\/mariellabgreen.com\/it\/sostenibilita\/#primaryimage"},"thumbnailUrl":"https:\/\/mariellabgreen.com\/wp-content\/uploads\/2022\/10\/slider_sostenibilita.jpg","datePublished":"2025-02-18T23:32:31+00:00","dateModified":"2025-02-19T23:37:57+00:00","description":"Plastic recovered from the oceans is reborn and dives back thanks to Mariella B Green swimwear. The fabric of all our garments is made from Econyl\u00ae thread, a high quality nylon produced in Italy.","breadcrumb":{"@id":"https:\/\/mariellabgreen.com\/it\/sostenibilita\/#breadcrumb"},"inLanguage":"it-IT","potentialAction":[{"@type":"ReadAction","target":["https:\/\/mariellabgreen.com\/it\/sostenibilita\/"]}]},{"@type":"ImageObject","inLanguage":"it-IT","@id":"https:\/\/mariellabgreen.com\/it\/sostenibilita\/#primaryimage","url":"https:\/\/mariellabgreen.com\/wp-content\/uploads\/2022\/10\/slider_sostenibilita.jpg","contentUrl":"https:\/\/mariellabgreen.com\/wp-content\/uploads\/2022\/10\/slider_sostenibilita.jpg","width":1600,"height":700,"caption":"Sostenibilit\u00e0"},{"@type":"BreadcrumbList","@id":"https:\/\/mariellabgreen.com\/it\/sostenibilita\/#breadcrumb","itemListElement":[{"@type":"ListItem","position":1,"name":"Home","item":"https:\/\/mariellabgreen.com\/it\/"},{"@type":"ListItem","position":2,"name":"Sostenibilit\u00e0"}]},{"@type":"WebSite","@id":"https:\/\/mariellabgreen.com\/it\/#website","url":"https:\/\/mariellabgreen.com\/it\/","name":"Mariella B.Green","description":"Swimwear","publisher":{"@id":"https:\/\/mariellabgreen.com\/it\/#organization"},"potentialAction":[{"@type":"SearchAction","target":{"@type":"EntryPoint","urlTemplate":"https:\/\/mariellabgreen.com\/it\/?s={search_term_string}"},"query-input":{"@type":"PropertyValueSpecification","valueRequired":true,"valueName":"search_term_string"}}],"inLanguage":"it-IT"},{"@type":"Organization","@id":"https:\/\/mariellabgreen.com\/it\/#organization","name":"Mariella B.Green","url":"https:\/\/mariellabgreen.com\/it\/","logo":{"@type":"ImageObject","inLanguage":"it-IT","@id":"https:\/\/mariellabgreen.com\/it\/#\/schema\/logo\/image\/","url":"https:\/\/mariellabgreen.com\/wp-content\/uploads\/2023\/04\/logo-mariella-bgreen-square.jpg","contentUrl":"https:\/\/mariellabgreen.com\/wp-content\/uploads\/2023\/04\/logo-mariella-bgreen-square.jpg","width":441,"height":441,"caption":"Mariella B.Green"},"image":{"@id":"https:\/\/mariellabgreen.com\/it\/#\/schema\/logo\/image\/"}}]}},"_links":{"self":[{"href":"https:\/\/mariellabgreen.com\/it\/wp-json\/wp\/v2\/pages\/4150","targetHints":{"allow":["GET"]}}],"collection":[{"href":"https:\/\/mariellabgreen.com\/it\/wp-json\/wp\/v2\/pages"}],"about":[{"href":"https:\/\/mariellabgreen.com\/it\/wp-json\/wp\/v2\/types\/page"}],"author":[{"embeddable":true,"href":"https:\/\/mariellabgreen.com\/it\/wp-json\/wp\/v2\/users\/1"}],"replies":[{"embeddable":true,"href":"https:\/\/mariellabgreen.com\/it\/wp-json\/wp\/v2\/comments?post=4150"}],"version-history":[{"count":4,"href":"https:\/\/mariellabgreen.com\/it\/wp-json\/wp\/v2\/pages\/4150\/revisions"}],"predecessor-version":[{"id":4155,"href":"https:\/\/mariellabgreen.com\/it\/wp-json\/wp\/v2\/pages\/4150\/revisions\/4155"}],"wp:featuredmedia":[{"embeddable":true,"href":"https:\/\/mariellabgreen.com\/it\/wp-json\/wp\/v2\/media\/1415"}],"wp:attachment":[{"href":"https:\/\/mariellabgreen.com\/it\/wp-json\/wp\/v2\/media?parent=4150"}],"curies":[{"name":"wp","href":"https:\/\/api.w.org\/{rel}","templated":true}]}}