{"id":1525,"date":"2023-03-29T15:05:31","date_gmt":"2023-03-29T13:05:31","guid":{"rendered":"https:\/\/mariellabgreen.com\/?page_id=1525"},"modified":"2026-04-13T12:28:29","modified_gmt":"2026-04-13T10:28:29","slug":"informazioni-legali","status":"publish","type":"page","link":"https:\/\/mariellabgreen.com\/it\/informazioni-legali\/","title":{"rendered":"Informazioni legali"},"content":{"rendered":"<div class=\"row row-collapse align-middle align-center\"  id=\"row-1193789743\">\n\n\t<div id=\"col-185510586\" class=\"col small-12 large-12\"  >\n\t\t\t\t<div class=\"col-inner text-center\"  >\n\t\t\t\n\t\t\t\n\t<div id=\"text-2873475621\" class=\"text\">\n\t\t\n<h4 style=\"text-align: left;\"><strong>INFORMAZIONI LEGALI<\/strong><\/h4>\n<p style=\"text-align: left;\"><strong>Sede Legale<\/strong><\/p>\n<p style=\"text-align: left;\">The Green Group S\u00e0rl \u2013 Mariella B. Green<br \/>Chemin de Charvel 4<br \/>CH 1222 V\u00e9senaz<br \/>Switzerland<\/p>\n<p style=\"text-align: left;\">The Green Group S\u00e0rl \u00e8 una societ\u00e0 Svizzera al 100%, fondata nel 2022 ed iscritta alla Camera di Commercio di Ginevra con il numero identificativo CHE 316.151.729 e la P.IVA CHE 316.151.729.<\/p>\n<p style=\"text-align: left;\">CEO: Mariella B. Green<\/p>\n<p style=\"text-align: left;\">email:\u00a0<a href=\"mailto:info@mariellabgreen.com\">info@mariellabgreen.com<\/a><\/p>\n<p style=\"text-align: left;\">tel: +41 (0)766 135 983 (Lunedi\u2019- Sabato 09:30 &#8211; 18:00 GMT+1)<\/p>\n<p style=\"text-align: left;\">\u200b<\/p>\n\t\t\n<style>\n#text-2873475621 {\n  text-align: center;\n}\n<\/style>\n\t<\/div>\n\t\n\t\t<\/div>\n\t\t\t\t\n<style>\n#col-185510586 > .col-inner {\n  padding: 45px 15px 30px 15px;\n}\n<\/style>\n\t<\/div>\n\n\t\n<\/div>\n","protected":false},"excerpt":{"rendered":"","protected":false},"author":1,"featured_media":0,"parent":0,"menu_order":0,"comment_status":"closed","ping_status":"closed","template":"page-blank.php","meta":{"footnotes":""},"class_list":["post-1525","page","type-page","status-publish","hentry"],"yoast_head":"<!-- This site is optimized with the Yoast SEO plugin v27.3 - https:\/\/yoast.com\/product\/yoast-seo-wordpress\/ -->\n<title>Informazioni legali | Mariella B.Green<\/title>\n<meta name=\"robots\" content=\"noindex, nofollow\" \/>\n<meta property=\"og:locale\" content=\"it_IT\" \/>\n<meta property=\"og:type\" content=\"article\" \/>\n<meta property=\"og:title\" content=\"Informazioni legali | Mariella B.Green\" \/>\n<meta property=\"og:url\" content=\"https:\/\/mariellabgreen.com\/it\/informazioni-legali\/\" \/>\n<meta property=\"og:site_name\" content=\"Mariella B.Green\" \/>\n<meta property=\"article:modified_time\" content=\"2026-04-13T10:28:29+00:00\" \/>\n<meta property=\"og:image\" content=\"https:\/\/mariellabgreen.com\/wp-content\/uploads\/2022\/10\/slider_collezioni_new.jpg\" \/>\n\t<meta property=\"og:image:width\" content=\"1600\" \/>\n\t<meta property=\"og:image:height\" content=\"700\" \/>\n\t<meta property=\"og:image:type\" content=\"image\/jpeg\" \/>\n<meta name=\"twitter:card\" content=\"summary_large_image\" \/>\n<meta name=\"twitter:label1\" content=\"Tempo di lettura stimato\" \/>\n\t<meta name=\"twitter:data1\" content=\"1 minuto\" \/>\n<script type=\"application\/ld+json\" class=\"yoast-schema-graph\">{\"@context\":\"https:\\\/\\\/schema.org\",\"@graph\":[{\"@type\":\"WebPage\",\"@id\":\"https:\\\/\\\/mariellabgreen.com\\\/it\\\/informazioni-legali\\\/\",\"url\":\"https:\\\/\\\/mariellabgreen.com\\\/it\\\/informazioni-legali\\\/\",\"name\":\"Informazioni legali | Mariella B.Green\",\"isPartOf\":{\"@id\":\"https:\\\/\\\/mariellabgreen.com\\\/it\\\/#website\"},\"datePublished\":\"2023-03-29T13:05:31+00:00\",\"dateModified\":\"2026-04-13T10:28:29+00:00\",\"breadcrumb\":{\"@id\":\"https:\\\/\\\/mariellabgreen.com\\\/it\\\/informazioni-legali\\\/#breadcrumb\"},\"inLanguage\":\"it-IT\",\"potentialAction\":[{\"@type\":\"ReadAction\",\"target\":[\"https:\\\/\\\/mariellabgreen.com\\\/it\\\/informazioni-legali\\\/\"]}]},{\"@type\":\"BreadcrumbList\",\"@id\":\"https:\\\/\\\/mariellabgreen.com\\\/it\\\/informazioni-legali\\\/#breadcrumb\",\"itemListElement\":[{\"@type\":\"ListItem\",\"position\":1,\"name\":\"Home\",\"item\":\"https:\\\/\\\/mariellabgreen.com\\\/it\\\/\"},{\"@type\":\"ListItem\",\"position\":2,\"name\":\"Informazioni legali\"}]},{\"@type\":\"WebSite\",\"@id\":\"https:\\\/\\\/mariellabgreen.com\\\/it\\\/#website\",\"url\":\"https:\\\/\\\/mariellabgreen.com\\\/it\\\/\",\"name\":\"Mariella B.Green\",\"description\":\"Swimwear\",\"publisher\":{\"@id\":\"https:\\\/\\\/mariellabgreen.com\\\/it\\\/#organization\"},\"potentialAction\":[{\"@type\":\"SearchAction\",\"target\":{\"@type\":\"EntryPoint\",\"urlTemplate\":\"https:\\\/\\\/mariellabgreen.com\\\/it\\\/?s={search_term_string}\"},\"query-input\":{\"@type\":\"PropertyValueSpecification\",\"valueRequired\":true,\"valueName\":\"search_term_string\"}}],\"inLanguage\":\"it-IT\"},{\"@type\":\"Organization\",\"@id\":\"https:\\\/\\\/mariellabgreen.com\\\/it\\\/#organization\",\"name\":\"Mariella B.Green\",\"url\":\"https:\\\/\\\/mariellabgreen.com\\\/it\\\/\",\"logo\":{\"@type\":\"ImageObject\",\"inLanguage\":\"it-IT\",\"@id\":\"https:\\\/\\\/mariellabgreen.com\\\/it\\\/#\\\/schema\\\/logo\\\/image\\\/\",\"url\":\"https:\\\/\\\/mariellabgreen.com\\\/wp-content\\\/uploads\\\/2023\\\/04\\\/logo-mariella-bgreen-square.jpg\",\"contentUrl\":\"https:\\\/\\\/mariellabgreen.com\\\/wp-content\\\/uploads\\\/2023\\\/04\\\/logo-mariella-bgreen-square.jpg\",\"width\":441,\"height\":441,\"caption\":\"Mariella B.Green\"},\"image\":{\"@id\":\"https:\\\/\\\/mariellabgreen.com\\\/it\\\/#\\\/schema\\\/logo\\\/image\\\/\"}}]}<\/script>\n<!-- \/ Yoast SEO plugin. -->","yoast_head_json":{"title":"Informazioni legali | Mariella B.Green","robots":{"index":"noindex","follow":"nofollow"},"og_locale":"it_IT","og_type":"article","og_title":"Informazioni legali | Mariella B.Green","og_url":"https:\/\/mariellabgreen.com\/it\/informazioni-legali\/","og_site_name":"Mariella B.Green","article_modified_time":"2026-04-13T10:28:29+00:00","og_image":[{"width":1600,"height":700,"url":"https:\/\/mariellabgreen.com\/wp-content\/uploads\/2022\/10\/slider_collezioni_new.jpg","type":"image\/jpeg"}],"twitter_card":"summary_large_image","twitter_misc":{"Tempo di lettura stimato":"1 minuto"},"schema":{"@context":"https:\/\/schema.org","@graph":[{"@type":"WebPage","@id":"https:\/\/mariellabgreen.com\/it\/informazioni-legali\/","url":"https:\/\/mariellabgreen.com\/it\/informazioni-legali\/","name":"Informazioni legali | Mariella B.Green","isPartOf":{"@id":"https:\/\/mariellabgreen.com\/it\/#website"},"datePublished":"2023-03-29T13:05:31+00:00","dateModified":"2026-04-13T10:28:29+00:00","breadcrumb":{"@id":"https:\/\/mariellabgreen.com\/it\/informazioni-legali\/#breadcrumb"},"inLanguage":"it-IT","potentialAction":[{"@type":"ReadAction","target":["https:\/\/mariellabgreen.com\/it\/informazioni-legali\/"]}]},{"@type":"BreadcrumbList","@id":"https:\/\/mariellabgreen.com\/it\/informazioni-legali\/#breadcrumb","itemListElement":[{"@type":"ListItem","position":1,"name":"Home","item":"https:\/\/mariellabgreen.com\/it\/"},{"@type":"ListItem","position":2,"name":"Informazioni legali"}]},{"@type":"WebSite","@id":"https:\/\/mariellabgreen.com\/it\/#website","url":"https:\/\/mariellabgreen.com\/it\/","name":"Mariella B.Green","description":"Swimwear","publisher":{"@id":"https:\/\/mariellabgreen.com\/it\/#organization"},"potentialAction":[{"@type":"SearchAction","target":{"@type":"EntryPoint","urlTemplate":"https:\/\/mariellabgreen.com\/it\/?s={search_term_string}"},"query-input":{"@type":"PropertyValueSpecification","valueRequired":true,"valueName":"search_term_string"}}],"inLanguage":"it-IT"},{"@type":"Organization","@id":"https:\/\/mariellabgreen.com\/it\/#organization","name":"Mariella B.Green","url":"https:\/\/mariellabgreen.com\/it\/","logo":{"@type":"ImageObject","inLanguage":"it-IT","@id":"https:\/\/mariellabgreen.com\/it\/#\/schema\/logo\/image\/","url":"https:\/\/mariellabgreen.com\/wp-content\/uploads\/2023\/04\/logo-mariella-bgreen-square.jpg","contentUrl":"https:\/\/mariellabgreen.com\/wp-content\/uploads\/2023\/04\/logo-mariella-bgreen-square.jpg","width":441,"height":441,"caption":"Mariella B.Green"},"image":{"@id":"https:\/\/mariellabgreen.com\/it\/#\/schema\/logo\/image\/"}}]}},"_links":{"self":[{"href":"https:\/\/mariellabgreen.com\/it\/wp-json\/wp\/v2\/pages\/1525","targetHints":{"allow":["GET"]}}],"collection":[{"href":"https:\/\/mariellabgreen.com\/it\/wp-json\/wp\/v2\/pages"}],"about":[{"href":"https:\/\/mariellabgreen.com\/it\/wp-json\/wp\/v2\/types\/page"}],"author":[{"embeddable":true,"href":"https:\/\/mariellabgreen.com\/it\/wp-json\/wp\/v2\/users\/1"}],"replies":[{"embeddable":true,"href":"https:\/\/mariellabgreen.com\/it\/wp-json\/wp\/v2\/comments?post=1525"}],"version-history":[{"count":6,"href":"https:\/\/mariellabgreen.com\/it\/wp-json\/wp\/v2\/pages\/1525\/revisions"}],"predecessor-version":[{"id":5545,"href":"https:\/\/mariellabgreen.com\/it\/wp-json\/wp\/v2\/pages\/1525\/revisions\/5545"}],"wp:attachment":[{"href":"https:\/\/mariellabgreen.com\/it\/wp-json\/wp\/v2\/media?parent=1525"}],"curies":[{"name":"wp","href":"https:\/\/api.w.org\/{rel}","templated":true}]}}