{"id":1522,"date":"2023-03-29T15:00:48","date_gmt":"2023-03-29T13:00:48","guid":{"rendered":"https:\/\/mariellabgreen.com\/?page_id=1522"},"modified":"2023-04-18T15:40:08","modified_gmt":"2023-04-18T13:40:08","slug":"disclaimer","status":"publish","type":"page","link":"https:\/\/mariellabgreen.com\/it\/disclaimer\/","title":{"rendered":"Disclaimer"},"content":{"rendered":"<div class=\"row row-collapse align-middle align-center\"  id=\"row-1140354551\">\n\n\t<div id=\"col-857490495\" class=\"col small-12 large-12\"  >\n\t\t\t\t<div class=\"col-inner text-center\"  >\n\t\t\t\n\t\t\t\n\t<div id=\"text-2383684595\" class=\"text\">\n\t\t\n<h4 style=\"text-align: left;\"><strong>DICHIARAZIONE DI ESCLUSIONE DI RESPONSABILIT\u00c0 (DISCLAIMER)<\/strong><\/h4>\n<p style=\"text-align: left;\">Chiunque consulti il sito\u00a0<a href=\"https:\/\/mariellabgreen.com\/\">mariellabgreen.com<\/a>\u00a0(di propriet\u00e0 di The Green Group S\u00e0rl), di seguito denominato il Sito, riconosce di aver accettato le seguenti condizioni. Sono esclusi dalle presenti condizioni gli accordi speciali relativi a singoli servizi o prodotti.\u00a0<\/p>\n<p style=\"text-align: left;\">Nessuna garanzia in merito alla precisione e alla completezza.<\/p>\n<p style=\"text-align: left;\">Tutte le informazioni pubblicate sul Sito sono fornite principalmente da The Green Group S\u00e0rl per uso personale e a scopo informativo. Alcune informazioni possono provenire direttamente da partner terzi. Tutte queste informazioni possono essere riviste e modificate in qualsiasi momento senza preavviso. The Green Group S\u00e0rl non fornisce alcuna garanzia (esplicita o implicita) in merito all\u2019esattezza, completezza e attualit\u00e0 di tutte queste informazioni pubblicate sul Sito, anche se tutte le misure precauzionali richieste sono state osservate e applicate nella raccolta di questi dati da fonti ritenute affidabili.\u00a0<\/p>\n<p style=\"text-align: left;\"><strong>LIMITAZIONI DI RESPONSABILIT\u00c0\u00a0<\/strong><\/p>\n<p style=\"text-align: left;\">The Green Group S\u00e0rl declina qualsivoglia responsabilit\u00e0 per perdite o danni di qualsiasi tipo (diretti, indiretti o conseguenti) derivanti dall\u2019uso o dall\u2019accesso al Sito Internet o ai link che rimandano a siti Internet di terzi. The Green Group S\u00e0rl non garantisce il funzionamento completo e permanente del sito Internet\u00a0<a href=\"https:\/\/mariellabgreen.com\/\">mariellabgreen.com<\/a><\/p>\n<p style=\"text-align: left;\">Inoltre, The Green Group S\u00e0rl declina qualsivoglia responsabilit\u00e0 anche nel caso in cui un sistema informatico dell\u2019utente finale viene manipolato da terzi non autorizzati. The Green Group S\u00e0rl raccomanda ai propri utenti di essere consapevoli dei rischi associati ai virus informatici e dei possibili attacchi mirati di hacker. Per combattere i virus, The Green Group S\u00e0rl raccomanda l\u2019utilizzo delle versioni pi\u00f9 recenti dei software dei browser Internet e l\u2019installazione e l\u2019aggiornamento dei software antivirus. Si raccomanda inoltre di evitare di aprire le e-mail da mittenti sconosciuti e gli allegati.\u00a0<\/p>\n<p style=\"text-align: left;\"><strong>UTILIZZO DEL SITO<\/strong><strong>\u00a0<a href=\"https:\/\/mariellabgreen.com\/\">mariellabgreen.com<\/a><\/strong><strong>\u00a0<\/strong><\/p>\n<p style=\"text-align: left;\">L\u2019intero sito\u00a0<a href=\"https:\/\/mariellabgreen.com\/\">mariellabgreen.com<\/a>\u00a0(carta grafica, testi, visual design, ecc&#8230;) \u00e8 di propriet\u00e0 di The Green Group S\u00e0rl ed \u00e8 protetto dal diritto d\u2019autore.\u00a0<\/p>\n<p style=\"text-align: left;\">Tutti i vari elementi dei siti menzionati sono di propriet\u00e0 esclusiva del gestore dei siti The Green Group S\u00e0rl.\u00a0<\/p>\n<p style=\"text-align: left;\">La fonte completa deve obbligatoriamente e sempre essere menzionata su ogni registrazione o stampa effettuata (singola pagina e\/o determinati elementi) dall\u2019utente finale.\u00a0<\/p>\n<p style=\"text-align: left;\">Inoltre, per il Salvataggio o qualsiasi altra copia di software e di vari dati sui siti Internet di The Green Group S\u00e0rl, si applicano le relative condizioni d\u2019utilizzo. The Green Group S\u00e0rl \u00e8 titolare di tutti i diritti di propriet\u00e0. La copia (completa o parziale), la trasmissione (di qualsiasi tipo), la modifica, il collegamento o l\u2019utilizzo dei siti Internet di The Green Group S\u00e0rl possono essere effettuati solo con l\u2019esplicito consenso scritto di The Green Group S\u00e0rl.\u00a0<\/p>\n<p style=\"text-align: left;\">\u00c8 severamente vietato l\u2019uso di strumenti che indicizzano, trasmettono o richiamano in modo ricorrente e automatico i contenuti dei siti di The Green Group S\u00e0rl (Crawler, Spider, ecc&#8230;). The Green Group S\u00e0rl si riserva il diritto di intraprendere qualsivoglia azione che ritenga opportuna contro i responsabili, compresa la richiesta di risarcimento danni.\u00a0<\/p>\n<p style=\"text-align: left;\"><strong>PROPRIET\u00c0 INTELLETTUALE E ALTRI DIRITTI<\/strong><\/p>\n<p style=\"text-align: left;\">The Green Group S\u00e0rl \u00e8 il proprietario e gestore di questo sito web. Tutti i marchi, i nomi, i titoli, i loghi, le immagini, i disegni, i testi e gli altri materiali sono di propriet\u00e0 di The Green Group S\u00e0rl o di uno dei suoi partners. La consultazione, il download o la copia delle pagine non implicano l&#8217;acquisizione di diritti (diritti di sfruttamento, diritti di propriet\u00e0 intellettuale). \u00c8 vietata la riproduzione (totale o parziale), la distribuzione (elettronica o con altri mezzi), la modifica o l&#8217;utilizzo del sito web per scopi pubblici o commerciali senza previa autorizzazione scritta.<\/p>\n<p style=\"text-align: left;\"><strong>ESCLUSIONE DI RESPONSABILIT\u00c0<\/strong><\/p>\n<p style=\"text-align: left;\">The Green Group S\u00e0rl declina ogni responsabilit\u00e0 (compresa la negligenza) per l&#8217;accesso o l&#8217;impossibilit\u00e0 di accesso al sito web o a qualsiasi sua parte, o per il suo utilizzo. L&#8217;accesso e l&#8217;utilizzo del sito web non possono essere garantiti.<\/p>\n\t\t\n<style>\n#text-2383684595 {\n  text-align: center;\n}\n<\/style>\n\t<\/div>\n\t\n\t\t<\/div>\n\t\t\t\t\n<style>\n#col-857490495 > .col-inner {\n  padding: 45px 15px 30px 15px;\n}\n<\/style>\n\t<\/div>\n\n\t\n<\/div>\n","protected":false},"excerpt":{"rendered":"","protected":false},"author":1,"featured_media":0,"parent":0,"menu_order":0,"comment_status":"closed","ping_status":"closed","template":"page-blank.php","meta":{"footnotes":""},"class_list":["post-1522","page","type-page","status-publish","hentry"],"yoast_head":"<!-- This site is optimized with the Yoast SEO plugin v27.3 - https:\/\/yoast.com\/product\/yoast-seo-wordpress\/ -->\n<title>Disclaimer | Mariella B.Green<\/title>\n<meta name=\"robots\" content=\"noindex, nofollow\" \/>\n<meta property=\"og:locale\" content=\"it_IT\" \/>\n<meta property=\"og:type\" content=\"article\" \/>\n<meta property=\"og:title\" content=\"Disclaimer | Mariella B.Green\" \/>\n<meta property=\"og:url\" content=\"https:\/\/mariellabgreen.com\/it\/disclaimer\/\" \/>\n<meta property=\"og:site_name\" content=\"Mariella B.Green\" \/>\n<meta property=\"article:modified_time\" content=\"2023-04-18T13:40:08+00:00\" \/>\n<meta property=\"og:image\" content=\"https:\/\/mariellabgreen.com\/wp-content\/uploads\/2022\/10\/slider_collezioni_new.jpg\" \/>\n\t<meta property=\"og:image:width\" content=\"1600\" \/>\n\t<meta property=\"og:image:height\" content=\"700\" \/>\n\t<meta property=\"og:image:type\" content=\"image\/jpeg\" \/>\n<meta name=\"twitter:card\" content=\"summary_large_image\" \/>\n<meta name=\"twitter:label1\" content=\"Tempo di lettura stimato\" \/>\n\t<meta name=\"twitter:data1\" content=\"4 minuti\" \/>\n<script type=\"application\/ld+json\" class=\"yoast-schema-graph\">{\"@context\":\"https:\\\/\\\/schema.org\",\"@graph\":[{\"@type\":\"WebPage\",\"@id\":\"https:\\\/\\\/mariellabgreen.com\\\/it\\\/disclaimer\\\/\",\"url\":\"https:\\\/\\\/mariellabgreen.com\\\/it\\\/disclaimer\\\/\",\"name\":\"Disclaimer | Mariella B.Green\",\"isPartOf\":{\"@id\":\"https:\\\/\\\/mariellabgreen.com\\\/it\\\/#website\"},\"datePublished\":\"2023-03-29T13:00:48+00:00\",\"dateModified\":\"2023-04-18T13:40:08+00:00\",\"breadcrumb\":{\"@id\":\"https:\\\/\\\/mariellabgreen.com\\\/it\\\/disclaimer\\\/#breadcrumb\"},\"inLanguage\":\"it-IT\",\"potentialAction\":[{\"@type\":\"ReadAction\",\"target\":[\"https:\\\/\\\/mariellabgreen.com\\\/it\\\/disclaimer\\\/\"]}]},{\"@type\":\"BreadcrumbList\",\"@id\":\"https:\\\/\\\/mariellabgreen.com\\\/it\\\/disclaimer\\\/#breadcrumb\",\"itemListElement\":[{\"@type\":\"ListItem\",\"position\":1,\"name\":\"Home\",\"item\":\"https:\\\/\\\/mariellabgreen.com\\\/it\\\/\"},{\"@type\":\"ListItem\",\"position\":2,\"name\":\"Disclaimer\"}]},{\"@type\":\"WebSite\",\"@id\":\"https:\\\/\\\/mariellabgreen.com\\\/it\\\/#website\",\"url\":\"https:\\\/\\\/mariellabgreen.com\\\/it\\\/\",\"name\":\"Mariella B.Green\",\"description\":\"Swimwear\",\"publisher\":{\"@id\":\"https:\\\/\\\/mariellabgreen.com\\\/it\\\/#organization\"},\"potentialAction\":[{\"@type\":\"SearchAction\",\"target\":{\"@type\":\"EntryPoint\",\"urlTemplate\":\"https:\\\/\\\/mariellabgreen.com\\\/it\\\/?s={search_term_string}\"},\"query-input\":{\"@type\":\"PropertyValueSpecification\",\"valueRequired\":true,\"valueName\":\"search_term_string\"}}],\"inLanguage\":\"it-IT\"},{\"@type\":\"Organization\",\"@id\":\"https:\\\/\\\/mariellabgreen.com\\\/it\\\/#organization\",\"name\":\"Mariella B.Green\",\"url\":\"https:\\\/\\\/mariellabgreen.com\\\/it\\\/\",\"logo\":{\"@type\":\"ImageObject\",\"inLanguage\":\"it-IT\",\"@id\":\"https:\\\/\\\/mariellabgreen.com\\\/it\\\/#\\\/schema\\\/logo\\\/image\\\/\",\"url\":\"https:\\\/\\\/mariellabgreen.com\\\/wp-content\\\/uploads\\\/2023\\\/04\\\/logo-mariella-bgreen-square.jpg\",\"contentUrl\":\"https:\\\/\\\/mariellabgreen.com\\\/wp-content\\\/uploads\\\/2023\\\/04\\\/logo-mariella-bgreen-square.jpg\",\"width\":441,\"height\":441,\"caption\":\"Mariella B.Green\"},\"image\":{\"@id\":\"https:\\\/\\\/mariellabgreen.com\\\/it\\\/#\\\/schema\\\/logo\\\/image\\\/\"}}]}<\/script>\n<!-- \/ Yoast SEO plugin. -->","yoast_head_json":{"title":"Disclaimer | Mariella B.Green","robots":{"index":"noindex","follow":"nofollow"},"og_locale":"it_IT","og_type":"article","og_title":"Disclaimer | Mariella B.Green","og_url":"https:\/\/mariellabgreen.com\/it\/disclaimer\/","og_site_name":"Mariella B.Green","article_modified_time":"2023-04-18T13:40:08+00:00","og_image":[{"width":1600,"height":700,"url":"https:\/\/mariellabgreen.com\/wp-content\/uploads\/2022\/10\/slider_collezioni_new.jpg","type":"image\/jpeg"}],"twitter_card":"summary_large_image","twitter_misc":{"Tempo di lettura stimato":"4 minuti"},"schema":{"@context":"https:\/\/schema.org","@graph":[{"@type":"WebPage","@id":"https:\/\/mariellabgreen.com\/it\/disclaimer\/","url":"https:\/\/mariellabgreen.com\/it\/disclaimer\/","name":"Disclaimer | Mariella B.Green","isPartOf":{"@id":"https:\/\/mariellabgreen.com\/it\/#website"},"datePublished":"2023-03-29T13:00:48+00:00","dateModified":"2023-04-18T13:40:08+00:00","breadcrumb":{"@id":"https:\/\/mariellabgreen.com\/it\/disclaimer\/#breadcrumb"},"inLanguage":"it-IT","potentialAction":[{"@type":"ReadAction","target":["https:\/\/mariellabgreen.com\/it\/disclaimer\/"]}]},{"@type":"BreadcrumbList","@id":"https:\/\/mariellabgreen.com\/it\/disclaimer\/#breadcrumb","itemListElement":[{"@type":"ListItem","position":1,"name":"Home","item":"https:\/\/mariellabgreen.com\/it\/"},{"@type":"ListItem","position":2,"name":"Disclaimer"}]},{"@type":"WebSite","@id":"https:\/\/mariellabgreen.com\/it\/#website","url":"https:\/\/mariellabgreen.com\/it\/","name":"Mariella B.Green","description":"Swimwear","publisher":{"@id":"https:\/\/mariellabgreen.com\/it\/#organization"},"potentialAction":[{"@type":"SearchAction","target":{"@type":"EntryPoint","urlTemplate":"https:\/\/mariellabgreen.com\/it\/?s={search_term_string}"},"query-input":{"@type":"PropertyValueSpecification","valueRequired":true,"valueName":"search_term_string"}}],"inLanguage":"it-IT"},{"@type":"Organization","@id":"https:\/\/mariellabgreen.com\/it\/#organization","name":"Mariella B.Green","url":"https:\/\/mariellabgreen.com\/it\/","logo":{"@type":"ImageObject","inLanguage":"it-IT","@id":"https:\/\/mariellabgreen.com\/it\/#\/schema\/logo\/image\/","url":"https:\/\/mariellabgreen.com\/wp-content\/uploads\/2023\/04\/logo-mariella-bgreen-square.jpg","contentUrl":"https:\/\/mariellabgreen.com\/wp-content\/uploads\/2023\/04\/logo-mariella-bgreen-square.jpg","width":441,"height":441,"caption":"Mariella B.Green"},"image":{"@id":"https:\/\/mariellabgreen.com\/it\/#\/schema\/logo\/image\/"}}]}},"_links":{"self":[{"href":"https:\/\/mariellabgreen.com\/it\/wp-json\/wp\/v2\/pages\/1522","targetHints":{"allow":["GET"]}}],"collection":[{"href":"https:\/\/mariellabgreen.com\/it\/wp-json\/wp\/v2\/pages"}],"about":[{"href":"https:\/\/mariellabgreen.com\/it\/wp-json\/wp\/v2\/types\/page"}],"author":[{"embeddable":true,"href":"https:\/\/mariellabgreen.com\/it\/wp-json\/wp\/v2\/users\/1"}],"replies":[{"embeddable":true,"href":"https:\/\/mariellabgreen.com\/it\/wp-json\/wp\/v2\/comments?post=1522"}],"version-history":[{"count":5,"href":"https:\/\/mariellabgreen.com\/it\/wp-json\/wp\/v2\/pages\/1522\/revisions"}],"predecessor-version":[{"id":1566,"href":"https:\/\/mariellabgreen.com\/it\/wp-json\/wp\/v2\/pages\/1522\/revisions\/1566"}],"wp:attachment":[{"href":"https:\/\/mariellabgreen.com\/it\/wp-json\/wp\/v2\/media?parent=1522"}],"curies":[{"name":"wp","href":"https:\/\/api.w.org\/{rel}","templated":true}]}}