{"id":3503,"date":"2024-12-09T17:09:30","date_gmt":"2024-12-09T16:09:30","guid":{"rendered":"https:\/\/mariellabgreen.com\/magasins\/non%20class\u00e9\/bikini-rosso-in-econyl\/"},"modified":"2025-04-19T14:10:53","modified_gmt":"2025-04-19T12:10:53","slug":"bikini-rouge","status":"publish","type":"product","link":"https:\/\/mariellabgreen.com\/fr\/store\/collections-fr\/monochrome\/bikini-rouge\/","title":{"rendered":"Bikini Rouge"},"content":{"rendered":"","protected":false},"excerpt":{"rendered":"<p>Bikini rouge en Econyl\u00ae<\/p>\n","protected":false},"featured_media":4590,"template":"","meta":[],"product_brand":[],"product_cat":[194],"product_tag":[164,153],"class_list":{"0":"post-3503","1":"product","2":"type-product","3":"status-publish","4":"has-post-thumbnail","6":"product_cat-monochrome","7":"product_tag-bikini","8":"product_tag-femme","10":"first","11":"instock","12":"sale","13":"shipping-taxable","14":"purchasable","15":"product-type-variable"},"yoast_head":"<!-- This site is optimized with the Yoast SEO plugin v27.3 - https:\/\/yoast.com\/product\/yoast-seo-wordpress\/ -->\n<title>Bikini Rouge | Mariella B.Green<\/title>\n<meta name=\"description\" content=\"Top avec ou sans bonnets et liens r\u00e9glables au dos et au buste. Slip r\u00e9glable avec liens et couvrance r\u00e9guli\u00e8re\" \/>\n<meta name=\"robots\" content=\"index, follow, max-snippet:-1, max-image-preview:large, max-video-preview:-1\" \/>\n<link rel=\"canonical\" href=\"https:\/\/mariellabgreen.com\/fr\/store\/collections-fr\/monochrome\/bikini-rouge\/\" \/>\n<meta property=\"og:locale\" content=\"fr_FR\" \/>\n<meta property=\"og:type\" content=\"article\" \/>\n<meta property=\"og:title\" content=\"Bikini Rouge | Mariella B.Green\" \/>\n<meta property=\"og:description\" content=\"Top avec ou sans bonnets et liens r\u00e9glables au dos et au buste. Slip r\u00e9glable avec liens et couvrance r\u00e9guli\u00e8re\" \/>\n<meta property=\"og:url\" content=\"https:\/\/mariellabgreen.com\/fr\/store\/collections-fr\/monochrome\/bikini-rouge\/\" \/>\n<meta property=\"og:site_name\" content=\"Mariella B.Green\" \/>\n<meta property=\"article:modified_time\" content=\"2025-04-19T12:10:53+00:00\" \/>\n<meta property=\"og:image\" content=\"https:\/\/mariellabgreen.com\/wp-content\/uploads\/2025\/04\/Red-Bikini-MARIELLABGREEN_ecommerce_-1.jpg\" \/>\n\t<meta property=\"og:image:width\" content=\"1067\" \/>\n\t<meta property=\"og:image:height\" content=\"1600\" \/>\n\t<meta property=\"og:image:type\" content=\"image\/jpeg\" \/>\n<meta name=\"twitter:card\" content=\"summary_large_image\" \/>\n<meta name=\"twitter:label1\" content=\"Dur\u00e9e de lecture estim\u00e9e\" \/>\n\t<meta name=\"twitter:data1\" content=\"1 minute\" \/>\n<script type=\"application\/ld+json\" class=\"yoast-schema-graph\">{\"@context\":\"https:\\\/\\\/schema.org\",\"@graph\":[{\"@type\":\"WebPage\",\"@id\":\"https:\\\/\\\/mariellabgreen.com\\\/fr\\\/store\\\/collections-fr\\\/monochrome\\\/bikini-rouge\\\/\",\"url\":\"https:\\\/\\\/mariellabgreen.com\\\/fr\\\/store\\\/collections-fr\\\/monochrome\\\/bikini-rouge\\\/\",\"name\":\"Bikini Rouge | Mariella B.Green\",\"isPartOf\":{\"@id\":\"https:\\\/\\\/mariellabgreen.com\\\/fr\\\/#website\"},\"primaryImageOfPage\":{\"@id\":\"https:\\\/\\\/mariellabgreen.com\\\/fr\\\/store\\\/collections-fr\\\/monochrome\\\/bikini-rouge\\\/#primaryimage\"},\"image\":{\"@id\":\"https:\\\/\\\/mariellabgreen.com\\\/fr\\\/store\\\/collections-fr\\\/monochrome\\\/bikini-rouge\\\/#primaryimage\"},\"thumbnailUrl\":\"https:\\\/\\\/mariellabgreen.com\\\/wp-content\\\/uploads\\\/2025\\\/04\\\/Red-Bikini-MARIELLABGREEN_ecommerce_-1.jpg\",\"datePublished\":\"2024-12-09T16:09:30+00:00\",\"dateModified\":\"2025-04-19T12:10:53+00:00\",\"description\":\"Top avec ou sans bonnets et liens r\u00e9glables au dos et au buste. Slip r\u00e9glable avec liens et couvrance r\u00e9guli\u00e8re\",\"breadcrumb\":{\"@id\":\"https:\\\/\\\/mariellabgreen.com\\\/fr\\\/store\\\/collections-fr\\\/monochrome\\\/bikini-rouge\\\/#breadcrumb\"},\"inLanguage\":\"fr-FR\",\"potentialAction\":[{\"@type\":\"ReadAction\",\"target\":[\"https:\\\/\\\/mariellabgreen.com\\\/fr\\\/store\\\/collections-fr\\\/monochrome\\\/bikini-rouge\\\/\"]}]},{\"@type\":\"ImageObject\",\"inLanguage\":\"fr-FR\",\"@id\":\"https:\\\/\\\/mariellabgreen.com\\\/fr\\\/store\\\/collections-fr\\\/monochrome\\\/bikini-rouge\\\/#primaryimage\",\"url\":\"https:\\\/\\\/mariellabgreen.com\\\/wp-content\\\/uploads\\\/2025\\\/04\\\/Red-Bikini-MARIELLABGREEN_ecommerce_-1.jpg\",\"contentUrl\":\"https:\\\/\\\/mariellabgreen.com\\\/wp-content\\\/uploads\\\/2025\\\/04\\\/Red-Bikini-MARIELLABGREEN_ecommerce_-1.jpg\",\"width\":1067,\"height\":1600,\"caption\":\"Red Bikini 1\"},{\"@type\":\"BreadcrumbList\",\"@id\":\"https:\\\/\\\/mariellabgreen.com\\\/fr\\\/store\\\/collections-fr\\\/monochrome\\\/bikini-rouge\\\/#breadcrumb\",\"itemListElement\":[{\"@type\":\"ListItem\",\"position\":1,\"name\":\"Home\",\"item\":\"https:\\\/\\\/mariellabgreen.com\\\/fr\\\/\"},{\"@type\":\"ListItem\",\"position\":2,\"name\":\"Magasins\",\"item\":\"https:\\\/\\\/mariellabgreen.com\\\/fr\\\/magasins\\\/\"},{\"@type\":\"ListItem\",\"position\":3,\"name\":\"Bikini Rouge\"}]},{\"@type\":\"WebSite\",\"@id\":\"https:\\\/\\\/mariellabgreen.com\\\/fr\\\/#website\",\"url\":\"https:\\\/\\\/mariellabgreen.com\\\/fr\\\/\",\"name\":\"Mariella B.Green\",\"description\":\"Swimwear\",\"publisher\":{\"@id\":\"https:\\\/\\\/mariellabgreen.com\\\/fr\\\/#organization\"},\"potentialAction\":[{\"@type\":\"SearchAction\",\"target\":{\"@type\":\"EntryPoint\",\"urlTemplate\":\"https:\\\/\\\/mariellabgreen.com\\\/fr\\\/?s={search_term_string}\"},\"query-input\":{\"@type\":\"PropertyValueSpecification\",\"valueRequired\":true,\"valueName\":\"search_term_string\"}}],\"inLanguage\":\"fr-FR\"},{\"@type\":\"Organization\",\"@id\":\"https:\\\/\\\/mariellabgreen.com\\\/fr\\\/#organization\",\"name\":\"Mariella B.Green\",\"url\":\"https:\\\/\\\/mariellabgreen.com\\\/fr\\\/\",\"logo\":{\"@type\":\"ImageObject\",\"inLanguage\":\"fr-FR\",\"@id\":\"https:\\\/\\\/mariellabgreen.com\\\/fr\\\/#\\\/schema\\\/logo\\\/image\\\/\",\"url\":\"https:\\\/\\\/mariellabgreen.com\\\/wp-content\\\/uploads\\\/2023\\\/04\\\/logo-mariella-bgreen-square.jpg\",\"contentUrl\":\"https:\\\/\\\/mariellabgreen.com\\\/wp-content\\\/uploads\\\/2023\\\/04\\\/logo-mariella-bgreen-square.jpg\",\"width\":441,\"height\":441,\"caption\":\"Mariella B.Green\"},\"image\":{\"@id\":\"https:\\\/\\\/mariellabgreen.com\\\/fr\\\/#\\\/schema\\\/logo\\\/image\\\/\"}}]}<\/script>\n<!-- \/ Yoast SEO plugin. -->","yoast_head_json":{"title":"Bikini Rouge | Mariella B.Green","description":"Top avec ou sans bonnets et liens r\u00e9glables au dos et au buste. Slip r\u00e9glable avec liens et couvrance r\u00e9guli\u00e8re","robots":{"index":"index","follow":"follow","max-snippet":"max-snippet:-1","max-image-preview":"max-image-preview:large","max-video-preview":"max-video-preview:-1"},"canonical":"https:\/\/mariellabgreen.com\/fr\/store\/collections-fr\/monochrome\/bikini-rouge\/","og_locale":"fr_FR","og_type":"article","og_title":"Bikini Rouge | Mariella B.Green","og_description":"Top avec ou sans bonnets et liens r\u00e9glables au dos et au buste. Slip r\u00e9glable avec liens et couvrance r\u00e9guli\u00e8re","og_url":"https:\/\/mariellabgreen.com\/fr\/store\/collections-fr\/monochrome\/bikini-rouge\/","og_site_name":"Mariella B.Green","article_modified_time":"2025-04-19T12:10:53+00:00","og_image":[{"width":1067,"height":1600,"url":"https:\/\/mariellabgreen.com\/wp-content\/uploads\/2025\/04\/Red-Bikini-MARIELLABGREEN_ecommerce_-1.jpg","type":"image\/jpeg"}],"twitter_card":"summary_large_image","twitter_misc":{"Dur\u00e9e de lecture estim\u00e9e":"1 minute"},"schema":{"@context":"https:\/\/schema.org","@graph":[{"@type":"WebPage","@id":"https:\/\/mariellabgreen.com\/fr\/store\/collections-fr\/monochrome\/bikini-rouge\/","url":"https:\/\/mariellabgreen.com\/fr\/store\/collections-fr\/monochrome\/bikini-rouge\/","name":"Bikini Rouge | Mariella B.Green","isPartOf":{"@id":"https:\/\/mariellabgreen.com\/fr\/#website"},"primaryImageOfPage":{"@id":"https:\/\/mariellabgreen.com\/fr\/store\/collections-fr\/monochrome\/bikini-rouge\/#primaryimage"},"image":{"@id":"https:\/\/mariellabgreen.com\/fr\/store\/collections-fr\/monochrome\/bikini-rouge\/#primaryimage"},"thumbnailUrl":"https:\/\/mariellabgreen.com\/wp-content\/uploads\/2025\/04\/Red-Bikini-MARIELLABGREEN_ecommerce_-1.jpg","datePublished":"2024-12-09T16:09:30+00:00","dateModified":"2025-04-19T12:10:53+00:00","description":"Top avec ou sans bonnets et liens r\u00e9glables au dos et au buste. Slip r\u00e9glable avec liens et couvrance r\u00e9guli\u00e8re","breadcrumb":{"@id":"https:\/\/mariellabgreen.com\/fr\/store\/collections-fr\/monochrome\/bikini-rouge\/#breadcrumb"},"inLanguage":"fr-FR","potentialAction":[{"@type":"ReadAction","target":["https:\/\/mariellabgreen.com\/fr\/store\/collections-fr\/monochrome\/bikini-rouge\/"]}]},{"@type":"ImageObject","inLanguage":"fr-FR","@id":"https:\/\/mariellabgreen.com\/fr\/store\/collections-fr\/monochrome\/bikini-rouge\/#primaryimage","url":"https:\/\/mariellabgreen.com\/wp-content\/uploads\/2025\/04\/Red-Bikini-MARIELLABGREEN_ecommerce_-1.jpg","contentUrl":"https:\/\/mariellabgreen.com\/wp-content\/uploads\/2025\/04\/Red-Bikini-MARIELLABGREEN_ecommerce_-1.jpg","width":1067,"height":1600,"caption":"Red Bikini 1"},{"@type":"BreadcrumbList","@id":"https:\/\/mariellabgreen.com\/fr\/store\/collections-fr\/monochrome\/bikini-rouge\/#breadcrumb","itemListElement":[{"@type":"ListItem","position":1,"name":"Home","item":"https:\/\/mariellabgreen.com\/fr\/"},{"@type":"ListItem","position":2,"name":"Magasins","item":"https:\/\/mariellabgreen.com\/fr\/magasins\/"},{"@type":"ListItem","position":3,"name":"Bikini Rouge"}]},{"@type":"WebSite","@id":"https:\/\/mariellabgreen.com\/fr\/#website","url":"https:\/\/mariellabgreen.com\/fr\/","name":"Mariella B.Green","description":"Swimwear","publisher":{"@id":"https:\/\/mariellabgreen.com\/fr\/#organization"},"potentialAction":[{"@type":"SearchAction","target":{"@type":"EntryPoint","urlTemplate":"https:\/\/mariellabgreen.com\/fr\/?s={search_term_string}"},"query-input":{"@type":"PropertyValueSpecification","valueRequired":true,"valueName":"search_term_string"}}],"inLanguage":"fr-FR"},{"@type":"Organization","@id":"https:\/\/mariellabgreen.com\/fr\/#organization","name":"Mariella B.Green","url":"https:\/\/mariellabgreen.com\/fr\/","logo":{"@type":"ImageObject","inLanguage":"fr-FR","@id":"https:\/\/mariellabgreen.com\/fr\/#\/schema\/logo\/image\/","url":"https:\/\/mariellabgreen.com\/wp-content\/uploads\/2023\/04\/logo-mariella-bgreen-square.jpg","contentUrl":"https:\/\/mariellabgreen.com\/wp-content\/uploads\/2023\/04\/logo-mariella-bgreen-square.jpg","width":441,"height":441,"caption":"Mariella B.Green"},"image":{"@id":"https:\/\/mariellabgreen.com\/fr\/#\/schema\/logo\/image\/"}}]}},"_links":{"self":[{"href":"https:\/\/mariellabgreen.com\/fr\/wp-json\/wp\/v2\/product\/3503","targetHints":{"allow":["GET"]}}],"collection":[{"href":"https:\/\/mariellabgreen.com\/fr\/wp-json\/wp\/v2\/product"}],"about":[{"href":"https:\/\/mariellabgreen.com\/fr\/wp-json\/wp\/v2\/types\/product"}],"wp:featuredmedia":[{"embeddable":true,"href":"https:\/\/mariellabgreen.com\/fr\/wp-json\/wp\/v2\/media\/4590"}],"wp:attachment":[{"href":"https:\/\/mariellabgreen.com\/fr\/wp-json\/wp\/v2\/media?parent=3503"}],"wp:term":[{"taxonomy":"product_brand","embeddable":true,"href":"https:\/\/mariellabgreen.com\/fr\/wp-json\/wp\/v2\/product_brand?post=3503"},{"taxonomy":"product_cat","embeddable":true,"href":"https:\/\/mariellabgreen.com\/fr\/wp-json\/wp\/v2\/product_cat?post=3503"},{"taxonomy":"product_tag","embeddable":true,"href":"https:\/\/mariellabgreen.com\/fr\/wp-json\/wp\/v2\/product_tag?post=3503"}],"curies":[{"name":"wp","href":"https:\/\/api.w.org\/{rel}","templated":true}]}}