{"id":3356,"date":"2024-12-02T19:51:55","date_gmt":"2024-12-02T18:51:55","guid":{"rendered":"https:\/\/mariellabgreen.com\/magasins\/non%20class\u00e9\/borsa-menorchina\/"},"modified":"2025-04-12T20:21:33","modified_gmt":"2025-04-12T18:21:33","slug":"sac-fourre-tout-en-raphia","status":"publish","type":"product","link":"https:\/\/mariellabgreen.com\/fr\/store\/sacs\/sac-fourre-tout-en-raphia\/","title":{"rendered":"Sac fourre-tout en raphia"},"content":{"rendered":"","protected":false},"excerpt":{"rendered":"<p>Les sacs MariellaBGreen sont issus de la tradition textile de Minorque. Ils sont fabriqu\u00e9s \u00e0 la main sur l&rsquo;\u00eele par des artisans locaux, avec un ext\u00e9rieur en jute naturel, un int\u00e9rieur en coton et une garniture en cuir v\u00e9g\u00e9talien.<\/p>\n<p>Dimensions: 40 cm (hauteur) x 37 cm (base) x 10 cm (profondeur)<\/p>\n","protected":false},"featured_media":4226,"template":"","meta":[],"product_brand":[],"product_cat":[190],"product_tag":[211,153],"class_list":{"0":"post-3356","1":"product","2":"type-product","3":"status-publish","4":"has-post-thumbnail","6":"product_cat-sacs","7":"product_tag-accessoires","8":"product_tag-femme","10":"first","11":"instock","12":"shipping-taxable","13":"purchasable","14":"product-type-simple"},"yoast_head":"<!-- This site is optimized with the Yoast SEO plugin v27.3 - https:\/\/yoast.com\/product\/yoast-seo-wordpress\/ -->\n<title>Sac fourre-tout en raphia | Mariella B.Green<\/title>\n<meta name=\"description\" content=\"Les sacs MariellaBGreen sont issus de la tradition textile de Minorque. Ils sont fabriqu\u00e9s \u00e0 la main sur l&#039;\u00eele par des artisans locaux, avec un ext\u00e9rieur en jute naturel, un int\u00e9rieur en coton et une garniture en cuir v\u00e9g\u00e9talien.\" \/>\n<meta name=\"robots\" content=\"index, follow, max-snippet:-1, max-image-preview:large, max-video-preview:-1\" \/>\n<link rel=\"canonical\" href=\"https:\/\/mariellabgreen.com\/fr\/store\/sacs\/sac-fourre-tout-en-raphia\/\" \/>\n<meta property=\"og:locale\" content=\"fr_FR\" \/>\n<meta property=\"og:type\" content=\"article\" \/>\n<meta property=\"og:title\" content=\"Sac fourre-tout en raphia | Mariella B.Green\" \/>\n<meta property=\"og:description\" content=\"Les sacs MariellaBGreen sont issus de la tradition textile de Minorque. Ils sont fabriqu\u00e9s \u00e0 la main sur l&#039;\u00eele par des artisans locaux, avec un ext\u00e9rieur en jute naturel, un int\u00e9rieur en coton et une garniture en cuir v\u00e9g\u00e9talien.\" \/>\n<meta property=\"og:url\" content=\"https:\/\/mariellabgreen.com\/fr\/store\/sacs\/sac-fourre-tout-en-raphia\/\" \/>\n<meta property=\"og:site_name\" content=\"Mariella B.Green\" \/>\n<meta property=\"article:modified_time\" content=\"2025-04-12T18:21:33+00:00\" \/>\n<meta property=\"og:image\" content=\"https:\/\/mariellabgreen.com\/wp-content\/uploads\/2025\/04\/MARIELLABGREEN_ecommerce_-164.jpg\" \/>\n\t<meta property=\"og:image:width\" content=\"1067\" \/>\n\t<meta property=\"og:image:height\" content=\"1600\" \/>\n\t<meta property=\"og:image:type\" content=\"image\/jpeg\" \/>\n<meta name=\"twitter:card\" content=\"summary_large_image\" \/>\n<meta name=\"twitter:label1\" content=\"Dur\u00e9e de lecture estim\u00e9e\" \/>\n\t<meta name=\"twitter:data1\" content=\"1 minute\" \/>\n<script type=\"application\/ld+json\" class=\"yoast-schema-graph\">{\"@context\":\"https:\\\/\\\/schema.org\",\"@graph\":[{\"@type\":\"WebPage\",\"@id\":\"https:\\\/\\\/mariellabgreen.com\\\/fr\\\/store\\\/sacs\\\/sac-fourre-tout-en-raphia\\\/\",\"url\":\"https:\\\/\\\/mariellabgreen.com\\\/fr\\\/store\\\/sacs\\\/sac-fourre-tout-en-raphia\\\/\",\"name\":\"Sac fourre-tout en raphia | Mariella B.Green\",\"isPartOf\":{\"@id\":\"https:\\\/\\\/mariellabgreen.com\\\/fr\\\/#website\"},\"primaryImageOfPage\":{\"@id\":\"https:\\\/\\\/mariellabgreen.com\\\/fr\\\/store\\\/sacs\\\/sac-fourre-tout-en-raphia\\\/#primaryimage\"},\"image\":{\"@id\":\"https:\\\/\\\/mariellabgreen.com\\\/fr\\\/store\\\/sacs\\\/sac-fourre-tout-en-raphia\\\/#primaryimage\"},\"thumbnailUrl\":\"https:\\\/\\\/mariellabgreen.com\\\/wp-content\\\/uploads\\\/2025\\\/04\\\/MARIELLABGREEN_ecommerce_-164.jpg\",\"datePublished\":\"2024-12-02T18:51:55+00:00\",\"dateModified\":\"2025-04-12T18:21:33+00:00\",\"description\":\"Les sacs MariellaBGreen sont issus de la tradition textile de Minorque. Ils sont fabriqu\u00e9s \u00e0 la main sur l'\u00eele par des artisans locaux, avec un ext\u00e9rieur en jute naturel, un int\u00e9rieur en coton et une garniture en cuir v\u00e9g\u00e9talien.\",\"breadcrumb\":{\"@id\":\"https:\\\/\\\/mariellabgreen.com\\\/fr\\\/store\\\/sacs\\\/sac-fourre-tout-en-raphia\\\/#breadcrumb\"},\"inLanguage\":\"fr-FR\",\"potentialAction\":[{\"@type\":\"ReadAction\",\"target\":[\"https:\\\/\\\/mariellabgreen.com\\\/fr\\\/store\\\/sacs\\\/sac-fourre-tout-en-raphia\\\/\"]}]},{\"@type\":\"ImageObject\",\"inLanguage\":\"fr-FR\",\"@id\":\"https:\\\/\\\/mariellabgreen.com\\\/fr\\\/store\\\/sacs\\\/sac-fourre-tout-en-raphia\\\/#primaryimage\",\"url\":\"https:\\\/\\\/mariellabgreen.com\\\/wp-content\\\/uploads\\\/2025\\\/04\\\/MARIELLABGREEN_ecommerce_-164.jpg\",\"contentUrl\":\"https:\\\/\\\/mariellabgreen.com\\\/wp-content\\\/uploads\\\/2025\\\/04\\\/MARIELLABGREEN_ecommerce_-164.jpg\",\"width\":1067,\"height\":1600},{\"@type\":\"BreadcrumbList\",\"@id\":\"https:\\\/\\\/mariellabgreen.com\\\/fr\\\/store\\\/sacs\\\/sac-fourre-tout-en-raphia\\\/#breadcrumb\",\"itemListElement\":[{\"@type\":\"ListItem\",\"position\":1,\"name\":\"Home\",\"item\":\"https:\\\/\\\/mariellabgreen.com\\\/fr\\\/\"},{\"@type\":\"ListItem\",\"position\":2,\"name\":\"Magasins\",\"item\":\"https:\\\/\\\/mariellabgreen.com\\\/fr\\\/magasins\\\/\"},{\"@type\":\"ListItem\",\"position\":3,\"name\":\"Sac fourre-tout en raphia\"}]},{\"@type\":\"WebSite\",\"@id\":\"https:\\\/\\\/mariellabgreen.com\\\/fr\\\/#website\",\"url\":\"https:\\\/\\\/mariellabgreen.com\\\/fr\\\/\",\"name\":\"Mariella B.Green\",\"description\":\"Swimwear\",\"publisher\":{\"@id\":\"https:\\\/\\\/mariellabgreen.com\\\/fr\\\/#organization\"},\"potentialAction\":[{\"@type\":\"SearchAction\",\"target\":{\"@type\":\"EntryPoint\",\"urlTemplate\":\"https:\\\/\\\/mariellabgreen.com\\\/fr\\\/?s={search_term_string}\"},\"query-input\":{\"@type\":\"PropertyValueSpecification\",\"valueRequired\":true,\"valueName\":\"search_term_string\"}}],\"inLanguage\":\"fr-FR\"},{\"@type\":\"Organization\",\"@id\":\"https:\\\/\\\/mariellabgreen.com\\\/fr\\\/#organization\",\"name\":\"Mariella B.Green\",\"url\":\"https:\\\/\\\/mariellabgreen.com\\\/fr\\\/\",\"logo\":{\"@type\":\"ImageObject\",\"inLanguage\":\"fr-FR\",\"@id\":\"https:\\\/\\\/mariellabgreen.com\\\/fr\\\/#\\\/schema\\\/logo\\\/image\\\/\",\"url\":\"https:\\\/\\\/mariellabgreen.com\\\/wp-content\\\/uploads\\\/2023\\\/04\\\/logo-mariella-bgreen-square.jpg\",\"contentUrl\":\"https:\\\/\\\/mariellabgreen.com\\\/wp-content\\\/uploads\\\/2023\\\/04\\\/logo-mariella-bgreen-square.jpg\",\"width\":441,\"height\":441,\"caption\":\"Mariella B.Green\"},\"image\":{\"@id\":\"https:\\\/\\\/mariellabgreen.com\\\/fr\\\/#\\\/schema\\\/logo\\\/image\\\/\"}}]}<\/script>\n<!-- \/ Yoast SEO plugin. -->","yoast_head_json":{"title":"Sac fourre-tout en raphia | Mariella B.Green","description":"Les sacs MariellaBGreen sont issus de la tradition textile de Minorque. Ils sont fabriqu\u00e9s \u00e0 la main sur l'\u00eele par des artisans locaux, avec un ext\u00e9rieur en jute naturel, un int\u00e9rieur en coton et une garniture en cuir v\u00e9g\u00e9talien.","robots":{"index":"index","follow":"follow","max-snippet":"max-snippet:-1","max-image-preview":"max-image-preview:large","max-video-preview":"max-video-preview:-1"},"canonical":"https:\/\/mariellabgreen.com\/fr\/store\/sacs\/sac-fourre-tout-en-raphia\/","og_locale":"fr_FR","og_type":"article","og_title":"Sac fourre-tout en raphia | Mariella B.Green","og_description":"Les sacs MariellaBGreen sont issus de la tradition textile de Minorque. Ils sont fabriqu\u00e9s \u00e0 la main sur l'\u00eele par des artisans locaux, avec un ext\u00e9rieur en jute naturel, un int\u00e9rieur en coton et une garniture en cuir v\u00e9g\u00e9talien.","og_url":"https:\/\/mariellabgreen.com\/fr\/store\/sacs\/sac-fourre-tout-en-raphia\/","og_site_name":"Mariella B.Green","article_modified_time":"2025-04-12T18:21:33+00:00","og_image":[{"width":1067,"height":1600,"url":"https:\/\/mariellabgreen.com\/wp-content\/uploads\/2025\/04\/MARIELLABGREEN_ecommerce_-164.jpg","type":"image\/jpeg"}],"twitter_card":"summary_large_image","twitter_misc":{"Dur\u00e9e de lecture estim\u00e9e":"1 minute"},"schema":{"@context":"https:\/\/schema.org","@graph":[{"@type":"WebPage","@id":"https:\/\/mariellabgreen.com\/fr\/store\/sacs\/sac-fourre-tout-en-raphia\/","url":"https:\/\/mariellabgreen.com\/fr\/store\/sacs\/sac-fourre-tout-en-raphia\/","name":"Sac fourre-tout en raphia | Mariella B.Green","isPartOf":{"@id":"https:\/\/mariellabgreen.com\/fr\/#website"},"primaryImageOfPage":{"@id":"https:\/\/mariellabgreen.com\/fr\/store\/sacs\/sac-fourre-tout-en-raphia\/#primaryimage"},"image":{"@id":"https:\/\/mariellabgreen.com\/fr\/store\/sacs\/sac-fourre-tout-en-raphia\/#primaryimage"},"thumbnailUrl":"https:\/\/mariellabgreen.com\/wp-content\/uploads\/2025\/04\/MARIELLABGREEN_ecommerce_-164.jpg","datePublished":"2024-12-02T18:51:55+00:00","dateModified":"2025-04-12T18:21:33+00:00","description":"Les sacs MariellaBGreen sont issus de la tradition textile de Minorque. Ils sont fabriqu\u00e9s \u00e0 la main sur l'\u00eele par des artisans locaux, avec un ext\u00e9rieur en jute naturel, un int\u00e9rieur en coton et une garniture en cuir v\u00e9g\u00e9talien.","breadcrumb":{"@id":"https:\/\/mariellabgreen.com\/fr\/store\/sacs\/sac-fourre-tout-en-raphia\/#breadcrumb"},"inLanguage":"fr-FR","potentialAction":[{"@type":"ReadAction","target":["https:\/\/mariellabgreen.com\/fr\/store\/sacs\/sac-fourre-tout-en-raphia\/"]}]},{"@type":"ImageObject","inLanguage":"fr-FR","@id":"https:\/\/mariellabgreen.com\/fr\/store\/sacs\/sac-fourre-tout-en-raphia\/#primaryimage","url":"https:\/\/mariellabgreen.com\/wp-content\/uploads\/2025\/04\/MARIELLABGREEN_ecommerce_-164.jpg","contentUrl":"https:\/\/mariellabgreen.com\/wp-content\/uploads\/2025\/04\/MARIELLABGREEN_ecommerce_-164.jpg","width":1067,"height":1600},{"@type":"BreadcrumbList","@id":"https:\/\/mariellabgreen.com\/fr\/store\/sacs\/sac-fourre-tout-en-raphia\/#breadcrumb","itemListElement":[{"@type":"ListItem","position":1,"name":"Home","item":"https:\/\/mariellabgreen.com\/fr\/"},{"@type":"ListItem","position":2,"name":"Magasins","item":"https:\/\/mariellabgreen.com\/fr\/magasins\/"},{"@type":"ListItem","position":3,"name":"Sac fourre-tout en raphia"}]},{"@type":"WebSite","@id":"https:\/\/mariellabgreen.com\/fr\/#website","url":"https:\/\/mariellabgreen.com\/fr\/","name":"Mariella B.Green","description":"Swimwear","publisher":{"@id":"https:\/\/mariellabgreen.com\/fr\/#organization"},"potentialAction":[{"@type":"SearchAction","target":{"@type":"EntryPoint","urlTemplate":"https:\/\/mariellabgreen.com\/fr\/?s={search_term_string}"},"query-input":{"@type":"PropertyValueSpecification","valueRequired":true,"valueName":"search_term_string"}}],"inLanguage":"fr-FR"},{"@type":"Organization","@id":"https:\/\/mariellabgreen.com\/fr\/#organization","name":"Mariella B.Green","url":"https:\/\/mariellabgreen.com\/fr\/","logo":{"@type":"ImageObject","inLanguage":"fr-FR","@id":"https:\/\/mariellabgreen.com\/fr\/#\/schema\/logo\/image\/","url":"https:\/\/mariellabgreen.com\/wp-content\/uploads\/2023\/04\/logo-mariella-bgreen-square.jpg","contentUrl":"https:\/\/mariellabgreen.com\/wp-content\/uploads\/2023\/04\/logo-mariella-bgreen-square.jpg","width":441,"height":441,"caption":"Mariella B.Green"},"image":{"@id":"https:\/\/mariellabgreen.com\/fr\/#\/schema\/logo\/image\/"}}]}},"_links":{"self":[{"href":"https:\/\/mariellabgreen.com\/fr\/wp-json\/wp\/v2\/product\/3356","targetHints":{"allow":["GET"]}}],"collection":[{"href":"https:\/\/mariellabgreen.com\/fr\/wp-json\/wp\/v2\/product"}],"about":[{"href":"https:\/\/mariellabgreen.com\/fr\/wp-json\/wp\/v2\/types\/product"}],"wp:featuredmedia":[{"embeddable":true,"href":"https:\/\/mariellabgreen.com\/fr\/wp-json\/wp\/v2\/media\/4226"}],"wp:attachment":[{"href":"https:\/\/mariellabgreen.com\/fr\/wp-json\/wp\/v2\/media?parent=3356"}],"wp:term":[{"taxonomy":"product_brand","embeddable":true,"href":"https:\/\/mariellabgreen.com\/fr\/wp-json\/wp\/v2\/product_brand?post=3356"},{"taxonomy":"product_cat","embeddable":true,"href":"https:\/\/mariellabgreen.com\/fr\/wp-json\/wp\/v2\/product_cat?post=3356"},{"taxonomy":"product_tag","embeddable":true,"href":"https:\/\/mariellabgreen.com\/fr\/wp-json\/wp\/v2\/product_tag?post=3356"}],"curies":[{"name":"wp","href":"https:\/\/api.w.org\/{rel}","templated":true}]}}