{"id":2563,"date":"2024-05-22T17:57:50","date_gmt":"2024-05-22T15:57:50","guid":{"rendered":"https:\/\/mariellabgreen.com\/magasins\/non%20class\u00e9\/sea-urchins-deep\/"},"modified":"2025-04-19T14:58:25","modified_gmt":"2025-04-19T12:58:25","slug":"maillot-de-bain-une-piece-avec-motifs-doursins-sur-fond-blanc","status":"publish","type":"product","link":"https:\/\/mariellabgreen.com\/fr\/store\/collections-fr\/sea-urchins\/maillot-de-bain-une-piece-avec-motifs-doursins-sur-fond-blanc\/","title":{"rendered":"Maillot de bain une pi\u00e8ce avec motifs d\u2019oursins sur fond blanc"},"content":{"rendered":"","protected":false},"excerpt":{"rendered":"<p>Maillot de bain une pi\u00e8ce Sea Urchins avec broderie profonde<\/p>\n","protected":false},"featured_media":4656,"template":"","meta":[],"product_brand":[],"product_cat":[144],"product_tag":[153,167],"class_list":{"0":"post-2563","1":"product","2":"type-product","3":"status-publish","4":"has-post-thumbnail","6":"product_cat-sea-urchins","7":"product_tag-femme","8":"product_tag-une-piece","10":"first","11":"instock","12":"shipping-taxable","13":"purchasable","14":"product-type-variable"},"yoast_head":"<!-- This site is optimized with the Yoast SEO plugin v27.3 - https:\/\/yoast.com\/product\/yoast-seo-wordpress\/ -->\n<title>Maillot de bain une pi\u00e8ce avec motifs d\u2019oursins sur fond blanc | Mariella B.Green<\/title>\n<meta name=\"description\" content=\"Maillot de bain une pi\u00e8ce avec motifs d&#039;oursins sur fond blanc, d\u00e9collet\u00e9 s\u00e9duisant, broderie au crochet \u00e0 la main qui suit toute la ligne du maillot, coques amovibles, d\u00e9collet\u00e9 profond dans le dos et liens ajustables \u00e0 nouer dans le cou et dans le dos.\" \/>\n<meta name=\"robots\" content=\"index, follow, max-snippet:-1, max-image-preview:large, max-video-preview:-1\" \/>\n<link rel=\"canonical\" href=\"https:\/\/mariellabgreen.com\/fr\/store\/collections-fr\/sea-urchins\/maillot-de-bain-une-piece-avec-motifs-doursins-sur-fond-blanc\/\" \/>\n<meta property=\"og:locale\" content=\"fr_FR\" \/>\n<meta property=\"og:type\" content=\"article\" \/>\n<meta property=\"og:title\" content=\"Maillot de bain une pi\u00e8ce avec motifs d\u2019oursins sur fond blanc | Mariella B.Green\" \/>\n<meta property=\"og:description\" content=\"Maillot de bain une pi\u00e8ce avec motifs d&#039;oursins sur fond blanc, d\u00e9collet\u00e9 s\u00e9duisant, broderie au crochet \u00e0 la main qui suit toute la ligne du maillot, coques amovibles, d\u00e9collet\u00e9 profond dans le dos et liens ajustables \u00e0 nouer dans le cou et dans le dos.\" \/>\n<meta property=\"og:url\" content=\"https:\/\/mariellabgreen.com\/fr\/store\/collections-fr\/sea-urchins\/maillot-de-bain-une-piece-avec-motifs-doursins-sur-fond-blanc\/\" \/>\n<meta property=\"og:site_name\" content=\"Mariella B.Green\" \/>\n<meta property=\"article:modified_time\" content=\"2025-04-19T12:58:25+00:00\" \/>\n<meta property=\"og:image\" content=\"https:\/\/mariellabgreen.com\/wp-content\/uploads\/2025\/04\/Sea-Urchins-One-Piece-Deep-Embroidered-MARIELLABGREEN_ecommerce_-1.jpg\" \/>\n\t<meta property=\"og:image:width\" content=\"1067\" \/>\n\t<meta property=\"og:image:height\" content=\"1600\" \/>\n\t<meta property=\"og:image:type\" content=\"image\/jpeg\" \/>\n<meta name=\"twitter:card\" content=\"summary_large_image\" \/>\n<meta name=\"twitter:label1\" content=\"Dur\u00e9e de lecture estim\u00e9e\" \/>\n\t<meta name=\"twitter:data1\" content=\"1 minute\" \/>\n<script type=\"application\/ld+json\" class=\"yoast-schema-graph\">{\"@context\":\"https:\\\/\\\/schema.org\",\"@graph\":[{\"@type\":\"WebPage\",\"@id\":\"https:\\\/\\\/mariellabgreen.com\\\/fr\\\/store\\\/collections-fr\\\/sea-urchins\\\/maillot-de-bain-une-piece-avec-motifs-doursins-sur-fond-blanc\\\/\",\"url\":\"https:\\\/\\\/mariellabgreen.com\\\/fr\\\/store\\\/collections-fr\\\/sea-urchins\\\/maillot-de-bain-une-piece-avec-motifs-doursins-sur-fond-blanc\\\/\",\"name\":\"Maillot de bain une pi\u00e8ce avec motifs d\u2019oursins sur fond blanc | Mariella B.Green\",\"isPartOf\":{\"@id\":\"https:\\\/\\\/mariellabgreen.com\\\/fr\\\/#website\"},\"primaryImageOfPage\":{\"@id\":\"https:\\\/\\\/mariellabgreen.com\\\/fr\\\/store\\\/collections-fr\\\/sea-urchins\\\/maillot-de-bain-une-piece-avec-motifs-doursins-sur-fond-blanc\\\/#primaryimage\"},\"image\":{\"@id\":\"https:\\\/\\\/mariellabgreen.com\\\/fr\\\/store\\\/collections-fr\\\/sea-urchins\\\/maillot-de-bain-une-piece-avec-motifs-doursins-sur-fond-blanc\\\/#primaryimage\"},\"thumbnailUrl\":\"https:\\\/\\\/mariellabgreen.com\\\/wp-content\\\/uploads\\\/2025\\\/04\\\/Sea-Urchins-One-Piece-Deep-Embroidered-MARIELLABGREEN_ecommerce_-1.jpg\",\"datePublished\":\"2024-05-22T15:57:50+00:00\",\"dateModified\":\"2025-04-19T12:58:25+00:00\",\"description\":\"Maillot de bain une pi\u00e8ce avec motifs d'oursins sur fond blanc, d\u00e9collet\u00e9 s\u00e9duisant, broderie au crochet \u00e0 la main qui suit toute la ligne du maillot, coques amovibles, d\u00e9collet\u00e9 profond dans le dos et liens ajustables \u00e0 nouer dans le cou et dans le dos.\",\"breadcrumb\":{\"@id\":\"https:\\\/\\\/mariellabgreen.com\\\/fr\\\/store\\\/collections-fr\\\/sea-urchins\\\/maillot-de-bain-une-piece-avec-motifs-doursins-sur-fond-blanc\\\/#breadcrumb\"},\"inLanguage\":\"fr-FR\",\"potentialAction\":[{\"@type\":\"ReadAction\",\"target\":[\"https:\\\/\\\/mariellabgreen.com\\\/fr\\\/store\\\/collections-fr\\\/sea-urchins\\\/maillot-de-bain-une-piece-avec-motifs-doursins-sur-fond-blanc\\\/\"]}]},{\"@type\":\"ImageObject\",\"inLanguage\":\"fr-FR\",\"@id\":\"https:\\\/\\\/mariellabgreen.com\\\/fr\\\/store\\\/collections-fr\\\/sea-urchins\\\/maillot-de-bain-une-piece-avec-motifs-doursins-sur-fond-blanc\\\/#primaryimage\",\"url\":\"https:\\\/\\\/mariellabgreen.com\\\/wp-content\\\/uploads\\\/2025\\\/04\\\/Sea-Urchins-One-Piece-Deep-Embroidered-MARIELLABGREEN_ecommerce_-1.jpg\",\"contentUrl\":\"https:\\\/\\\/mariellabgreen.com\\\/wp-content\\\/uploads\\\/2025\\\/04\\\/Sea-Urchins-One-Piece-Deep-Embroidered-MARIELLABGREEN_ecommerce_-1.jpg\",\"width\":1067,\"height\":1600,\"caption\":\"Sea Urchins One-Piece Deep Embroidered 1\"},{\"@type\":\"BreadcrumbList\",\"@id\":\"https:\\\/\\\/mariellabgreen.com\\\/fr\\\/store\\\/collections-fr\\\/sea-urchins\\\/maillot-de-bain-une-piece-avec-motifs-doursins-sur-fond-blanc\\\/#breadcrumb\",\"itemListElement\":[{\"@type\":\"ListItem\",\"position\":1,\"name\":\"Home\",\"item\":\"https:\\\/\\\/mariellabgreen.com\\\/fr\\\/\"},{\"@type\":\"ListItem\",\"position\":2,\"name\":\"Magasins\",\"item\":\"https:\\\/\\\/mariellabgreen.com\\\/fr\\\/magasins\\\/\"},{\"@type\":\"ListItem\",\"position\":3,\"name\":\"Maillot de bain une pi\u00e8ce avec motifs d\u2019oursins sur fond blanc\"}]},{\"@type\":\"WebSite\",\"@id\":\"https:\\\/\\\/mariellabgreen.com\\\/fr\\\/#website\",\"url\":\"https:\\\/\\\/mariellabgreen.com\\\/fr\\\/\",\"name\":\"Mariella B.Green\",\"description\":\"Swimwear\",\"publisher\":{\"@id\":\"https:\\\/\\\/mariellabgreen.com\\\/fr\\\/#organization\"},\"potentialAction\":[{\"@type\":\"SearchAction\",\"target\":{\"@type\":\"EntryPoint\",\"urlTemplate\":\"https:\\\/\\\/mariellabgreen.com\\\/fr\\\/?s={search_term_string}\"},\"query-input\":{\"@type\":\"PropertyValueSpecification\",\"valueRequired\":true,\"valueName\":\"search_term_string\"}}],\"inLanguage\":\"fr-FR\"},{\"@type\":\"Organization\",\"@id\":\"https:\\\/\\\/mariellabgreen.com\\\/fr\\\/#organization\",\"name\":\"Mariella B.Green\",\"url\":\"https:\\\/\\\/mariellabgreen.com\\\/fr\\\/\",\"logo\":{\"@type\":\"ImageObject\",\"inLanguage\":\"fr-FR\",\"@id\":\"https:\\\/\\\/mariellabgreen.com\\\/fr\\\/#\\\/schema\\\/logo\\\/image\\\/\",\"url\":\"https:\\\/\\\/mariellabgreen.com\\\/wp-content\\\/uploads\\\/2023\\\/04\\\/logo-mariella-bgreen-square.jpg\",\"contentUrl\":\"https:\\\/\\\/mariellabgreen.com\\\/wp-content\\\/uploads\\\/2023\\\/04\\\/logo-mariella-bgreen-square.jpg\",\"width\":441,\"height\":441,\"caption\":\"Mariella B.Green\"},\"image\":{\"@id\":\"https:\\\/\\\/mariellabgreen.com\\\/fr\\\/#\\\/schema\\\/logo\\\/image\\\/\"}}]}<\/script>\n<!-- \/ Yoast SEO plugin. -->","yoast_head_json":{"title":"Maillot de bain une pi\u00e8ce avec motifs d\u2019oursins sur fond blanc | Mariella B.Green","description":"Maillot de bain une pi\u00e8ce avec motifs d'oursins sur fond blanc, d\u00e9collet\u00e9 s\u00e9duisant, broderie au crochet \u00e0 la main qui suit toute la ligne du maillot, coques amovibles, d\u00e9collet\u00e9 profond dans le dos et liens ajustables \u00e0 nouer dans le cou et dans le dos.","robots":{"index":"index","follow":"follow","max-snippet":"max-snippet:-1","max-image-preview":"max-image-preview:large","max-video-preview":"max-video-preview:-1"},"canonical":"https:\/\/mariellabgreen.com\/fr\/store\/collections-fr\/sea-urchins\/maillot-de-bain-une-piece-avec-motifs-doursins-sur-fond-blanc\/","og_locale":"fr_FR","og_type":"article","og_title":"Maillot de bain une pi\u00e8ce avec motifs d\u2019oursins sur fond blanc | Mariella B.Green","og_description":"Maillot de bain une pi\u00e8ce avec motifs d'oursins sur fond blanc, d\u00e9collet\u00e9 s\u00e9duisant, broderie au crochet \u00e0 la main qui suit toute la ligne du maillot, coques amovibles, d\u00e9collet\u00e9 profond dans le dos et liens ajustables \u00e0 nouer dans le cou et dans le dos.","og_url":"https:\/\/mariellabgreen.com\/fr\/store\/collections-fr\/sea-urchins\/maillot-de-bain-une-piece-avec-motifs-doursins-sur-fond-blanc\/","og_site_name":"Mariella B.Green","article_modified_time":"2025-04-19T12:58:25+00:00","og_image":[{"width":1067,"height":1600,"url":"https:\/\/mariellabgreen.com\/wp-content\/uploads\/2025\/04\/Sea-Urchins-One-Piece-Deep-Embroidered-MARIELLABGREEN_ecommerce_-1.jpg","type":"image\/jpeg"}],"twitter_card":"summary_large_image","twitter_misc":{"Dur\u00e9e de lecture estim\u00e9e":"1 minute"},"schema":{"@context":"https:\/\/schema.org","@graph":[{"@type":"WebPage","@id":"https:\/\/mariellabgreen.com\/fr\/store\/collections-fr\/sea-urchins\/maillot-de-bain-une-piece-avec-motifs-doursins-sur-fond-blanc\/","url":"https:\/\/mariellabgreen.com\/fr\/store\/collections-fr\/sea-urchins\/maillot-de-bain-une-piece-avec-motifs-doursins-sur-fond-blanc\/","name":"Maillot de bain une pi\u00e8ce avec motifs d\u2019oursins sur fond blanc | Mariella B.Green","isPartOf":{"@id":"https:\/\/mariellabgreen.com\/fr\/#website"},"primaryImageOfPage":{"@id":"https:\/\/mariellabgreen.com\/fr\/store\/collections-fr\/sea-urchins\/maillot-de-bain-une-piece-avec-motifs-doursins-sur-fond-blanc\/#primaryimage"},"image":{"@id":"https:\/\/mariellabgreen.com\/fr\/store\/collections-fr\/sea-urchins\/maillot-de-bain-une-piece-avec-motifs-doursins-sur-fond-blanc\/#primaryimage"},"thumbnailUrl":"https:\/\/mariellabgreen.com\/wp-content\/uploads\/2025\/04\/Sea-Urchins-One-Piece-Deep-Embroidered-MARIELLABGREEN_ecommerce_-1.jpg","datePublished":"2024-05-22T15:57:50+00:00","dateModified":"2025-04-19T12:58:25+00:00","description":"Maillot de bain une pi\u00e8ce avec motifs d'oursins sur fond blanc, d\u00e9collet\u00e9 s\u00e9duisant, broderie au crochet \u00e0 la main qui suit toute la ligne du maillot, coques amovibles, d\u00e9collet\u00e9 profond dans le dos et liens ajustables \u00e0 nouer dans le cou et dans le dos.","breadcrumb":{"@id":"https:\/\/mariellabgreen.com\/fr\/store\/collections-fr\/sea-urchins\/maillot-de-bain-une-piece-avec-motifs-doursins-sur-fond-blanc\/#breadcrumb"},"inLanguage":"fr-FR","potentialAction":[{"@type":"ReadAction","target":["https:\/\/mariellabgreen.com\/fr\/store\/collections-fr\/sea-urchins\/maillot-de-bain-une-piece-avec-motifs-doursins-sur-fond-blanc\/"]}]},{"@type":"ImageObject","inLanguage":"fr-FR","@id":"https:\/\/mariellabgreen.com\/fr\/store\/collections-fr\/sea-urchins\/maillot-de-bain-une-piece-avec-motifs-doursins-sur-fond-blanc\/#primaryimage","url":"https:\/\/mariellabgreen.com\/wp-content\/uploads\/2025\/04\/Sea-Urchins-One-Piece-Deep-Embroidered-MARIELLABGREEN_ecommerce_-1.jpg","contentUrl":"https:\/\/mariellabgreen.com\/wp-content\/uploads\/2025\/04\/Sea-Urchins-One-Piece-Deep-Embroidered-MARIELLABGREEN_ecommerce_-1.jpg","width":1067,"height":1600,"caption":"Sea Urchins One-Piece Deep Embroidered 1"},{"@type":"BreadcrumbList","@id":"https:\/\/mariellabgreen.com\/fr\/store\/collections-fr\/sea-urchins\/maillot-de-bain-une-piece-avec-motifs-doursins-sur-fond-blanc\/#breadcrumb","itemListElement":[{"@type":"ListItem","position":1,"name":"Home","item":"https:\/\/mariellabgreen.com\/fr\/"},{"@type":"ListItem","position":2,"name":"Magasins","item":"https:\/\/mariellabgreen.com\/fr\/magasins\/"},{"@type":"ListItem","position":3,"name":"Maillot de bain une pi\u00e8ce avec motifs d\u2019oursins sur fond blanc"}]},{"@type":"WebSite","@id":"https:\/\/mariellabgreen.com\/fr\/#website","url":"https:\/\/mariellabgreen.com\/fr\/","name":"Mariella B.Green","description":"Swimwear","publisher":{"@id":"https:\/\/mariellabgreen.com\/fr\/#organization"},"potentialAction":[{"@type":"SearchAction","target":{"@type":"EntryPoint","urlTemplate":"https:\/\/mariellabgreen.com\/fr\/?s={search_term_string}"},"query-input":{"@type":"PropertyValueSpecification","valueRequired":true,"valueName":"search_term_string"}}],"inLanguage":"fr-FR"},{"@type":"Organization","@id":"https:\/\/mariellabgreen.com\/fr\/#organization","name":"Mariella B.Green","url":"https:\/\/mariellabgreen.com\/fr\/","logo":{"@type":"ImageObject","inLanguage":"fr-FR","@id":"https:\/\/mariellabgreen.com\/fr\/#\/schema\/logo\/image\/","url":"https:\/\/mariellabgreen.com\/wp-content\/uploads\/2023\/04\/logo-mariella-bgreen-square.jpg","contentUrl":"https:\/\/mariellabgreen.com\/wp-content\/uploads\/2023\/04\/logo-mariella-bgreen-square.jpg","width":441,"height":441,"caption":"Mariella B.Green"},"image":{"@id":"https:\/\/mariellabgreen.com\/fr\/#\/schema\/logo\/image\/"}}]}},"_links":{"self":[{"href":"https:\/\/mariellabgreen.com\/fr\/wp-json\/wp\/v2\/product\/2563","targetHints":{"allow":["GET"]}}],"collection":[{"href":"https:\/\/mariellabgreen.com\/fr\/wp-json\/wp\/v2\/product"}],"about":[{"href":"https:\/\/mariellabgreen.com\/fr\/wp-json\/wp\/v2\/types\/product"}],"wp:featuredmedia":[{"embeddable":true,"href":"https:\/\/mariellabgreen.com\/fr\/wp-json\/wp\/v2\/media\/4656"}],"wp:attachment":[{"href":"https:\/\/mariellabgreen.com\/fr\/wp-json\/wp\/v2\/media?parent=2563"}],"wp:term":[{"taxonomy":"product_brand","embeddable":true,"href":"https:\/\/mariellabgreen.com\/fr\/wp-json\/wp\/v2\/product_brand?post=2563"},{"taxonomy":"product_cat","embeddable":true,"href":"https:\/\/mariellabgreen.com\/fr\/wp-json\/wp\/v2\/product_cat?post=2563"},{"taxonomy":"product_tag","embeddable":true,"href":"https:\/\/mariellabgreen.com\/fr\/wp-json\/wp\/v2\/product_tag?post=2563"}],"curies":[{"name":"wp","href":"https:\/\/api.w.org\/{rel}","templated":true}]}}