{"id":2148,"date":"2022-04-13T11:23:53","date_gmt":"2022-04-13T09:23:53","guid":{"rendered":"https:\/\/mariellabgreen.com\/store\/non%20class\u00e9\/ambra\/"},"modified":"2025-04-18T00:56:09","modified_gmt":"2025-04-17T22:56:09","slug":"maillot-de-bain-une-piece-ambre","status":"publish","type":"product","link":"https:\/\/mariellabgreen.com\/fr\/store\/collections-fr\/desert-vibes\/maillot-de-bain-une-piece-ambre\/","title":{"rendered":"Maillot de bain une pi\u00e8ce Ambre"},"content":{"rendered":"","protected":false},"excerpt":{"rendered":"<p>Maillot de bain une pi\u00e8ce galbant, couleur champagne<\/p>\n","protected":false},"featured_media":4309,"template":"","meta":[],"product_brand":[],"product_cat":[121],"product_tag":[153,167],"class_list":{"0":"post-2148","1":"product","2":"type-product","3":"status-publish","4":"has-post-thumbnail","6":"product_cat-desert-vibes","7":"product_tag-femme","8":"product_tag-une-piece","10":"first","11":"instock","12":"shipping-taxable","13":"purchasable","14":"product-type-variable"},"yoast_head":"<!-- This site is optimized with the Yoast SEO plugin v27.3 - https:\/\/yoast.com\/product\/yoast-seo-wordpress\/ -->\n<title>Maillot de bain une pi\u00e8ce Ambre | Mariella B.Green<\/title>\n<meta name=\"description\" content=\"Maillot de bain une pi\u00e8ce avec l\u00e9ger d\u00e9collet\u00e9 en V dans le dos et fines bretelles tress\u00e9es gris tourterelle. Bonnets avec coussinets amovibles.\" \/>\n<meta name=\"robots\" content=\"index, follow, max-snippet:-1, max-image-preview:large, max-video-preview:-1\" \/>\n<link rel=\"canonical\" href=\"https:\/\/mariellabgreen.com\/fr\/store\/collections-fr\/desert-vibes\/maillot-de-bain-une-piece-ambre\/\" \/>\n<meta property=\"og:locale\" content=\"fr_FR\" \/>\n<meta property=\"og:type\" content=\"article\" \/>\n<meta property=\"og:title\" content=\"Maillot de bain une pi\u00e8ce Ambre | Mariella B.Green\" \/>\n<meta property=\"og:description\" content=\"Maillot de bain une pi\u00e8ce avec l\u00e9ger d\u00e9collet\u00e9 en V dans le dos et fines bretelles tress\u00e9es gris tourterelle. Bonnets avec coussinets amovibles.\" \/>\n<meta property=\"og:url\" content=\"https:\/\/mariellabgreen.com\/fr\/store\/collections-fr\/desert-vibes\/maillot-de-bain-une-piece-ambre\/\" \/>\n<meta property=\"og:site_name\" content=\"Mariella B.Green\" \/>\n<meta property=\"article:modified_time\" content=\"2025-04-17T22:56:09+00:00\" \/>\n<meta property=\"og:image\" content=\"https:\/\/mariellabgreen.com\/wp-content\/uploads\/2025\/04\/Ambra-One-Piece-MARIELLABGREEN_ecommerce_-1.jpg\" \/>\n\t<meta property=\"og:image:width\" content=\"1067\" \/>\n\t<meta property=\"og:image:height\" content=\"1600\" \/>\n\t<meta property=\"og:image:type\" content=\"image\/jpeg\" \/>\n<meta name=\"twitter:card\" content=\"summary_large_image\" \/>\n<meta name=\"twitter:label1\" content=\"Dur\u00e9e de lecture estim\u00e9e\" \/>\n\t<meta name=\"twitter:data1\" content=\"1 minute\" \/>\n<script type=\"application\/ld+json\" class=\"yoast-schema-graph\">{\"@context\":\"https:\\\/\\\/schema.org\",\"@graph\":[{\"@type\":\"WebPage\",\"@id\":\"https:\\\/\\\/mariellabgreen.com\\\/fr\\\/store\\\/collections-fr\\\/desert-vibes\\\/maillot-de-bain-une-piece-ambre\\\/\",\"url\":\"https:\\\/\\\/mariellabgreen.com\\\/fr\\\/store\\\/collections-fr\\\/desert-vibes\\\/maillot-de-bain-une-piece-ambre\\\/\",\"name\":\"Maillot de bain une pi\u00e8ce Ambre | Mariella B.Green\",\"isPartOf\":{\"@id\":\"https:\\\/\\\/mariellabgreen.com\\\/fr\\\/#website\"},\"primaryImageOfPage\":{\"@id\":\"https:\\\/\\\/mariellabgreen.com\\\/fr\\\/store\\\/collections-fr\\\/desert-vibes\\\/maillot-de-bain-une-piece-ambre\\\/#primaryimage\"},\"image\":{\"@id\":\"https:\\\/\\\/mariellabgreen.com\\\/fr\\\/store\\\/collections-fr\\\/desert-vibes\\\/maillot-de-bain-une-piece-ambre\\\/#primaryimage\"},\"thumbnailUrl\":\"https:\\\/\\\/mariellabgreen.com\\\/wp-content\\\/uploads\\\/2025\\\/04\\\/Ambra-One-Piece-MARIELLABGREEN_ecommerce_-1.jpg\",\"datePublished\":\"2022-04-13T09:23:53+00:00\",\"dateModified\":\"2025-04-17T22:56:09+00:00\",\"description\":\"Maillot de bain une pi\u00e8ce avec l\u00e9ger d\u00e9collet\u00e9 en V dans le dos et fines bretelles tress\u00e9es gris tourterelle. Bonnets avec coussinets amovibles.\",\"breadcrumb\":{\"@id\":\"https:\\\/\\\/mariellabgreen.com\\\/fr\\\/store\\\/collections-fr\\\/desert-vibes\\\/maillot-de-bain-une-piece-ambre\\\/#breadcrumb\"},\"inLanguage\":\"fr-FR\",\"potentialAction\":[{\"@type\":\"ReadAction\",\"target\":[\"https:\\\/\\\/mariellabgreen.com\\\/fr\\\/store\\\/collections-fr\\\/desert-vibes\\\/maillot-de-bain-une-piece-ambre\\\/\"]}]},{\"@type\":\"ImageObject\",\"inLanguage\":\"fr-FR\",\"@id\":\"https:\\\/\\\/mariellabgreen.com\\\/fr\\\/store\\\/collections-fr\\\/desert-vibes\\\/maillot-de-bain-une-piece-ambre\\\/#primaryimage\",\"url\":\"https:\\\/\\\/mariellabgreen.com\\\/wp-content\\\/uploads\\\/2025\\\/04\\\/Ambra-One-Piece-MARIELLABGREEN_ecommerce_-1.jpg\",\"contentUrl\":\"https:\\\/\\\/mariellabgreen.com\\\/wp-content\\\/uploads\\\/2025\\\/04\\\/Ambra-One-Piece-MARIELLABGREEN_ecommerce_-1.jpg\",\"width\":1067,\"height\":1600,\"caption\":\"Ambra One Piece 1\"},{\"@type\":\"BreadcrumbList\",\"@id\":\"https:\\\/\\\/mariellabgreen.com\\\/fr\\\/store\\\/collections-fr\\\/desert-vibes\\\/maillot-de-bain-une-piece-ambre\\\/#breadcrumb\",\"itemListElement\":[{\"@type\":\"ListItem\",\"position\":1,\"name\":\"Home\",\"item\":\"https:\\\/\\\/mariellabgreen.com\\\/fr\\\/\"},{\"@type\":\"ListItem\",\"position\":2,\"name\":\"Magasins\",\"item\":\"https:\\\/\\\/mariellabgreen.com\\\/fr\\\/magasins\\\/\"},{\"@type\":\"ListItem\",\"position\":3,\"name\":\"Maillot de bain une pi\u00e8ce Ambre\"}]},{\"@type\":\"WebSite\",\"@id\":\"https:\\\/\\\/mariellabgreen.com\\\/fr\\\/#website\",\"url\":\"https:\\\/\\\/mariellabgreen.com\\\/fr\\\/\",\"name\":\"Mariella B.Green\",\"description\":\"Swimwear\",\"publisher\":{\"@id\":\"https:\\\/\\\/mariellabgreen.com\\\/fr\\\/#organization\"},\"potentialAction\":[{\"@type\":\"SearchAction\",\"target\":{\"@type\":\"EntryPoint\",\"urlTemplate\":\"https:\\\/\\\/mariellabgreen.com\\\/fr\\\/?s={search_term_string}\"},\"query-input\":{\"@type\":\"PropertyValueSpecification\",\"valueRequired\":true,\"valueName\":\"search_term_string\"}}],\"inLanguage\":\"fr-FR\"},{\"@type\":\"Organization\",\"@id\":\"https:\\\/\\\/mariellabgreen.com\\\/fr\\\/#organization\",\"name\":\"Mariella B.Green\",\"url\":\"https:\\\/\\\/mariellabgreen.com\\\/fr\\\/\",\"logo\":{\"@type\":\"ImageObject\",\"inLanguage\":\"fr-FR\",\"@id\":\"https:\\\/\\\/mariellabgreen.com\\\/fr\\\/#\\\/schema\\\/logo\\\/image\\\/\",\"url\":\"https:\\\/\\\/mariellabgreen.com\\\/wp-content\\\/uploads\\\/2023\\\/04\\\/logo-mariella-bgreen-square.jpg\",\"contentUrl\":\"https:\\\/\\\/mariellabgreen.com\\\/wp-content\\\/uploads\\\/2023\\\/04\\\/logo-mariella-bgreen-square.jpg\",\"width\":441,\"height\":441,\"caption\":\"Mariella B.Green\"},\"image\":{\"@id\":\"https:\\\/\\\/mariellabgreen.com\\\/fr\\\/#\\\/schema\\\/logo\\\/image\\\/\"}}]}<\/script>\n<!-- \/ Yoast SEO plugin. -->","yoast_head_json":{"title":"Maillot de bain une pi\u00e8ce Ambre | Mariella B.Green","description":"Maillot de bain une pi\u00e8ce avec l\u00e9ger d\u00e9collet\u00e9 en V dans le dos et fines bretelles tress\u00e9es gris tourterelle. Bonnets avec coussinets amovibles.","robots":{"index":"index","follow":"follow","max-snippet":"max-snippet:-1","max-image-preview":"max-image-preview:large","max-video-preview":"max-video-preview:-1"},"canonical":"https:\/\/mariellabgreen.com\/fr\/store\/collections-fr\/desert-vibes\/maillot-de-bain-une-piece-ambre\/","og_locale":"fr_FR","og_type":"article","og_title":"Maillot de bain une pi\u00e8ce Ambre | Mariella B.Green","og_description":"Maillot de bain une pi\u00e8ce avec l\u00e9ger d\u00e9collet\u00e9 en V dans le dos et fines bretelles tress\u00e9es gris tourterelle. Bonnets avec coussinets amovibles.","og_url":"https:\/\/mariellabgreen.com\/fr\/store\/collections-fr\/desert-vibes\/maillot-de-bain-une-piece-ambre\/","og_site_name":"Mariella B.Green","article_modified_time":"2025-04-17T22:56:09+00:00","og_image":[{"width":1067,"height":1600,"url":"https:\/\/mariellabgreen.com\/wp-content\/uploads\/2025\/04\/Ambra-One-Piece-MARIELLABGREEN_ecommerce_-1.jpg","type":"image\/jpeg"}],"twitter_card":"summary_large_image","twitter_misc":{"Dur\u00e9e de lecture estim\u00e9e":"1 minute"},"schema":{"@context":"https:\/\/schema.org","@graph":[{"@type":"WebPage","@id":"https:\/\/mariellabgreen.com\/fr\/store\/collections-fr\/desert-vibes\/maillot-de-bain-une-piece-ambre\/","url":"https:\/\/mariellabgreen.com\/fr\/store\/collections-fr\/desert-vibes\/maillot-de-bain-une-piece-ambre\/","name":"Maillot de bain une pi\u00e8ce Ambre | Mariella B.Green","isPartOf":{"@id":"https:\/\/mariellabgreen.com\/fr\/#website"},"primaryImageOfPage":{"@id":"https:\/\/mariellabgreen.com\/fr\/store\/collections-fr\/desert-vibes\/maillot-de-bain-une-piece-ambre\/#primaryimage"},"image":{"@id":"https:\/\/mariellabgreen.com\/fr\/store\/collections-fr\/desert-vibes\/maillot-de-bain-une-piece-ambre\/#primaryimage"},"thumbnailUrl":"https:\/\/mariellabgreen.com\/wp-content\/uploads\/2025\/04\/Ambra-One-Piece-MARIELLABGREEN_ecommerce_-1.jpg","datePublished":"2022-04-13T09:23:53+00:00","dateModified":"2025-04-17T22:56:09+00:00","description":"Maillot de bain une pi\u00e8ce avec l\u00e9ger d\u00e9collet\u00e9 en V dans le dos et fines bretelles tress\u00e9es gris tourterelle. Bonnets avec coussinets amovibles.","breadcrumb":{"@id":"https:\/\/mariellabgreen.com\/fr\/store\/collections-fr\/desert-vibes\/maillot-de-bain-une-piece-ambre\/#breadcrumb"},"inLanguage":"fr-FR","potentialAction":[{"@type":"ReadAction","target":["https:\/\/mariellabgreen.com\/fr\/store\/collections-fr\/desert-vibes\/maillot-de-bain-une-piece-ambre\/"]}]},{"@type":"ImageObject","inLanguage":"fr-FR","@id":"https:\/\/mariellabgreen.com\/fr\/store\/collections-fr\/desert-vibes\/maillot-de-bain-une-piece-ambre\/#primaryimage","url":"https:\/\/mariellabgreen.com\/wp-content\/uploads\/2025\/04\/Ambra-One-Piece-MARIELLABGREEN_ecommerce_-1.jpg","contentUrl":"https:\/\/mariellabgreen.com\/wp-content\/uploads\/2025\/04\/Ambra-One-Piece-MARIELLABGREEN_ecommerce_-1.jpg","width":1067,"height":1600,"caption":"Ambra One Piece 1"},{"@type":"BreadcrumbList","@id":"https:\/\/mariellabgreen.com\/fr\/store\/collections-fr\/desert-vibes\/maillot-de-bain-une-piece-ambre\/#breadcrumb","itemListElement":[{"@type":"ListItem","position":1,"name":"Home","item":"https:\/\/mariellabgreen.com\/fr\/"},{"@type":"ListItem","position":2,"name":"Magasins","item":"https:\/\/mariellabgreen.com\/fr\/magasins\/"},{"@type":"ListItem","position":3,"name":"Maillot de bain une pi\u00e8ce Ambre"}]},{"@type":"WebSite","@id":"https:\/\/mariellabgreen.com\/fr\/#website","url":"https:\/\/mariellabgreen.com\/fr\/","name":"Mariella B.Green","description":"Swimwear","publisher":{"@id":"https:\/\/mariellabgreen.com\/fr\/#organization"},"potentialAction":[{"@type":"SearchAction","target":{"@type":"EntryPoint","urlTemplate":"https:\/\/mariellabgreen.com\/fr\/?s={search_term_string}"},"query-input":{"@type":"PropertyValueSpecification","valueRequired":true,"valueName":"search_term_string"}}],"inLanguage":"fr-FR"},{"@type":"Organization","@id":"https:\/\/mariellabgreen.com\/fr\/#organization","name":"Mariella B.Green","url":"https:\/\/mariellabgreen.com\/fr\/","logo":{"@type":"ImageObject","inLanguage":"fr-FR","@id":"https:\/\/mariellabgreen.com\/fr\/#\/schema\/logo\/image\/","url":"https:\/\/mariellabgreen.com\/wp-content\/uploads\/2023\/04\/logo-mariella-bgreen-square.jpg","contentUrl":"https:\/\/mariellabgreen.com\/wp-content\/uploads\/2023\/04\/logo-mariella-bgreen-square.jpg","width":441,"height":441,"caption":"Mariella B.Green"},"image":{"@id":"https:\/\/mariellabgreen.com\/fr\/#\/schema\/logo\/image\/"}}]}},"_links":{"self":[{"href":"https:\/\/mariellabgreen.com\/fr\/wp-json\/wp\/v2\/product\/2148","targetHints":{"allow":["GET"]}}],"collection":[{"href":"https:\/\/mariellabgreen.com\/fr\/wp-json\/wp\/v2\/product"}],"about":[{"href":"https:\/\/mariellabgreen.com\/fr\/wp-json\/wp\/v2\/types\/product"}],"wp:featuredmedia":[{"embeddable":true,"href":"https:\/\/mariellabgreen.com\/fr\/wp-json\/wp\/v2\/media\/4309"}],"wp:attachment":[{"href":"https:\/\/mariellabgreen.com\/fr\/wp-json\/wp\/v2\/media?parent=2148"}],"wp:term":[{"taxonomy":"product_brand","embeddable":true,"href":"https:\/\/mariellabgreen.com\/fr\/wp-json\/wp\/v2\/product_brand?post=2148"},{"taxonomy":"product_cat","embeddable":true,"href":"https:\/\/mariellabgreen.com\/fr\/wp-json\/wp\/v2\/product_cat?post=2148"},{"taxonomy":"product_tag","embeddable":true,"href":"https:\/\/mariellabgreen.com\/fr\/wp-json\/wp\/v2\/product_tag?post=2148"}],"curies":[{"name":"wp","href":"https:\/\/api.w.org\/{rel}","templated":true}]}}