{"id":2146,"date":"2022-04-13T11:20:06","date_gmt":"2022-04-13T09:20:06","guid":{"rendered":"https:\/\/mariellabgreen.com\/store\/non%20class\u00e9\/ametista\/"},"modified":"2025-05-07T01:08:33","modified_gmt":"2025-05-06T23:08:33","slug":"ametista-pareo","status":"publish","type":"product","link":"https:\/\/mariellabgreen.com\/fr\/store\/collections-fr\/desert-vibes\/ametista-pareo\/","title":{"rendered":"Ametista Par\u00e9o"},"content":{"rendered":"","protected":false},"excerpt":{"rendered":"<p>Par\u00e9o court violet<\/p>\n","protected":false},"featured_media":4321,"template":"","meta":[],"product_brand":[],"product_cat":[121],"product_tag":[153,175,212],"class_list":{"0":"post-2146","1":"product","2":"type-product","3":"status-publish","4":"has-post-thumbnail","6":"product_cat-desert-vibes","7":"product_tag-femme","8":"product_tag-pareo","9":"product_tag-pret-a-porter","11":"first","12":"instock","13":"shipping-taxable","14":"purchasable","15":"product-type-variable"},"yoast_head":"<!-- This site is optimized with the Yoast SEO plugin v27.3 - https:\/\/yoast.com\/product\/yoast-seo-wordpress\/ -->\n<title>Ametista Par\u00e9o | Mariella B.Green<\/title>\n<meta name=\"description\" content=\"Par\u00e9o court (50 cm) en tissu l\u00e9ger. Fabriqu\u00e9e \u00e0 partir de tissu recycl\u00e9. Enti\u00e8rement r\u00e9alis\u00e9 \u00e0 la main en Italie.\" \/>\n<meta name=\"robots\" content=\"index, follow, max-snippet:-1, max-image-preview:large, max-video-preview:-1\" \/>\n<link rel=\"canonical\" href=\"https:\/\/mariellabgreen.com\/fr\/store\/collections-fr\/desert-vibes\/ametista-pareo\/\" \/>\n<meta property=\"og:locale\" content=\"fr_FR\" \/>\n<meta property=\"og:type\" content=\"article\" \/>\n<meta property=\"og:title\" content=\"Ametista Par\u00e9o | Mariella B.Green\" \/>\n<meta property=\"og:description\" content=\"Par\u00e9o court (50 cm) en tissu l\u00e9ger. Fabriqu\u00e9e \u00e0 partir de tissu recycl\u00e9. Enti\u00e8rement r\u00e9alis\u00e9 \u00e0 la main en Italie.\" \/>\n<meta property=\"og:url\" content=\"https:\/\/mariellabgreen.com\/fr\/store\/collections-fr\/desert-vibes\/ametista-pareo\/\" \/>\n<meta property=\"og:site_name\" content=\"Mariella B.Green\" \/>\n<meta property=\"article:modified_time\" content=\"2025-05-06T23:08:33+00:00\" \/>\n<meta property=\"og:image\" content=\"https:\/\/mariellabgreen.com\/wp-content\/uploads\/2025\/04\/Ametista-Pareo-MARIELLABGREEN_ecommerce_-1.jpg\" \/>\n\t<meta property=\"og:image:width\" content=\"1067\" \/>\n\t<meta property=\"og:image:height\" content=\"1600\" \/>\n\t<meta property=\"og:image:type\" content=\"image\/jpeg\" \/>\n<meta name=\"twitter:card\" content=\"summary_large_image\" \/>\n<meta name=\"twitter:label1\" content=\"Dur\u00e9e de lecture estim\u00e9e\" \/>\n\t<meta name=\"twitter:data1\" content=\"1 minute\" \/>\n<script type=\"application\/ld+json\" class=\"yoast-schema-graph\">{\"@context\":\"https:\\\/\\\/schema.org\",\"@graph\":[{\"@type\":\"WebPage\",\"@id\":\"https:\\\/\\\/mariellabgreen.com\\\/fr\\\/store\\\/collections-fr\\\/desert-vibes\\\/ametista-pareo\\\/\",\"url\":\"https:\\\/\\\/mariellabgreen.com\\\/fr\\\/store\\\/collections-fr\\\/desert-vibes\\\/ametista-pareo\\\/\",\"name\":\"Ametista Par\u00e9o | Mariella B.Green\",\"isPartOf\":{\"@id\":\"https:\\\/\\\/mariellabgreen.com\\\/fr\\\/#website\"},\"primaryImageOfPage\":{\"@id\":\"https:\\\/\\\/mariellabgreen.com\\\/fr\\\/store\\\/collections-fr\\\/desert-vibes\\\/ametista-pareo\\\/#primaryimage\"},\"image\":{\"@id\":\"https:\\\/\\\/mariellabgreen.com\\\/fr\\\/store\\\/collections-fr\\\/desert-vibes\\\/ametista-pareo\\\/#primaryimage\"},\"thumbnailUrl\":\"https:\\\/\\\/mariellabgreen.com\\\/wp-content\\\/uploads\\\/2025\\\/04\\\/Ametista-Pareo-MARIELLABGREEN_ecommerce_-1.jpg\",\"datePublished\":\"2022-04-13T09:20:06+00:00\",\"dateModified\":\"2025-05-06T23:08:33+00:00\",\"description\":\"Par\u00e9o court (50 cm) en tissu l\u00e9ger. Fabriqu\u00e9e \u00e0 partir de tissu recycl\u00e9. Enti\u00e8rement r\u00e9alis\u00e9 \u00e0 la main en Italie.\",\"breadcrumb\":{\"@id\":\"https:\\\/\\\/mariellabgreen.com\\\/fr\\\/store\\\/collections-fr\\\/desert-vibes\\\/ametista-pareo\\\/#breadcrumb\"},\"inLanguage\":\"fr-FR\",\"potentialAction\":[{\"@type\":\"ReadAction\",\"target\":[\"https:\\\/\\\/mariellabgreen.com\\\/fr\\\/store\\\/collections-fr\\\/desert-vibes\\\/ametista-pareo\\\/\"]}]},{\"@type\":\"ImageObject\",\"inLanguage\":\"fr-FR\",\"@id\":\"https:\\\/\\\/mariellabgreen.com\\\/fr\\\/store\\\/collections-fr\\\/desert-vibes\\\/ametista-pareo\\\/#primaryimage\",\"url\":\"https:\\\/\\\/mariellabgreen.com\\\/wp-content\\\/uploads\\\/2025\\\/04\\\/Ametista-Pareo-MARIELLABGREEN_ecommerce_-1.jpg\",\"contentUrl\":\"https:\\\/\\\/mariellabgreen.com\\\/wp-content\\\/uploads\\\/2025\\\/04\\\/Ametista-Pareo-MARIELLABGREEN_ecommerce_-1.jpg\",\"width\":1067,\"height\":1600,\"caption\":\"Ametista Pareo 1\"},{\"@type\":\"BreadcrumbList\",\"@id\":\"https:\\\/\\\/mariellabgreen.com\\\/fr\\\/store\\\/collections-fr\\\/desert-vibes\\\/ametista-pareo\\\/#breadcrumb\",\"itemListElement\":[{\"@type\":\"ListItem\",\"position\":1,\"name\":\"Home\",\"item\":\"https:\\\/\\\/mariellabgreen.com\\\/fr\\\/\"},{\"@type\":\"ListItem\",\"position\":2,\"name\":\"Magasins\",\"item\":\"https:\\\/\\\/mariellabgreen.com\\\/fr\\\/magasins\\\/\"},{\"@type\":\"ListItem\",\"position\":3,\"name\":\"Ametista Par\u00e9o\"}]},{\"@type\":\"WebSite\",\"@id\":\"https:\\\/\\\/mariellabgreen.com\\\/fr\\\/#website\",\"url\":\"https:\\\/\\\/mariellabgreen.com\\\/fr\\\/\",\"name\":\"Mariella B.Green\",\"description\":\"Swimwear\",\"publisher\":{\"@id\":\"https:\\\/\\\/mariellabgreen.com\\\/fr\\\/#organization\"},\"potentialAction\":[{\"@type\":\"SearchAction\",\"target\":{\"@type\":\"EntryPoint\",\"urlTemplate\":\"https:\\\/\\\/mariellabgreen.com\\\/fr\\\/?s={search_term_string}\"},\"query-input\":{\"@type\":\"PropertyValueSpecification\",\"valueRequired\":true,\"valueName\":\"search_term_string\"}}],\"inLanguage\":\"fr-FR\"},{\"@type\":\"Organization\",\"@id\":\"https:\\\/\\\/mariellabgreen.com\\\/fr\\\/#organization\",\"name\":\"Mariella B.Green\",\"url\":\"https:\\\/\\\/mariellabgreen.com\\\/fr\\\/\",\"logo\":{\"@type\":\"ImageObject\",\"inLanguage\":\"fr-FR\",\"@id\":\"https:\\\/\\\/mariellabgreen.com\\\/fr\\\/#\\\/schema\\\/logo\\\/image\\\/\",\"url\":\"https:\\\/\\\/mariellabgreen.com\\\/wp-content\\\/uploads\\\/2023\\\/04\\\/logo-mariella-bgreen-square.jpg\",\"contentUrl\":\"https:\\\/\\\/mariellabgreen.com\\\/wp-content\\\/uploads\\\/2023\\\/04\\\/logo-mariella-bgreen-square.jpg\",\"width\":441,\"height\":441,\"caption\":\"Mariella B.Green\"},\"image\":{\"@id\":\"https:\\\/\\\/mariellabgreen.com\\\/fr\\\/#\\\/schema\\\/logo\\\/image\\\/\"}}]}<\/script>\n<!-- \/ Yoast SEO plugin. -->","yoast_head_json":{"title":"Ametista Par\u00e9o | Mariella B.Green","description":"Par\u00e9o court (50 cm) en tissu l\u00e9ger. Fabriqu\u00e9e \u00e0 partir de tissu recycl\u00e9. Enti\u00e8rement r\u00e9alis\u00e9 \u00e0 la main en Italie.","robots":{"index":"index","follow":"follow","max-snippet":"max-snippet:-1","max-image-preview":"max-image-preview:large","max-video-preview":"max-video-preview:-1"},"canonical":"https:\/\/mariellabgreen.com\/fr\/store\/collections-fr\/desert-vibes\/ametista-pareo\/","og_locale":"fr_FR","og_type":"article","og_title":"Ametista Par\u00e9o | Mariella B.Green","og_description":"Par\u00e9o court (50 cm) en tissu l\u00e9ger. Fabriqu\u00e9e \u00e0 partir de tissu recycl\u00e9. Enti\u00e8rement r\u00e9alis\u00e9 \u00e0 la main en Italie.","og_url":"https:\/\/mariellabgreen.com\/fr\/store\/collections-fr\/desert-vibes\/ametista-pareo\/","og_site_name":"Mariella B.Green","article_modified_time":"2025-05-06T23:08:33+00:00","og_image":[{"width":1067,"height":1600,"url":"https:\/\/mariellabgreen.com\/wp-content\/uploads\/2025\/04\/Ametista-Pareo-MARIELLABGREEN_ecommerce_-1.jpg","type":"image\/jpeg"}],"twitter_card":"summary_large_image","twitter_misc":{"Dur\u00e9e de lecture estim\u00e9e":"1 minute"},"schema":{"@context":"https:\/\/schema.org","@graph":[{"@type":"WebPage","@id":"https:\/\/mariellabgreen.com\/fr\/store\/collections-fr\/desert-vibes\/ametista-pareo\/","url":"https:\/\/mariellabgreen.com\/fr\/store\/collections-fr\/desert-vibes\/ametista-pareo\/","name":"Ametista Par\u00e9o | Mariella B.Green","isPartOf":{"@id":"https:\/\/mariellabgreen.com\/fr\/#website"},"primaryImageOfPage":{"@id":"https:\/\/mariellabgreen.com\/fr\/store\/collections-fr\/desert-vibes\/ametista-pareo\/#primaryimage"},"image":{"@id":"https:\/\/mariellabgreen.com\/fr\/store\/collections-fr\/desert-vibes\/ametista-pareo\/#primaryimage"},"thumbnailUrl":"https:\/\/mariellabgreen.com\/wp-content\/uploads\/2025\/04\/Ametista-Pareo-MARIELLABGREEN_ecommerce_-1.jpg","datePublished":"2022-04-13T09:20:06+00:00","dateModified":"2025-05-06T23:08:33+00:00","description":"Par\u00e9o court (50 cm) en tissu l\u00e9ger. Fabriqu\u00e9e \u00e0 partir de tissu recycl\u00e9. Enti\u00e8rement r\u00e9alis\u00e9 \u00e0 la main en Italie.","breadcrumb":{"@id":"https:\/\/mariellabgreen.com\/fr\/store\/collections-fr\/desert-vibes\/ametista-pareo\/#breadcrumb"},"inLanguage":"fr-FR","potentialAction":[{"@type":"ReadAction","target":["https:\/\/mariellabgreen.com\/fr\/store\/collections-fr\/desert-vibes\/ametista-pareo\/"]}]},{"@type":"ImageObject","inLanguage":"fr-FR","@id":"https:\/\/mariellabgreen.com\/fr\/store\/collections-fr\/desert-vibes\/ametista-pareo\/#primaryimage","url":"https:\/\/mariellabgreen.com\/wp-content\/uploads\/2025\/04\/Ametista-Pareo-MARIELLABGREEN_ecommerce_-1.jpg","contentUrl":"https:\/\/mariellabgreen.com\/wp-content\/uploads\/2025\/04\/Ametista-Pareo-MARIELLABGREEN_ecommerce_-1.jpg","width":1067,"height":1600,"caption":"Ametista Pareo 1"},{"@type":"BreadcrumbList","@id":"https:\/\/mariellabgreen.com\/fr\/store\/collections-fr\/desert-vibes\/ametista-pareo\/#breadcrumb","itemListElement":[{"@type":"ListItem","position":1,"name":"Home","item":"https:\/\/mariellabgreen.com\/fr\/"},{"@type":"ListItem","position":2,"name":"Magasins","item":"https:\/\/mariellabgreen.com\/fr\/magasins\/"},{"@type":"ListItem","position":3,"name":"Ametista Par\u00e9o"}]},{"@type":"WebSite","@id":"https:\/\/mariellabgreen.com\/fr\/#website","url":"https:\/\/mariellabgreen.com\/fr\/","name":"Mariella B.Green","description":"Swimwear","publisher":{"@id":"https:\/\/mariellabgreen.com\/fr\/#organization"},"potentialAction":[{"@type":"SearchAction","target":{"@type":"EntryPoint","urlTemplate":"https:\/\/mariellabgreen.com\/fr\/?s={search_term_string}"},"query-input":{"@type":"PropertyValueSpecification","valueRequired":true,"valueName":"search_term_string"}}],"inLanguage":"fr-FR"},{"@type":"Organization","@id":"https:\/\/mariellabgreen.com\/fr\/#organization","name":"Mariella B.Green","url":"https:\/\/mariellabgreen.com\/fr\/","logo":{"@type":"ImageObject","inLanguage":"fr-FR","@id":"https:\/\/mariellabgreen.com\/fr\/#\/schema\/logo\/image\/","url":"https:\/\/mariellabgreen.com\/wp-content\/uploads\/2023\/04\/logo-mariella-bgreen-square.jpg","contentUrl":"https:\/\/mariellabgreen.com\/wp-content\/uploads\/2023\/04\/logo-mariella-bgreen-square.jpg","width":441,"height":441,"caption":"Mariella B.Green"},"image":{"@id":"https:\/\/mariellabgreen.com\/fr\/#\/schema\/logo\/image\/"}}]}},"_links":{"self":[{"href":"https:\/\/mariellabgreen.com\/fr\/wp-json\/wp\/v2\/product\/2146","targetHints":{"allow":["GET"]}}],"collection":[{"href":"https:\/\/mariellabgreen.com\/fr\/wp-json\/wp\/v2\/product"}],"about":[{"href":"https:\/\/mariellabgreen.com\/fr\/wp-json\/wp\/v2\/types\/product"}],"wp:featuredmedia":[{"embeddable":true,"href":"https:\/\/mariellabgreen.com\/fr\/wp-json\/wp\/v2\/media\/4321"}],"wp:attachment":[{"href":"https:\/\/mariellabgreen.com\/fr\/wp-json\/wp\/v2\/media?parent=2146"}],"wp:term":[{"taxonomy":"product_brand","embeddable":true,"href":"https:\/\/mariellabgreen.com\/fr\/wp-json\/wp\/v2\/product_brand?post=2146"},{"taxonomy":"product_cat","embeddable":true,"href":"https:\/\/mariellabgreen.com\/fr\/wp-json\/wp\/v2\/product_cat?post=2146"},{"taxonomy":"product_tag","embeddable":true,"href":"https:\/\/mariellabgreen.com\/fr\/wp-json\/wp\/v2\/product_tag?post=2146"}],"curies":[{"name":"wp","href":"https:\/\/api.w.org\/{rel}","templated":true}]}}