{"id":4149,"date":"2025-02-19T00:32:31","date_gmt":"2025-02-18T23:32:31","guid":{"rendered":"https:\/\/mariellabgreen.com\/sustainability\/"},"modified":"2025-02-20T00:51:22","modified_gmt":"2025-02-19T23:51:22","slug":"durabilite","status":"publish","type":"page","link":"https:\/\/mariellabgreen.com\/fr\/durabilite\/","title":{"rendered":"Durabilit\u00e9"},"content":{"rendered":"\n\t<section class=\"section\" id=\"section_1397481424\">\n\t\t<div class=\"section-bg fill\" >\n\t\t\t\t\t\t\t\t\t<div class=\"section-bg-overlay absolute fill\"><\/div>\n\t\t\t\n\n\t\t<\/div>\n\n\t\t\n\n\t\t<div class=\"section-content relative\">\n\t\t\t\n<div class=\"row row-collapse row-full-width align-middle mb\"  id=\"row-571620787\">\n\n\t<div id=\"col-1136567468\" class=\"col bg-sus medium-6 small-12 large-6\"  >\n\t\t\t\t<div class=\"col-inner\"  >\n\t\t\t\n\t\t\t\n\t\t<\/div>\n\t\t\t\t\t<\/div>\n\n\t\n\n\t<div id=\"col-1905524835\" class=\"col colpad medium-6 small-12 large-6\"  >\n\t\t\t\t<div class=\"col-inner text-center\"  >\n\t\t\t\n\t\t\t\n\t<div id=\"text-3833553360\" class=\"text\">\n\t\t\n<p style=\"text-align: left;\">Chez Mariella B. Green, nous cr\u00e9ons des maillots de bain qui allient \u00e9l\u00e9gance et respect de la plan\u00e8te. Tous nos mod\u00e8les sont confectionn\u00e9s en ECONYL\u00ae, un nylon r\u00e9g\u00e9n\u00e9r\u00e9 issu de mat\u00e9riaux recycl\u00e9s, y compris du plastique r\u00e9cup\u00e9r\u00e9 dans les oc\u00e9ans.<\/p>\n<p style=\"text-align: left;\"><strong>ECONYL\u00ae \u2013 Transformer les d\u00e9chets en \u00e9l\u00e9gance<\/strong><\/p>\n<p>ECONYL\u00ae n\u2019est pas seulement un tissu, c\u2019est un symbole de durabilit\u00e9. Fabriqu\u00e9 \u00e0 partir de filets de p\u00eache abandonn\u00e9s, de d\u00e9bris marins et de d\u00e9chets industriels, il transforme les polluants en un fil de haute qualit\u00e9 pour nos maillots de bain. En choisissant ECONYL\u00ae, nous contribuons \u00e0 des oc\u00e9ans plus propres et \u00e0 un environnement plus sain.<\/p>\n<p style=\"text-align: left;\"><strong>Pourquoi choisir ECONYL\u00ae<\/strong><\/p>\n<p><strong>Restaurer les oc\u00e9ans<\/strong> \u2013 Chaque pi\u00e8ce en ECONYL\u00ae participe au nettoyage des mers, transformant les d\u00e9chets en maillots de bain d\u2019exception.<br \/><strong>Innovation durable<\/strong> \u2013 ECONYL\u00ae r\u00e9utilise des mat\u00e9riaux existants, r\u00e9duisant notre empreinte carbone et \u00e9conomisant l\u2019\u00e9nergie.<br \/><strong>Qualit\u00e9 in\u00e9gal\u00e9e<\/strong> \u2013 Plus performant que le nylon traditionnel, ECONYL\u00ae offre des maillots r\u00e9sistants et \u00e9lastiques, con\u00e7us pour durer saison apr\u00e8s saison.<\/p>\n<p style=\"text-align: left;\"><strong>Des d\u00e9chets aux maillots intemporels<\/strong><\/p>\n<p style=\"text-align: left;\">Chez Mariella B. Green, nous croyons en une mode o\u00f9 style et responsabilit\u00e9 vont de pair. En int\u00e9grant ECONYL\u00ae, nous adoptons un avenir circulaire et durable. Ensemble, faisons la diff\u00e9rence\u2014en prot\u00e9geant nos oc\u00e9ans, notre plan\u00e8te et les g\u00e9n\u00e9rations futures.<\/p>\n\t\t\n<style>\n#text-3833553360 {\n  text-align: left;\n}\n<\/style>\n\t<\/div>\n\t\n\t\t<\/div>\n\t\t\t\t\t<\/div>\n\n\t\n<\/div>\n\t\t<\/div>\n\n\t\t\n<style>\n#section_1397481424 {\n  padding-top: 0px;\n  padding-bottom: 0px;\n  background-color: rgb(247, 247, 247);\n}\n#section_1397481424 .section-bg-overlay {\n  background-color: rgba(255, 255, 255, 0.85);\n}\n<\/style>\n\t<\/section>\n\t\n\t<div id=\"gap-405480313\" class=\"gap-element clearfix\" style=\"display:block; height:auto;\">\n\t\t\n<style>\n#gap-405480313 {\n  padding-top: 30px;\n}\n<\/style>\n\t<\/div>\n\t\n\n\t<section class=\"section\" id=\"section_1637357526\">\n\t\t<div class=\"section-bg fill\" >\n\t\t\t\t\t\t\t\t\t\n\t\t\t\n\n\t\t<\/div>\n\n\t\t\n\n\t\t<div class=\"section-content relative\">\n\t\t\t\n<div class=\"row\"  id=\"row-1908855881\">\n\n\t<div id=\"col-91699221\" class=\"col small-12 large-12\"  >\n\t\t\t\t<div class=\"col-inner\"  >\n\t\t\t\n\t\t\t\n\t<div id=\"text-2453379645\" class=\"text txt-bianco\">\n\t\t\n<h5><span class=\"txt-160\">UNE DUR\u00c9E DE VIE PLUS LONGUE, UN IMPACT ENVIRONNEMENTAL R\u00c9DUIT<\/span><\/h5>\n<p>Pas de fast fashion : nos maillots de bain sont con\u00e7us pour vous accompagner au fil des ann\u00e9es, avec une coupe intemporelle et un tissu r\u00e9sistant. La fibre ECONYL\u00ae r\u00e9siste au chlore, aux cr\u00e8mes et aux huiles solaires, offrant une durabilit\u00e9 sup\u00e9rieure aux tissus classiques.<\/p>\n\t\t\n<style>\n#text-2453379645 {\n  text-align: center;\n  color: rgb(255, 255, 255);\n}\n#text-2453379645 > * {\n  color: rgb(255, 255, 255);\n}\n<\/style>\n\t<\/div>\n\t\n\t\t<\/div>\n\t\t\t\t\n<style>\n#col-91699221 > .col-inner {\n  padding: 0px 30px 0px 30px;\n}\n<\/style>\n\t<\/div>\n\n\t\n\n<style>\n#row-1908855881 > .col > .col-inner {\n  padding: 45px 0px 0px 0px;\n}\n<\/style>\n<\/div>\n\t\t<\/div>\n\n\t\t\n<style>\n#section_1637357526 {\n  padding-top: 0px;\n  padding-bottom: 0px;\n  background-color: rgb(10, 140, 100);\n}\n<\/style>\n\t<\/section>\n\t\n\t<div id=\"gap-1987041734\" class=\"gap-element clearfix\" style=\"display:block; height:auto;\">\n\t\t\n<style>\n#gap-1987041734 {\n  padding-top: 30px;\n}\n<\/style>\n\t<\/div>\n\t\n\n\t<section class=\"section\" id=\"section_500034887\">\n\t\t<div class=\"section-bg fill\" >\n\t\t\t\t\t\t\t\t\t<div class=\"section-bg-overlay absolute fill\"><\/div>\n\t\t\t\n\n\t\t<\/div>\n\n\t\t\n\n\t\t<div class=\"section-content relative\">\n\t\t\t\n<div class=\"row row-collapse row-full-width align-middle mb\"  id=\"row-962164112\">\n\n\t<div id=\"col-784250539\" class=\"col bg-pack medium-6 small-12 large-6\"  >\n\t\t\t\t<div class=\"col-inner\"  >\n\t\t\t\n\t\t\t\n\t\t<\/div>\n\t\t\t\t\t<\/div>\n\n\t\n\n\t<div id=\"col-1658597662\" class=\"col colpad medium-6 small-12 large-6\"  >\n\t\t\t\t<div class=\"col-inner text-center\"  >\n\t\t\t\n\t\t\t\n\t<div id=\"text-2226090065\" class=\"text\">\n\t\t\n<h2 style=\"text-align: left;\"><strong>EMBALLAGE &#038; EXP\u00c9DITION RESPONSABLES<\/strong><\/h2>\n<p style=\"text-align: left;\">Notre engagement pour la durabilit\u00e9 va au-del\u00e0 de la production : nous pr\u00eatons attention \u00e0 chaque \u00e9tape, de l\u2019emballage \u00e0 l\u2019exp\u00e9dition.<\/p>\n<p style=\"text-align: left;\">Un packaging \u00e9l\u00e9gant et r\u00e9utilisable \u2013 Fabriqu\u00e9 dans le m\u00eame tissu que nos maillots, il sert de pochette hygi\u00e9nique et pratique pour transporter un change ou ranger un maillot humide.<\/p>\n<p style=\"text-align: left;\">Un livret en papier 100% recycl\u00e9 \u2013 Il d\u00e9taille les caract\u00e9ristiques du produit et les conseils d\u2019entretien.<br \/>Une exp\u00e9dition \u00e9coresponsable \u2013 Nos colis en carton robuste sont enti\u00e8rement recyclables. Nous optimisons \u00e9galement le transport et compensons les \u00e9missions li\u00e9es aux livraisons pour minimiser notre impact environnemental.<\/p>\n<p style=\"text-align: left;\">Chaque d\u00e9tail est pens\u00e9 dans une d\u00e9marche durable.<\/p>\n\t\t\n<style>\n#text-2226090065 {\n  text-align: left;\n}\n<\/style>\n\t<\/div>\n\t\n\t\t<\/div>\n\t\t\t\t\t<\/div>\n\n\t\n<\/div>\n\t\t<\/div>\n\n\t\t\n<style>\n#section_500034887 {\n  padding-top: 0px;\n  padding-bottom: 0px;\n  background-color: rgb(247, 247, 247);\n}\n#section_500034887 .section-bg-overlay {\n  background-color: rgba(255, 255, 255, 0.85);\n}\n<\/style>\n\t<\/section>\n\t\n\t<div id=\"gap-584819544\" class=\"gap-element clearfix\" style=\"display:block; height:auto;\">\n\t\t\n<style>\n#gap-584819544 {\n  padding-top: 30px;\n}\n<\/style>\n\t<\/div>\n\t\n\n\t<section class=\"section\" id=\"section_1909379348\">\n\t\t<div class=\"section-bg fill\" >\n\t\t\t\t\t\t\t\t\t\n\t\t\t\n\n\t\t<\/div>\n\n\t\t\n\n\t\t<div class=\"section-content relative\">\n\t\t\t\n<div class=\"row\"  id=\"row-1177126388\">\n\n\t<div id=\"col-787523035\" class=\"col small-12 large-12\"  >\n\t\t\t\t<div class=\"col-inner\"  >\n\t\t\t\n\t\t\t\n\t<div id=\"text-4200921992\" class=\"text txt-bianco\">\n\t\t\n<h5><span class=\"txt-160\">UNE PRODUCTION RESPECTUEUSE DE L\u2019ENVIRONNEMENT<\/span><\/h5>\n<p>Loin de la logique de la production de masse, notre atelier dirig\u00e9 par des femmes met la qualit\u00e9 et la durabilit\u00e9 au premier plan.<br \/>\u00c0 chaque \u00e9tape, nous minimisons les d\u00e9chets, n\u2019utilisons pas d\u2019eau et recyclons nos r\u00e9sidus plastiques et papiers.<\/p>\n\t\t\n<style>\n#text-4200921992 {\n  text-align: center;\n  color: rgb(255, 255, 255);\n}\n#text-4200921992 > * {\n  color: rgb(255, 255, 255);\n}\n<\/style>\n\t<\/div>\n\t\n\t\t<\/div>\n\t\t\t\t\n<style>\n#col-787523035 > .col-inner {\n  padding: 0px 30px 0px 30px;\n}\n<\/style>\n\t<\/div>\n\n\t\n\n<style>\n#row-1177126388 > .col > .col-inner {\n  padding: 45px 0px 0px 0px;\n}\n<\/style>\n<\/div>\n\t\t<\/div>\n\n\t\t\n<style>\n#section_1909379348 {\n  padding-top: 0px;\n  padding-bottom: 0px;\n  background-color: rgb(10, 140, 100);\n}\n<\/style>\n\t<\/section>\n\t\n\t<div id=\"gap-705534624\" class=\"gap-element clearfix\" style=\"display:block; height:auto;\">\n\t\t\n<style>\n#gap-705534624 {\n  padding-top: 30px;\n}\n<\/style>\n\t<\/div>\n\t\n\n\t<section class=\"section clean\" id=\"section_1968881641\">\n\t\t<div class=\"section-bg fill\" >\n\t\t\t\t\t\t\t\t\t\n\t\t\t\n\n\t\t<\/div>\n\n\t\t\n\n\t\t<div class=\"section-content relative\">\n\t\t\t\n<div class=\"row row-collapse row-full-width align-middle\"  id=\"row-1076002871\">\n\n\t<div id=\"col-1829642006\" class=\"col colpad cent medium-6 small-12 large-6\"  >\n\t\t\t\t<div class=\"col-inner text-center\"  >\n\t\t\t\n\t\t\t\n\t<div id=\"text-161781526\" class=\"text txt-bianco\">\n\t\t\n<h4><span class=\"txt-130\">UN ENGAGEMENT CONCRET POUR LA PROPRET\u00c9 DES OC\u00c9ANS<\/span><\/h4>\n<p>\u00c0 chaque achat, vous soutenez The Ocean Cleanup, une organisation \u00e0 but non lucratif qui d\u00e9veloppe des technologies innovantes pour \u00e9liminer le plastique des oc\u00e9ans. Mariella B. Green est fi\u00e8re de reverser 1% de ses ventes pour soutenir cette mission essentielle.<\/p>\n\t\t\n<style>\n#text-161781526 {\n  text-align: left;\n}\n<\/style>\n\t<\/div>\n\t\n\t\t<\/div>\n\t\t\t\t\t<\/div>\n\n\t\n\n\t<div id=\"col-1095306329\" class=\"col bg-aiuto medium-6 small-12 large-6\"  >\n\t\t\t\t<div class=\"col-inner\"  >\n\t\t\t\n\t\t\t\n\t\t<\/div>\n\t\t\t\t\t<\/div>\n\n\t\n<\/div>\n\t\t<\/div>\n\n\t\t\n<style>\n#section_1968881641 {\n  padding-top: 0px;\n  padding-bottom: 0px;\n  background-color: rgb(51, 189, 236);\n}\n<\/style>\n\t<\/section>\n\t\n\t<div id=\"gap-313231670\" class=\"gap-element clearfix\" style=\"display:block; height:auto;\">\n\t\t\n<style>\n#gap-313231670 {\n  padding-top: 30px;\n}\n<\/style>\n\t<\/div>\n\t\n","protected":false},"excerpt":{"rendered":"","protected":false},"author":1,"featured_media":1417,"parent":0,"menu_order":0,"comment_status":"closed","ping_status":"closed","template":"page-blank.php","meta":{"footnotes":""},"class_list":["post-4149","page","type-page","status-publish","has-post-thumbnail","hentry"],"yoast_head":"<!-- This site is optimized with the Yoast SEO plugin v27.3 - https:\/\/yoast.com\/product\/yoast-seo-wordpress\/ -->\n<title>Durabilit\u00e9 | Mariella B.Green<\/title>\n<meta name=\"description\" content=\"Plastic recovered from the oceans is reborn and dives back thanks to Mariella B Green swimwear. The fabric of all our garments is made from Econyl\u00ae thread, a high quality nylon produced in Italy.\" \/>\n<meta name=\"robots\" content=\"index, follow, max-snippet:-1, max-image-preview:large, max-video-preview:-1\" \/>\n<link rel=\"canonical\" href=\"https:\/\/mariellabgreen.com\/fr\/durabilite\/\" \/>\n<meta property=\"og:locale\" content=\"fr_FR\" \/>\n<meta property=\"og:type\" content=\"article\" \/>\n<meta property=\"og:title\" content=\"Durabilit\u00e9 | Mariella B.Green\" \/>\n<meta property=\"og:description\" content=\"Plastic recovered from the oceans is reborn and dives back thanks to Mariella B Green swimwear. The fabric of all our garments is made from Econyl\u00ae thread, a high quality nylon produced in Italy.\" \/>\n<meta property=\"og:url\" content=\"https:\/\/mariellabgreen.com\/fr\/durabilite\/\" \/>\n<meta property=\"og:site_name\" content=\"Mariella B.Green\" \/>\n<meta property=\"article:modified_time\" content=\"2025-02-19T23:51:22+00:00\" \/>\n<meta property=\"og:image\" content=\"https:\/\/mariellabgreen.com\/wp-content\/uploads\/2022\/10\/slider_sostenibilita.jpg\" \/>\n\t<meta property=\"og:image:width\" content=\"1600\" \/>\n\t<meta property=\"og:image:height\" content=\"700\" \/>\n\t<meta property=\"og:image:type\" content=\"image\/jpeg\" \/>\n<meta name=\"twitter:card\" content=\"summary_large_image\" \/>\n<meta name=\"twitter:label1\" content=\"Dur\u00e9e de lecture estim\u00e9e\" \/>\n\t<meta name=\"twitter:data1\" content=\"3 minutes\" \/>\n<script type=\"application\/ld+json\" class=\"yoast-schema-graph\">{\"@context\":\"https:\\\/\\\/schema.org\",\"@graph\":[{\"@type\":\"WebPage\",\"@id\":\"https:\\\/\\\/mariellabgreen.com\\\/fr\\\/durabilite\\\/\",\"url\":\"https:\\\/\\\/mariellabgreen.com\\\/fr\\\/durabilite\\\/\",\"name\":\"Durabilit\u00e9 | Mariella B.Green\",\"isPartOf\":{\"@id\":\"https:\\\/\\\/mariellabgreen.com\\\/fr\\\/#website\"},\"primaryImageOfPage\":{\"@id\":\"https:\\\/\\\/mariellabgreen.com\\\/fr\\\/durabilite\\\/#primaryimage\"},\"image\":{\"@id\":\"https:\\\/\\\/mariellabgreen.com\\\/fr\\\/durabilite\\\/#primaryimage\"},\"thumbnailUrl\":\"https:\\\/\\\/mariellabgreen.com\\\/wp-content\\\/uploads\\\/2022\\\/10\\\/slider_sostenibilita.jpg\",\"datePublished\":\"2025-02-18T23:32:31+00:00\",\"dateModified\":\"2025-02-19T23:51:22+00:00\",\"description\":\"Plastic recovered from the oceans is reborn and dives back thanks to Mariella B Green swimwear. The fabric of all our garments is made from Econyl\u00ae thread, a high quality nylon produced in Italy.\",\"breadcrumb\":{\"@id\":\"https:\\\/\\\/mariellabgreen.com\\\/fr\\\/durabilite\\\/#breadcrumb\"},\"inLanguage\":\"fr-FR\",\"potentialAction\":[{\"@type\":\"ReadAction\",\"target\":[\"https:\\\/\\\/mariellabgreen.com\\\/fr\\\/durabilite\\\/\"]}]},{\"@type\":\"ImageObject\",\"inLanguage\":\"fr-FR\",\"@id\":\"https:\\\/\\\/mariellabgreen.com\\\/fr\\\/durabilite\\\/#primaryimage\",\"url\":\"https:\\\/\\\/mariellabgreen.com\\\/wp-content\\\/uploads\\\/2022\\\/10\\\/slider_sostenibilita.jpg\",\"contentUrl\":\"https:\\\/\\\/mariellabgreen.com\\\/wp-content\\\/uploads\\\/2022\\\/10\\\/slider_sostenibilita.jpg\",\"width\":1600,\"height\":700,\"caption\":\"Sostenibilit\u00e0\"},{\"@type\":\"BreadcrumbList\",\"@id\":\"https:\\\/\\\/mariellabgreen.com\\\/fr\\\/durabilite\\\/#breadcrumb\",\"itemListElement\":[{\"@type\":\"ListItem\",\"position\":1,\"name\":\"Home\",\"item\":\"https:\\\/\\\/mariellabgreen.com\\\/fr\\\/\"},{\"@type\":\"ListItem\",\"position\":2,\"name\":\"Durabilit\u00e9\"}]},{\"@type\":\"WebSite\",\"@id\":\"https:\\\/\\\/mariellabgreen.com\\\/fr\\\/#website\",\"url\":\"https:\\\/\\\/mariellabgreen.com\\\/fr\\\/\",\"name\":\"Mariella B.Green\",\"description\":\"Swimwear\",\"publisher\":{\"@id\":\"https:\\\/\\\/mariellabgreen.com\\\/fr\\\/#organization\"},\"potentialAction\":[{\"@type\":\"SearchAction\",\"target\":{\"@type\":\"EntryPoint\",\"urlTemplate\":\"https:\\\/\\\/mariellabgreen.com\\\/fr\\\/?s={search_term_string}\"},\"query-input\":{\"@type\":\"PropertyValueSpecification\",\"valueRequired\":true,\"valueName\":\"search_term_string\"}}],\"inLanguage\":\"fr-FR\"},{\"@type\":\"Organization\",\"@id\":\"https:\\\/\\\/mariellabgreen.com\\\/fr\\\/#organization\",\"name\":\"Mariella B.Green\",\"url\":\"https:\\\/\\\/mariellabgreen.com\\\/fr\\\/\",\"logo\":{\"@type\":\"ImageObject\",\"inLanguage\":\"fr-FR\",\"@id\":\"https:\\\/\\\/mariellabgreen.com\\\/fr\\\/#\\\/schema\\\/logo\\\/image\\\/\",\"url\":\"https:\\\/\\\/mariellabgreen.com\\\/wp-content\\\/uploads\\\/2023\\\/04\\\/logo-mariella-bgreen-square.jpg\",\"contentUrl\":\"https:\\\/\\\/mariellabgreen.com\\\/wp-content\\\/uploads\\\/2023\\\/04\\\/logo-mariella-bgreen-square.jpg\",\"width\":441,\"height\":441,\"caption\":\"Mariella B.Green\"},\"image\":{\"@id\":\"https:\\\/\\\/mariellabgreen.com\\\/fr\\\/#\\\/schema\\\/logo\\\/image\\\/\"}}]}<\/script>\n<!-- \/ Yoast SEO plugin. -->","yoast_head_json":{"title":"Durabilit\u00e9 | Mariella B.Green","description":"Plastic recovered from the oceans is reborn and dives back thanks to Mariella B Green swimwear. The fabric of all our garments is made from Econyl\u00ae thread, a high quality nylon produced in Italy.","robots":{"index":"index","follow":"follow","max-snippet":"max-snippet:-1","max-image-preview":"max-image-preview:large","max-video-preview":"max-video-preview:-1"},"canonical":"https:\/\/mariellabgreen.com\/fr\/durabilite\/","og_locale":"fr_FR","og_type":"article","og_title":"Durabilit\u00e9 | Mariella B.Green","og_description":"Plastic recovered from the oceans is reborn and dives back thanks to Mariella B Green swimwear. The fabric of all our garments is made from Econyl\u00ae thread, a high quality nylon produced in Italy.","og_url":"https:\/\/mariellabgreen.com\/fr\/durabilite\/","og_site_name":"Mariella B.Green","article_modified_time":"2025-02-19T23:51:22+00:00","og_image":[{"width":1600,"height":700,"url":"https:\/\/mariellabgreen.com\/wp-content\/uploads\/2022\/10\/slider_sostenibilita.jpg","type":"image\/jpeg"}],"twitter_card":"summary_large_image","twitter_misc":{"Dur\u00e9e de lecture estim\u00e9e":"3 minutes"},"schema":{"@context":"https:\/\/schema.org","@graph":[{"@type":"WebPage","@id":"https:\/\/mariellabgreen.com\/fr\/durabilite\/","url":"https:\/\/mariellabgreen.com\/fr\/durabilite\/","name":"Durabilit\u00e9 | Mariella B.Green","isPartOf":{"@id":"https:\/\/mariellabgreen.com\/fr\/#website"},"primaryImageOfPage":{"@id":"https:\/\/mariellabgreen.com\/fr\/durabilite\/#primaryimage"},"image":{"@id":"https:\/\/mariellabgreen.com\/fr\/durabilite\/#primaryimage"},"thumbnailUrl":"https:\/\/mariellabgreen.com\/wp-content\/uploads\/2022\/10\/slider_sostenibilita.jpg","datePublished":"2025-02-18T23:32:31+00:00","dateModified":"2025-02-19T23:51:22+00:00","description":"Plastic recovered from the oceans is reborn and dives back thanks to Mariella B Green swimwear. The fabric of all our garments is made from Econyl\u00ae thread, a high quality nylon produced in Italy.","breadcrumb":{"@id":"https:\/\/mariellabgreen.com\/fr\/durabilite\/#breadcrumb"},"inLanguage":"fr-FR","potentialAction":[{"@type":"ReadAction","target":["https:\/\/mariellabgreen.com\/fr\/durabilite\/"]}]},{"@type":"ImageObject","inLanguage":"fr-FR","@id":"https:\/\/mariellabgreen.com\/fr\/durabilite\/#primaryimage","url":"https:\/\/mariellabgreen.com\/wp-content\/uploads\/2022\/10\/slider_sostenibilita.jpg","contentUrl":"https:\/\/mariellabgreen.com\/wp-content\/uploads\/2022\/10\/slider_sostenibilita.jpg","width":1600,"height":700,"caption":"Sostenibilit\u00e0"},{"@type":"BreadcrumbList","@id":"https:\/\/mariellabgreen.com\/fr\/durabilite\/#breadcrumb","itemListElement":[{"@type":"ListItem","position":1,"name":"Home","item":"https:\/\/mariellabgreen.com\/fr\/"},{"@type":"ListItem","position":2,"name":"Durabilit\u00e9"}]},{"@type":"WebSite","@id":"https:\/\/mariellabgreen.com\/fr\/#website","url":"https:\/\/mariellabgreen.com\/fr\/","name":"Mariella B.Green","description":"Swimwear","publisher":{"@id":"https:\/\/mariellabgreen.com\/fr\/#organization"},"potentialAction":[{"@type":"SearchAction","target":{"@type":"EntryPoint","urlTemplate":"https:\/\/mariellabgreen.com\/fr\/?s={search_term_string}"},"query-input":{"@type":"PropertyValueSpecification","valueRequired":true,"valueName":"search_term_string"}}],"inLanguage":"fr-FR"},{"@type":"Organization","@id":"https:\/\/mariellabgreen.com\/fr\/#organization","name":"Mariella B.Green","url":"https:\/\/mariellabgreen.com\/fr\/","logo":{"@type":"ImageObject","inLanguage":"fr-FR","@id":"https:\/\/mariellabgreen.com\/fr\/#\/schema\/logo\/image\/","url":"https:\/\/mariellabgreen.com\/wp-content\/uploads\/2023\/04\/logo-mariella-bgreen-square.jpg","contentUrl":"https:\/\/mariellabgreen.com\/wp-content\/uploads\/2023\/04\/logo-mariella-bgreen-square.jpg","width":441,"height":441,"caption":"Mariella B.Green"},"image":{"@id":"https:\/\/mariellabgreen.com\/fr\/#\/schema\/logo\/image\/"}}]}},"_links":{"self":[{"href":"https:\/\/mariellabgreen.com\/fr\/wp-json\/wp\/v2\/pages\/4149","targetHints":{"allow":["GET"]}}],"collection":[{"href":"https:\/\/mariellabgreen.com\/fr\/wp-json\/wp\/v2\/pages"}],"about":[{"href":"https:\/\/mariellabgreen.com\/fr\/wp-json\/wp\/v2\/types\/page"}],"author":[{"embeddable":true,"href":"https:\/\/mariellabgreen.com\/fr\/wp-json\/wp\/v2\/users\/1"}],"replies":[{"embeddable":true,"href":"https:\/\/mariellabgreen.com\/fr\/wp-json\/wp\/v2\/comments?post=4149"}],"version-history":[{"count":3,"href":"https:\/\/mariellabgreen.com\/fr\/wp-json\/wp\/v2\/pages\/4149\/revisions"}],"predecessor-version":[{"id":4157,"href":"https:\/\/mariellabgreen.com\/fr\/wp-json\/wp\/v2\/pages\/4149\/revisions\/4157"}],"wp:featuredmedia":[{"embeddable":true,"href":"https:\/\/mariellabgreen.com\/fr\/wp-json\/wp\/v2\/media\/1417"}],"wp:attachment":[{"href":"https:\/\/mariellabgreen.com\/fr\/wp-json\/wp\/v2\/media?parent=4149"}],"curies":[{"name":"wp","href":"https:\/\/api.w.org\/{rel}","templated":true}]}}