{"id":2048,"date":"2013-08-11T19:06:15","date_gmt":"2013-08-11T17:06:15","guid":{"rendered":"https:\/\/mariellabgreen.com\/about\/"},"modified":"2025-02-19T23:07:37","modified_gmt":"2025-02-19T22:07:37","slug":"a-propos","status":"publish","type":"page","link":"https:\/\/mariellabgreen.com\/fr\/a-propos\/","title":{"rendered":"\u00c0 propos"},"content":{"rendered":"\n  <div class=\"banner has-hover hide-for-medium has-parallax\" id=\"banner-80707113\">\n          <div class=\"banner-inner fill\">\n        <div class=\"banner-bg fill\" data-parallax=\"-3\" data-parallax-container=\".banner\" data-parallax-background>\n            <img decoding=\"async\" width=\"1920\" height=\"920\" src=\"https:\/\/mariellabgreen.com\/wp-content\/uploads\/2024\/12\/MariellaBGreen-Homepage-Images-About-min.jpg\" class=\"bg attachment-original size-original\" alt=\"\" \/>                                    \n                    <\/div>\n\t\t\n        <div class=\"banner-layers container\">\n            <div class=\"fill banner-link\"><\/div>            \n        <\/div>\n      <\/div>\n\n              <div class=\"height-fix is-invisible\"><img decoding=\"async\" width=\"1920\" height=\"920\" src=\"https:\/\/mariellabgreen.com\/wp-content\/uploads\/2024\/12\/MariellaBGreen-Homepage-Images-About-min.jpg\" class=\"attachment-original size-original\" alt=\"\" srcset=\"https:\/\/mariellabgreen.com\/wp-content\/uploads\/2024\/12\/MariellaBGreen-Homepage-Images-About-min.jpg 1920w, https:\/\/mariellabgreen.com\/wp-content\/uploads\/2024\/12\/MariellaBGreen-Homepage-Images-About-min-800x383.jpg 800w, https:\/\/mariellabgreen.com\/wp-content\/uploads\/2024\/12\/MariellaBGreen-Homepage-Images-About-min-1400x671.jpg 1400w, https:\/\/mariellabgreen.com\/wp-content\/uploads\/2024\/12\/MariellaBGreen-Homepage-Images-About-min-768x368.jpg 768w, https:\/\/mariellabgreen.com\/wp-content\/uploads\/2024\/12\/MariellaBGreen-Homepage-Images-About-min-1536x736.jpg 1536w, https:\/\/mariellabgreen.com\/wp-content\/uploads\/2024\/12\/MariellaBGreen-Homepage-Images-About-min-300x144.jpg 300w, https:\/\/mariellabgreen.com\/wp-content\/uploads\/2024\/12\/MariellaBGreen-Homepage-Images-About-min-600x288.jpg 600w\" sizes=\"(max-width: 1920px) 100vw, 1920px\" \/><\/div>\n              <\/div>\n\n\n\n  <div class=\"banner has-hover show-for-medium\" id=\"banner-128147697\">\n          <div class=\"banner-inner fill\">\n        <div class=\"banner-bg fill\" >\n            <img decoding=\"async\" width=\"1920\" height=\"920\" src=\"https:\/\/mariellabgreen.com\/wp-content\/uploads\/2024\/12\/MariellaBGreen-Homepage-Images-About-min.jpg\" class=\"bg attachment-original size-original\" alt=\"\" \/>                                    \n                    <\/div>\n\t\t\n        <div class=\"banner-layers container\">\n            <div class=\"fill banner-link\"><\/div>            \n        <\/div>\n      <\/div>\n\n              <div class=\"height-fix is-invisible\"><img decoding=\"async\" width=\"1920\" height=\"920\" src=\"https:\/\/mariellabgreen.com\/wp-content\/uploads\/2024\/12\/MariellaBGreen-Homepage-Images-About-min.jpg\" class=\"attachment-original size-original\" alt=\"\" srcset=\"https:\/\/mariellabgreen.com\/wp-content\/uploads\/2024\/12\/MariellaBGreen-Homepage-Images-About-min.jpg 1920w, https:\/\/mariellabgreen.com\/wp-content\/uploads\/2024\/12\/MariellaBGreen-Homepage-Images-About-min-800x383.jpg 800w, https:\/\/mariellabgreen.com\/wp-content\/uploads\/2024\/12\/MariellaBGreen-Homepage-Images-About-min-1400x671.jpg 1400w, https:\/\/mariellabgreen.com\/wp-content\/uploads\/2024\/12\/MariellaBGreen-Homepage-Images-About-min-768x368.jpg 768w, https:\/\/mariellabgreen.com\/wp-content\/uploads\/2024\/12\/MariellaBGreen-Homepage-Images-About-min-1536x736.jpg 1536w, https:\/\/mariellabgreen.com\/wp-content\/uploads\/2024\/12\/MariellaBGreen-Homepage-Images-About-min-300x144.jpg 300w, https:\/\/mariellabgreen.com\/wp-content\/uploads\/2024\/12\/MariellaBGreen-Homepage-Images-About-min-600x288.jpg 600w\" sizes=\"(max-width: 1920px) 100vw, 1920px\" \/><\/div>\n              <\/div>\n\n\n\n\t<section class=\"section mb\" id=\"section_2101083277\">\n\t\t<div class=\"section-bg fill\" >\n\t\t\t\t\t\t\t\t\t\n\t\t\t\n\n\t\t<\/div>\n\n\t\t\n\n\t\t<div class=\"section-content relative\">\n\t\t\t\n<div class=\"row align-middle align-center\"  id=\"row-761686096\">\n\n\t<div id=\"col-402091259\" class=\"col small-12 large-12\"  >\n\t\t\t\t<div class=\"col-inner text-center\"  >\n\t\t\t\n\t\t\t\n\t<div id=\"text-3974352682\" class=\"text\">\n\t\t\n<h5><span class=\"txt-160\">NOTRE HISTOIRE<\/span><\/h5>\n<p>Fond\u00e9e en 2022, Mariella B. Green est une jeune marque n\u00e9e d&rsquo;un moment transformateur dans la vie de sa fondatrice. Elle c\u00e9l\u00e8bre l&rsquo;authenticit\u00e9 et donne aux femmes le pouvoir d&#8217;embrasser leur corps tout en red\u00e9finissant la beaut\u00e9 selon leurs propres termes. Mariella con\u00e7oit ses pi\u00e8ces pour accompagner les transformations naturelles du corps, offrant des styles qui flattent toutes les formes et toutes les \u00e9tapes de la vie. Engag\u00e9e dans la durabilit\u00e9, la marque utilise des mat\u00e9riaux recycl\u00e9s, tels que des filets de p\u00eache r\u00e9cup\u00e9r\u00e9s, refl\u00e9tant son engagement envers l&rsquo;environnement et la qualit\u00e9 artisanale.<\/p>\n<p>Mariella B. Green est bien plus qu&rsquo;une simple mode ; c&rsquo;est un mouvement. La marque investit dans les communaut\u00e9s locales, soutient les femmes et c\u00e9l\u00e8bre le changement. Chaque couture raconte une histoire de beaut\u00e9 inclusive, o\u00f9 la qualit\u00e9 triomphe sur la quantit\u00e9. Mariella croit que m\u00eame quelques centim\u00e8tres de tissu peuvent faire une diff\u00e9rence significative, fa\u00e7onnant un avenir o\u00f9 la beaut\u00e9 est c\u00e9l\u00e9br\u00e9e sous toutes ses formes diverses.<\/p>\n<p>Malgr\u00e9 ses d\u00e9buts r\u00e9cents, Mariella B. Green a connu une croissance rapide et est d\u00e9sormais vendue dans des pays tels que l&rsquo;Italie, la Gr\u00e8ce, l&rsquo;Espagne, Duba\u00ef et le Royaume-Uni. Elle a \u00e9galement \u00e9t\u00e9 pr\u00e9sent\u00e9e dans des magazines prestigieux tels que Vogue, Elle et Harper\u2019s Bazaar, poursuivant sa mission de cr\u00e9er des maillots de bain et des accessoires polyvalents et durables pour chaque saison.<\/p>\n\t\t\n<style>\n#text-3974352682 {\n  text-align: center;\n}\n<\/style>\n\t<\/div>\n\t\n\t\t<\/div>\n\t\t\t\t\n<style>\n#col-402091259 > .col-inner {\n  padding: 45px 0px 0px 0px;\n}\n<\/style>\n\t<\/div>\n\n\t\n<\/div>\n\t\t<\/div>\n\n\t\t\n<style>\n#section_2101083277 {\n  padding-top: 0px;\n  padding-bottom: 0px;\n}\n<\/style>\n\t<\/section>\n\t\n","protected":false},"excerpt":{"rendered":"","protected":false},"author":1,"featured_media":1467,"parent":0,"menu_order":0,"comment_status":"closed","ping_status":"closed","template":"page-blank.php","meta":{"footnotes":""},"class_list":["post-2048","page","type-page","status-publish","has-post-thumbnail","hentry"],"yoast_head":"<!-- This site is optimized with the Yoast SEO plugin v27.3 - https:\/\/yoast.com\/product\/yoast-seo-wordpress\/ -->\n<title>\u00c0 propos | Mariella B.Green<\/title>\n<meta name=\"description\" content=\"This is the story of a professional challenge made of love for the sea and social commitment.The brand Mariella B. Green was born from a turning point in her founder\u2019s life in response to a need for change, transformation and empowerment.\" \/>\n<meta name=\"robots\" content=\"index, follow, max-snippet:-1, max-image-preview:large, max-video-preview:-1\" \/>\n<link rel=\"canonical\" href=\"https:\/\/mariellabgreen.com\/fr\/a-propos\/\" \/>\n<meta property=\"og:locale\" content=\"fr_FR\" \/>\n<meta property=\"og:type\" content=\"article\" \/>\n<meta property=\"og:title\" content=\"\u00c0 propos | Mariella B.Green\" \/>\n<meta property=\"og:description\" content=\"This is the story of a professional challenge made of love for the sea and social commitment.The brand Mariella B. Green was born from a turning point in her founder\u2019s life in response to a need for change, transformation and empowerment.\" \/>\n<meta property=\"og:url\" content=\"https:\/\/mariellabgreen.com\/fr\/a-propos\/\" \/>\n<meta property=\"og:site_name\" content=\"Mariella B.Green\" \/>\n<meta property=\"article:modified_time\" content=\"2025-02-19T22:07:37+00:00\" \/>\n<meta property=\"og:image\" content=\"https:\/\/mariellabgreen.com\/wp-content\/uploads\/2023\/03\/img-mariella.jpg\" \/>\n\t<meta property=\"og:image:width\" content=\"1600\" \/>\n\t<meta property=\"og:image:height\" content=\"700\" \/>\n\t<meta property=\"og:image:type\" content=\"image\/jpeg\" \/>\n<meta name=\"twitter:card\" content=\"summary_large_image\" \/>\n<meta name=\"twitter:label1\" content=\"Dur\u00e9e de lecture estim\u00e9e\" \/>\n\t<meta name=\"twitter:data1\" content=\"8 minutes\" \/>\n<script type=\"application\/ld+json\" class=\"yoast-schema-graph\">{\"@context\":\"https:\\\/\\\/schema.org\",\"@graph\":[{\"@type\":\"WebPage\",\"@id\":\"https:\\\/\\\/mariellabgreen.com\\\/fr\\\/a-propos\\\/\",\"url\":\"https:\\\/\\\/mariellabgreen.com\\\/fr\\\/a-propos\\\/\",\"name\":\"\u00c0 propos | Mariella B.Green\",\"isPartOf\":{\"@id\":\"https:\\\/\\\/mariellabgreen.com\\\/fr\\\/#website\"},\"primaryImageOfPage\":{\"@id\":\"https:\\\/\\\/mariellabgreen.com\\\/fr\\\/a-propos\\\/#primaryimage\"},\"image\":{\"@id\":\"https:\\\/\\\/mariellabgreen.com\\\/fr\\\/a-propos\\\/#primaryimage\"},\"thumbnailUrl\":\"https:\\\/\\\/mariellabgreen.com\\\/wp-content\\\/uploads\\\/2023\\\/03\\\/img-mariella.jpg\",\"datePublished\":\"2013-08-11T17:06:15+00:00\",\"dateModified\":\"2025-02-19T22:07:37+00:00\",\"description\":\"This is the story of a professional challenge made of love for the sea and social commitment.The brand Mariella B. Green was born from a turning point in her founder\u2019s life in response to a need for change, transformation and empowerment.\",\"breadcrumb\":{\"@id\":\"https:\\\/\\\/mariellabgreen.com\\\/fr\\\/a-propos\\\/#breadcrumb\"},\"inLanguage\":\"fr-FR\",\"potentialAction\":[{\"@type\":\"ReadAction\",\"target\":[\"https:\\\/\\\/mariellabgreen.com\\\/fr\\\/a-propos\\\/\"]}]},{\"@type\":\"ImageObject\",\"inLanguage\":\"fr-FR\",\"@id\":\"https:\\\/\\\/mariellabgreen.com\\\/fr\\\/a-propos\\\/#primaryimage\",\"url\":\"https:\\\/\\\/mariellabgreen.com\\\/wp-content\\\/uploads\\\/2023\\\/03\\\/img-mariella.jpg\",\"contentUrl\":\"https:\\\/\\\/mariellabgreen.com\\\/wp-content\\\/uploads\\\/2023\\\/03\\\/img-mariella.jpg\",\"width\":1600,\"height\":700,\"caption\":\"Mariella B.GREEN\"},{\"@type\":\"BreadcrumbList\",\"@id\":\"https:\\\/\\\/mariellabgreen.com\\\/fr\\\/a-propos\\\/#breadcrumb\",\"itemListElement\":[{\"@type\":\"ListItem\",\"position\":1,\"name\":\"Home\",\"item\":\"https:\\\/\\\/mariellabgreen.com\\\/fr\\\/\"},{\"@type\":\"ListItem\",\"position\":2,\"name\":\"\u00c0 propos\"}]},{\"@type\":\"WebSite\",\"@id\":\"https:\\\/\\\/mariellabgreen.com\\\/fr\\\/#website\",\"url\":\"https:\\\/\\\/mariellabgreen.com\\\/fr\\\/\",\"name\":\"Mariella B.Green\",\"description\":\"Swimwear\",\"publisher\":{\"@id\":\"https:\\\/\\\/mariellabgreen.com\\\/fr\\\/#organization\"},\"potentialAction\":[{\"@type\":\"SearchAction\",\"target\":{\"@type\":\"EntryPoint\",\"urlTemplate\":\"https:\\\/\\\/mariellabgreen.com\\\/fr\\\/?s={search_term_string}\"},\"query-input\":{\"@type\":\"PropertyValueSpecification\",\"valueRequired\":true,\"valueName\":\"search_term_string\"}}],\"inLanguage\":\"fr-FR\"},{\"@type\":\"Organization\",\"@id\":\"https:\\\/\\\/mariellabgreen.com\\\/fr\\\/#organization\",\"name\":\"Mariella B.Green\",\"url\":\"https:\\\/\\\/mariellabgreen.com\\\/fr\\\/\",\"logo\":{\"@type\":\"ImageObject\",\"inLanguage\":\"fr-FR\",\"@id\":\"https:\\\/\\\/mariellabgreen.com\\\/fr\\\/#\\\/schema\\\/logo\\\/image\\\/\",\"url\":\"https:\\\/\\\/mariellabgreen.com\\\/wp-content\\\/uploads\\\/2023\\\/04\\\/logo-mariella-bgreen-square.jpg\",\"contentUrl\":\"https:\\\/\\\/mariellabgreen.com\\\/wp-content\\\/uploads\\\/2023\\\/04\\\/logo-mariella-bgreen-square.jpg\",\"width\":441,\"height\":441,\"caption\":\"Mariella B.Green\"},\"image\":{\"@id\":\"https:\\\/\\\/mariellabgreen.com\\\/fr\\\/#\\\/schema\\\/logo\\\/image\\\/\"}}]}<\/script>\n<!-- \/ Yoast SEO plugin. -->","yoast_head_json":{"title":"\u00c0 propos | Mariella B.Green","description":"This is the story of a professional challenge made of love for the sea and social commitment.The brand Mariella B. Green was born from a turning point in her founder\u2019s life in response to a need for change, transformation and empowerment.","robots":{"index":"index","follow":"follow","max-snippet":"max-snippet:-1","max-image-preview":"max-image-preview:large","max-video-preview":"max-video-preview:-1"},"canonical":"https:\/\/mariellabgreen.com\/fr\/a-propos\/","og_locale":"fr_FR","og_type":"article","og_title":"\u00c0 propos | Mariella B.Green","og_description":"This is the story of a professional challenge made of love for the sea and social commitment.The brand Mariella B. Green was born from a turning point in her founder\u2019s life in response to a need for change, transformation and empowerment.","og_url":"https:\/\/mariellabgreen.com\/fr\/a-propos\/","og_site_name":"Mariella B.Green","article_modified_time":"2025-02-19T22:07:37+00:00","og_image":[{"width":1600,"height":700,"url":"https:\/\/mariellabgreen.com\/wp-content\/uploads\/2023\/03\/img-mariella.jpg","type":"image\/jpeg"}],"twitter_card":"summary_large_image","twitter_misc":{"Dur\u00e9e de lecture estim\u00e9e":"8 minutes"},"schema":{"@context":"https:\/\/schema.org","@graph":[{"@type":"WebPage","@id":"https:\/\/mariellabgreen.com\/fr\/a-propos\/","url":"https:\/\/mariellabgreen.com\/fr\/a-propos\/","name":"\u00c0 propos | Mariella B.Green","isPartOf":{"@id":"https:\/\/mariellabgreen.com\/fr\/#website"},"primaryImageOfPage":{"@id":"https:\/\/mariellabgreen.com\/fr\/a-propos\/#primaryimage"},"image":{"@id":"https:\/\/mariellabgreen.com\/fr\/a-propos\/#primaryimage"},"thumbnailUrl":"https:\/\/mariellabgreen.com\/wp-content\/uploads\/2023\/03\/img-mariella.jpg","datePublished":"2013-08-11T17:06:15+00:00","dateModified":"2025-02-19T22:07:37+00:00","description":"This is the story of a professional challenge made of love for the sea and social commitment.The brand Mariella B. Green was born from a turning point in her founder\u2019s life in response to a need for change, transformation and empowerment.","breadcrumb":{"@id":"https:\/\/mariellabgreen.com\/fr\/a-propos\/#breadcrumb"},"inLanguage":"fr-FR","potentialAction":[{"@type":"ReadAction","target":["https:\/\/mariellabgreen.com\/fr\/a-propos\/"]}]},{"@type":"ImageObject","inLanguage":"fr-FR","@id":"https:\/\/mariellabgreen.com\/fr\/a-propos\/#primaryimage","url":"https:\/\/mariellabgreen.com\/wp-content\/uploads\/2023\/03\/img-mariella.jpg","contentUrl":"https:\/\/mariellabgreen.com\/wp-content\/uploads\/2023\/03\/img-mariella.jpg","width":1600,"height":700,"caption":"Mariella B.GREEN"},{"@type":"BreadcrumbList","@id":"https:\/\/mariellabgreen.com\/fr\/a-propos\/#breadcrumb","itemListElement":[{"@type":"ListItem","position":1,"name":"Home","item":"https:\/\/mariellabgreen.com\/fr\/"},{"@type":"ListItem","position":2,"name":"\u00c0 propos"}]},{"@type":"WebSite","@id":"https:\/\/mariellabgreen.com\/fr\/#website","url":"https:\/\/mariellabgreen.com\/fr\/","name":"Mariella B.Green","description":"Swimwear","publisher":{"@id":"https:\/\/mariellabgreen.com\/fr\/#organization"},"potentialAction":[{"@type":"SearchAction","target":{"@type":"EntryPoint","urlTemplate":"https:\/\/mariellabgreen.com\/fr\/?s={search_term_string}"},"query-input":{"@type":"PropertyValueSpecification","valueRequired":true,"valueName":"search_term_string"}}],"inLanguage":"fr-FR"},{"@type":"Organization","@id":"https:\/\/mariellabgreen.com\/fr\/#organization","name":"Mariella B.Green","url":"https:\/\/mariellabgreen.com\/fr\/","logo":{"@type":"ImageObject","inLanguage":"fr-FR","@id":"https:\/\/mariellabgreen.com\/fr\/#\/schema\/logo\/image\/","url":"https:\/\/mariellabgreen.com\/wp-content\/uploads\/2023\/04\/logo-mariella-bgreen-square.jpg","contentUrl":"https:\/\/mariellabgreen.com\/wp-content\/uploads\/2023\/04\/logo-mariella-bgreen-square.jpg","width":441,"height":441,"caption":"Mariella B.Green"},"image":{"@id":"https:\/\/mariellabgreen.com\/fr\/#\/schema\/logo\/image\/"}}]}},"_links":{"self":[{"href":"https:\/\/mariellabgreen.com\/fr\/wp-json\/wp\/v2\/pages\/2048","targetHints":{"allow":["GET"]}}],"collection":[{"href":"https:\/\/mariellabgreen.com\/fr\/wp-json\/wp\/v2\/pages"}],"about":[{"href":"https:\/\/mariellabgreen.com\/fr\/wp-json\/wp\/v2\/types\/page"}],"author":[{"embeddable":true,"href":"https:\/\/mariellabgreen.com\/fr\/wp-json\/wp\/v2\/users\/1"}],"replies":[{"embeddable":true,"href":"https:\/\/mariellabgreen.com\/fr\/wp-json\/wp\/v2\/comments?post=2048"}],"version-history":[{"count":14,"href":"https:\/\/mariellabgreen.com\/fr\/wp-json\/wp\/v2\/pages\/2048\/revisions"}],"predecessor-version":[{"id":4134,"href":"https:\/\/mariellabgreen.com\/fr\/wp-json\/wp\/v2\/pages\/2048\/revisions\/4134"}],"wp:featuredmedia":[{"embeddable":true,"href":"https:\/\/mariellabgreen.com\/fr\/wp-json\/wp\/v2\/media\/1467"}],"wp:attachment":[{"href":"https:\/\/mariellabgreen.com\/fr\/wp-json\/wp\/v2\/media?parent=2048"}],"curies":[{"name":"wp","href":"https:\/\/api.w.org\/{rel}","templated":true}]}}